{"id":1001,"date":"2023-12-21T22:20:24","date_gmt":"2023-12-21T21:20:24","guid":{"rendered":"https:\/\/i-workspace.ovh\/?page_id=1001"},"modified":"2023-12-28T08:54:36","modified_gmt":"2023-12-28T07:54:36","slug":"drc","status":"publish","type":"page","link":"https:\/\/intenz.fr\/index.php\/drc\/","title":{"rendered":"DRC"},"content":{"rendered":"\t\t<div data-elementor-type=\"wp-page\" data-elementor-id=\"1001\" class=\"elementor elementor-1001\">\n\t\t\t\t<div class=\"elementor-element elementor-element-b491341 e-flex e-con-boxed e-con e-parent\" data-id=\"b491341\" data-element_type=\"container\">\n\t\t\t\t\t<div class=\"e-con-inner\">\n\t\t\t\t<div class=\"elementor-element elementor-element-d54d770 elementor-widget elementor-widget-heading\" data-id=\"d54d770\" data-element_type=\"widget\" data-widget_type=\"heading.default\">\n\t\t\t\t<div class=\"elementor-widget-container\">\n\t\t\t\t\t<h2 class=\"elementor-heading-title elementor-size-default\">Document Reporting Compliance : Optimisez Votre Conformit\u00e9 Documentaire<\/h2>\t\t\t\t<\/div>\n\t\t\t\t<\/div>\n\t\t\t\t\t<\/div>\n\t\t\t\t<\/div>\n\t\t<div class=\"elementor-element elementor-element-8d207f7 e-flex e-con-boxed e-con e-parent\" data-id=\"8d207f7\" data-element_type=\"container\">\n\t\t\t\t\t<div class=\"e-con-inner\">\n\t\t\t\t<div class=\"elementor-element elementor-element-1dd9299 elementor-widget elementor-widget-text-editor\" data-id=\"1dd9299\" data-element_type=\"widget\" data-widget_type=\"text-editor.default\">\n\t\t\t\t<div class=\"elementor-widget-container\">\n\t\t\t\t\t\t\t\t\t<p>L\u2019outil DRC (Document Reporting Compliance) dans SAP permet \u00e0 votre entreprise de r\u00e9pondre aux besoins de conformit\u00e9s locales, par l\u2019\u00e9mission des documents \u00e9lectroniques, des rapports statutaires ainsi que l\u2019automatisation des processus de conformit\u00e9 au niveau international. La solution fournit un all\u00e8gement r\u00e9glementaire en tant que service en surveillant les changements juridiques et en apportant des solutions de mises \u00e0 jour qui vous permettent de r\u00e9pondre rapidement aux \u00e9volutions des r\u00e9glementations telles que les taxes sur les emballages plastiques.<\/p><p>De nombreuses entreprises mondiales effectuant une transformation num\u00e9rique avec S\/4HANA souhaiteraient \u00e9galement d\u00e9finir dans leurs strat\u00e9gies une approche globale pour le reporting et la facturation \u00e9lectronique (documents \u00e9lectroniques, eDocument\/eDocs dans SAP, e-Reporting). Cette approche est n\u00e9cessaire pour disposer d&rsquo;une solution durable et \u00e9volutive au lieu de multiples int\u00e9grations avec diff\u00e9rents outils et fournisseurs. La facturation \u00e9lectronique est l&rsquo;un des composants de SAP Document and Report Compliance (DRC) ainsi que du reporting statutaire.<\/p><p>DRC couvre les mandats de facturation \u00e9lectronique dans 35 pays \u00e0 travers le monde. SAP collabore avec des experts en l\u00e9gislation locale pour mettre \u00e0 jour la solution avec les derni\u00e8res modifications en temps opportun et \u00e9tendre le nombre de pays pris en charge. Cette solution est en cours d\u2019adaptation pour la France afin de couvrir l\u2019obligation r\u00e8glementaire de d\u00e9mat\u00e9rialisation de facture, repouss\u00e9e pour 2026. SAP DRC se positionne dans ce contexte comme un Op\u00e9rateur de D\u00e9mat\u00e9rialisation<\/p>\t\t\t\t\t\t\t\t<\/div>\n\t\t\t\t<\/div>\n\t\t\t\t\t<\/div>\n\t\t\t\t<\/div>\n\t\t<div class=\"elementor-element elementor-element-bd8cd7b e-flex e-con-boxed e-con e-parent\" data-id=\"bd8cd7b\" data-element_type=\"container\">\n\t\t\t\t\t<div class=\"e-con-inner\">\n\t\t\t\t<div class=\"elementor-element elementor-element-54bb5ef elementor-widget elementor-widget-image\" data-id=\"54bb5ef\" data-element_type=\"widget\" data-widget_type=\"image.default\">\n\t\t\t\t<div class=\"elementor-widget-container\">\n\t\t\t\t\t\t\t\t\t\t\t\t\t\t\t<img fetchpriority=\"high\" decoding=\"async\" width=\"1372\" height=\"767\" src=\"https:\/\/intenz.fr\/wp-content\/uploads\/2023\/12\/DRC_File_1.png\" class=\"attachment-full size-full wp-image-1007\" alt=\"\" srcset=\"https:\/\/intenz.fr\/wp-content\/uploads\/2023\/12\/DRC_File_1.png 1372w, https:\/\/intenz.fr\/wp-content\/uploads\/2023\/12\/DRC_File_1-300x168.png 300w, https:\/\/intenz.fr\/wp-content\/uploads\/2023\/12\/DRC_File_1-1024x572.png 1024w, https:\/\/intenz.fr\/wp-content\/uploads\/2023\/12\/DRC_File_1-768x429.png 768w\" sizes=\"(max-width: 1372px) 100vw, 1372px\" \/>\t\t\t\t\t\t\t\t\t\t\t\t\t\t\t<\/div>\n\t\t\t\t<\/div>\n\t\t\t\t\t<\/div>\n\t\t\t\t<\/div>\n\t\t<div class=\"elementor-element elementor-element-698265e e-flex e-con-boxed e-con e-parent\" data-id=\"698265e\" data-element_type=\"container\">\n\t\t\t\t\t<div class=\"e-con-inner\">\n\t\t\t\t<div class=\"elementor-element elementor-element-b0d63ae elementor-widget elementor-widget-text-editor\" data-id=\"b0d63ae\" data-element_type=\"widget\" data-widget_type=\"text-editor.default\">\n\t\t\t\t<div class=\"elementor-widget-container\">\n\t\t\t\t\t\t\t\t\t<p>Les d\u00e9lais de mise en oeuvre pour chaque pays sont diff\u00e9rents en fonction de la complexit\u00e9 des lois locales. Par exemple, SAP inclut dans ses pr\u00e9sentations de facturation \u00e9lectronique sp\u00e9cifiques \u00e0 chaque pays des d\u00e9lais typiques :<\/p><ul><li style=\"list-style-type: none;\"><ul><li style=\"list-style-type: none;\"><ul><li style=\"list-style-type: none;\"><ul><li style=\"font-weight: 400;\">6 mois pour les mandats de facturation \u00e9lectronique avec des formats locaux uniques comme l&rsquo;Italie,<\/li><li style=\"font-weight: 400;\">1,5 \u00e0 3 mois pour la facturation \u00e9lectronique dans les pays du r\u00e9seau Peppol comme l&rsquo;Allemagne et la Belgique<\/li><\/ul><\/li><\/ul><\/li><\/ul><\/li><\/ul>\t\t\t\t\t\t\t\t<\/div>\n\t\t\t\t<\/div>\n\t\t\t\t<div class=\"elementor-element elementor-element-aea48fe elementor-widget elementor-widget-text-editor\" data-id=\"aea48fe\" data-element_type=\"widget\" data-widget_type=\"text-editor.default\">\n\t\t\t\t<div class=\"elementor-widget-container\">\n\t\t\t\t\t\t\t\t\t<p>Ces d\u00e9lais restent approximatifs et sont donn\u00e9s pour les cas o\u00f9 SAP est d\u00e9j\u00e0 \u00e9quip\u00e9 pour le pays concern\u00e9 et o\u00f9 les composants applicatifs et cloud sont en place. Ils incluent la mise en \u0153uvre de mandats locaux, c&rsquo;est-\u00e0-dire la g\u00e9n\u00e9ration de formats de facturation \u00e9lectronique locaux uniques et conformes.<\/p><p>Les factures \u00e9lectroniques sont signal\u00e9es en temps r\u00e9el pour fournir :<\/p><ul><li style=\"list-style-type: none;\"><ul><li style=\"list-style-type: none;\"><ul><li style=\"list-style-type: none;\"><ul><li class=\"m_1092685334146560068MsoListParagraph\">contr\u00f4le continu des transactions pour les autorit\u00e9s fiscales<\/li><li class=\"m_1092685334146560068MsoListParagraph\">communication avec les partenaires commerciaux. Vous pouvez envoyer des factures de ventes \u00e0 vos clients et recevoir des factures d&rsquo;achat de vos fournisseurs via l&rsquo;administration fiscale. Cela d\u00e9pend du mandat l\u00e9gal local.<\/li><\/ul><\/li><\/ul><\/li><\/ul><\/li><\/ul>\t\t\t\t\t\t\t\t<\/div>\n\t\t\t\t<\/div>\n\t\t\t\t<div class=\"elementor-element elementor-element-e23d360 elementor-widget elementor-widget-text-editor\" data-id=\"e23d360\" data-element_type=\"widget\" data-widget_type=\"text-editor.default\">\n\t\t\t\t<div class=\"elementor-widget-container\">\n\t\t\t\t\t\t\t\t\t<p>Quelques jours seulement peuvent \u00eatre accord\u00e9s pour soumettre chaque facture \u00e9lectronique. Si le d\u00e9lai n&rsquo;est pas respect\u00e9 ou si les factures \u00e9lectroniques ne sont pas conformes, des risques de p\u00e9nalit\u00e9s et d&rsquo;audits apparaissent. Cela signifie que cette solution de facturation \u00e9lectronique doit couvrir au moins les processus courants d\u00e8s sa mise en service et que vous avez besoin d&rsquo;un plan de mise en \u0153uvre rapide.<\/p><p>DRC a une architecture \u00e0 plusieurs composants avec plusieurs mod\u00e8les de d\u00e9ploiement, o\u00f9 chaque composant et aspect a besoin d&rsquo;un support :<\/p><ul><li style=\"list-style-type: none;\"><ul><li style=\"list-style-type: none;\"><ul><li style=\"list-style-type: none;\"><ul><li class=\"m_1092685334146560068MsoListParagraph\">SAP ERP et DRC (support des processus m\u00e9tiers pour g\u00e9n\u00e9rer les documents sources)<\/li><li class=\"m_1092685334146560068MsoListParagraph\">Int\u00e9gration (par exemple mise \u00e0 jour des certificats dans SAP Integration Suite)<\/li><li class=\"m_1092685334146560068MsoListParagraph\">erreurs renvoy\u00e9es par les autorit\u00e9s fiscales locales. Par exemple, le portail de l&rsquo;administration fiscale a valid\u00e9 votre facture \u00e9lectronique et y a identifi\u00e9 des objets interdits ou des valeurs erron\u00e9es. Exemple, la facture \u00e9lectronique contient une combinaison interdite de code TVA et de type de facture \u00e9lectronique locale ou le montant de la TVA ne correspond pas au taux en pourcentage ou aux montants bruts et nets de la TVA (une mise \u00e0 jour des param\u00e8tres de mappage ou des extensions est n\u00e9cessaire).<\/li><\/ul><\/li><\/ul><\/li><\/ul><\/li><\/ul>\t\t\t\t\t\t\t\t<\/div>\n\t\t\t\t<\/div>\n\t\t\t\t\t<\/div>\n\t\t\t\t<\/div>\n\t\t<div class=\"elementor-element elementor-element-99a60a7 e-flex e-con-boxed e-con e-parent\" data-id=\"99a60a7\" data-element_type=\"container\">\n\t\t\t\t\t<div class=\"e-con-inner\">\n\t\t\t\t<div class=\"elementor-element elementor-element-bf53c22 elementor-widget elementor-widget-image\" data-id=\"bf53c22\" data-element_type=\"widget\" data-widget_type=\"image.default\">\n\t\t\t\t<div class=\"elementor-widget-container\">\n\t\t\t\t\t\t\t\t\t\t\t\t\t\t\t<img decoding=\"async\" width=\"1024\" height=\"585\" src=\"https:\/\/intenz.fr\/wp-content\/uploads\/2023\/12\/DRC_File_2-1024x585.png\" class=\"attachment-large size-large wp-image-1018\" alt=\"\" srcset=\"https:\/\/intenz.fr\/wp-content\/uploads\/2023\/12\/DRC_File_2-1024x585.png 1024w, https:\/\/intenz.fr\/wp-content\/uploads\/2023\/12\/DRC_File_2-300x171.png 300w, https:\/\/intenz.fr\/wp-content\/uploads\/2023\/12\/DRC_File_2-768x438.png 768w, https:\/\/intenz.fr\/wp-content\/uploads\/2023\/12\/DRC_File_2.png 1396w\" sizes=\"(max-width: 1024px) 100vw, 1024px\" \/>\t\t\t\t\t\t\t\t\t\t\t\t\t\t\t<\/div>\n\t\t\t\t<\/div>\n\t\t\t\t\t<\/div>\n\t\t\t\t<\/div>\n\t\t<div class=\"elementor-element elementor-element-f13b9b5 e-flex e-con-boxed e-con e-parent\" data-id=\"f13b9b5\" data-element_type=\"container\">\n\t\t\t\t\t<div class=\"e-con-inner\">\n\t\t\t\t<div class=\"elementor-element elementor-element-de6db51 elementor-widget elementor-widget-text-editor\" data-id=\"de6db51\" data-element_type=\"widget\" data-widget_type=\"text-editor.default\">\n\t\t\t\t<div class=\"elementor-widget-container\">\n\t\t\t\t\t\t\t\t\t<p>SAP DRC vise \u00e0 r\u00e9duire le nombre de fournisseurs interm\u00e9diaires. Lorsqu&rsquo;elle est autoris\u00e9e par le mandat l\u00e9gal local, la solution DRC E2E est cens\u00e9e avoir une connexion directe entre SAP Integration Suite et les plateformes fiscales locales. Cela signifie que vous devez veiller \u00e0 l&rsquo;enregistrement des canaux de production et de test aupr\u00e8s des plateformes fiscales locales et des fournisseurs de signatures num\u00e9riques. Le processus d&rsquo;enregistrement peut prendre du temps pour remplir les formulaires requis, les signer num\u00e9riquement et obtenir l&rsquo;approbation d&rsquo;un bureau des imp\u00f4ts. Un test d&rsquo;interop\u00e9rabilit\u00e9 entre votre solution et votre plateforme fiscale via un canal de test peut \u00eatre n\u00e9cessaire dans certains pays pour passer en production.<\/p><p>La facturation \u00e9lectronique DRC b\u00e9n\u00e9ficie d&rsquo;une int\u00e9gration standard\u00a0:<\/p><ul><li style=\"list-style-type: none;\"><ul><li style=\"list-style-type: none;\"><ul><li style=\"list-style-type: none;\"><ul><li class=\"m_1092685334146560068MsoListParagraph\">Int\u00e9gration avec VIM (Vendor Invoice Management d\u2019OpenText) pour automatiser la publication des factures fournisseurs. De plus, la facturation \u00e9lectronique DRC peut \u00eatre int\u00e9gr\u00e9e \u00e0 SAP Central Invoice Management c\u00f4t\u00e9 cloud. L&rsquo;int\u00e9gration avec des solutions alternatives de gestion des factures entrantes est \u00e9galement possible.<\/li><li class=\"m_1092685334146560068MsoListParagraph\">Int\u00e9gration avec ARIBA<\/li><li class=\"m_1092685334146560068MsoListParagraph\">Int\u00e9gration avec Concur<\/li><\/ul><\/li><\/ul><\/li><\/ul><\/li><\/ul>\t\t\t\t\t\t\t\t<\/div>\n\t\t\t\t<\/div>\n\t\t\t\t<div class=\"elementor-element elementor-element-86bd0d3 elementor-widget elementor-widget-text-editor\" data-id=\"86bd0d3\" data-element_type=\"widget\" data-widget_type=\"text-editor.default\">\n\t\t\t\t<div class=\"elementor-widget-container\">\n\t\t\t\t\t\t\t\t\t<p>DRC pr\u00e9sente de nombreux avantages conviviaux, offrant des exp\u00e9riences utilisateurs et une piste d&rsquo;audit exceptionnelle. Il est enti\u00e8rement int\u00e9gr\u00e9 aux processus m\u00e9tiers. Par exemple, vous pouvez acc\u00e9der \u00e0 la facture \u00e9lectronique directement \u00e0 partir des documents sources FI\/SD\/MM. Vice versa, vous pouvez explorer le document source \u00e0 partir du cockpit eDocument. Il permet un traitement des donn\u00e9es, une surveillance, des corrections et une tra\u00e7abilit\u00e9 compl\u00e8te des donn\u00e9es en temps r\u00e9el, transparents et pr\u00e9cis, ainsi que la tra\u00e7abilit\u00e9 compl\u00e8te du cycle de vie des factures \u00e9lectroniques. Il y a de la flexibilit\u00e9 dans l&rsquo;interface utilisateur Cockpit, o\u00f9 vous pouvez ajouter certains champs avec une personnalisation et n&rsquo;importe quel champ avec une extension, etc.<\/p>\t\t\t\t\t\t\t\t<\/div>\n\t\t\t\t<\/div>\n\t\t\t\t\t<\/div>\n\t\t\t\t<\/div>\n\t\t<div class=\"elementor-element elementor-element-a83c24e e-flex e-con-boxed e-con e-parent\" data-id=\"a83c24e\" data-element_type=\"container\" data-settings=\"{&quot;background_background&quot;:&quot;classic&quot;}\">\n\t\t\t\t\t<div class=\"e-con-inner\">\n\t\t\t\t<div class=\"elementor-element elementor-element-a77fa09 elementor-widget elementor-widget-text-editor\" data-id=\"a77fa09\" data-element_type=\"widget\" data-widget_type=\"text-editor.default\">\n\t\t\t\t<div class=\"elementor-widget-container\">\n\t\t\t\t\t\t\t\t\t<p>Nous sommes convaincus par la solution et son efficacit\u00e9. InTenz est en parfaite capacit\u00e9 pour vous accompagner sur l\u2019int\u00e9gration de cette solution, mais avant tout de d\u00e9finir pr\u00e9cis\u00e9ment le p\u00e9rim\u00e8tre d\u2019action ainsi que les sp\u00e9cificit\u00e9s li\u00e9es \u00e0 votre organisation.<\/p><p>Nous savons vous accompagner pour \u00e9viter les pi\u00e8ges de la r\u00e9forme ou encore de faire les meilleurs choix d\u2019architecture pour votre syst\u00e8me d\u2019information tout en gardant l\u2019optique de l\u2019utilisation m\u00e9tier.<\/p><p>Nos exp\u00e9riences de la solution nous permettent d\u2019\u00e9viter les erreurs communes qui risqueraient d\u2019impacter l\u2019int\u00e9gration de la solution SAP DRC. D\u00e9couvrez notre offre qui vous permet une impl\u00e9mentation optimum dans la transparence des d\u00e9lais et des co\u00fbts.<\/p>\t\t\t\t\t\t\t\t<\/div>\n\t\t\t\t<\/div>\n\t\t\t\t\t<\/div>\n\t\t\t\t<\/div>\n\t\t<div class=\"elementor-element elementor-element-1d2b508 e-flex e-con-boxed e-con e-parent\" data-id=\"1d2b508\" data-element_type=\"container\">\n\t\t\t\t\t<div class=\"e-con-inner\">\n\t\t\t\t\t<\/div>\n\t\t\t\t<\/div>\n\t\t\t\t<\/div>\n\t\t","protected":false},"excerpt":{"rendered":"<p>Document Reporting Compliance : Optimisez Votre Conformit\u00e9 Documentaire L\u2019outil DRC (Document Reporting Compliance) dans SAP permet \u00e0 votre entreprise de r\u00e9pondre aux besoins de conformit\u00e9s locales, par l\u2019\u00e9mission des documents \u00e9lectroniques, des rapports statutaires ainsi que l\u2019automatisation des processus de conformit\u00e9 au niveau international. La solution fournit un all\u00e8gement r\u00e9glementaire en tant que service en&hellip;&nbsp;<a href=\"https:\/\/intenz.fr\/index.php\/drc\/\" class=\"\" rel=\"bookmark\">Lire la suite &raquo;<span class=\"screen-reader-text\">DRC<\/span><\/a><\/p>\n","protected":false},"author":1,"featured_media":0,"parent":0,"menu_order":0,"comment_status":"closed","ping_status":"closed","template":"page-templates\/template-pagebuilder-full-width.php","meta":{"neve_meta_sidebar":"","neve_meta_container":"","neve_meta_enable_content_width":"","neve_meta_content_width":0,"neve_meta_title_alignment":"","neve_meta_author_avatar":"","neve_post_elements_order":"","neve_meta_disable_header":"","neve_meta_disable_footer":"","neve_meta_disable_title":"","footnotes":""},"class_list":["post-1001","page","type-page","status-publish","hentry"],"yoast_head":"<!-- This site is optimized with the Yoast SEO plugin v24.1 - https:\/\/yoast.com\/wordpress\/plugins\/seo\/ -->\n<title>DRC - InTenz<\/title>\n<meta name=\"robots\" content=\"index, follow, max-snippet:-1, max-image-preview:large, max-video-preview:-1\" \/>\n<link rel=\"canonical\" href=\"https:\/\/intenz.fr\/index.php\/drc\/\" \/>\n<meta property=\"og:locale\" content=\"fr_FR\" \/>\n<meta property=\"og:type\" content=\"article\" \/>\n<meta property=\"og:title\" content=\"DRC - InTenz\" \/>\n<meta property=\"og:description\" content=\"Document Reporting Compliance : Optimisez Votre Conformit\u00e9 Documentaire L\u2019outil DRC (Document Reporting Compliance) dans SAP permet \u00e0 votre entreprise de r\u00e9pondre aux besoins de conformit\u00e9s locales, par l\u2019\u00e9mission des documents \u00e9lectroniques, des rapports statutaires ainsi que l\u2019automatisation des processus de conformit\u00e9 au niveau international. La solution fournit un all\u00e8gement r\u00e9glementaire en tant que service en&hellip;&nbsp;Lire la suite &raquo;DRC\" \/>\n<meta property=\"og:url\" content=\"https:\/\/intenz.fr\/index.php\/drc\/\" \/>\n<meta property=\"og:site_name\" content=\"InTenz\" \/>\n<meta property=\"article:modified_time\" content=\"2023-12-28T07:54:36+00:00\" \/>\n<meta property=\"og:image\" content=\"http:\/\/i-workspace.ovh\/wp-content\/uploads\/2023\/12\/DRC_File_1.png\" \/>\n<meta name=\"twitter:card\" content=\"summary_large_image\" \/>\n<meta name=\"twitter:label1\" content=\"Dur\u00e9e de lecture estim\u00e9e\" \/>\n\t<meta name=\"twitter:data1\" content=\"5 minutes\" \/>\n<script type=\"application\/ld+json\" class=\"yoast-schema-graph\">{\"@context\":\"https:\/\/schema.org\",\"@graph\":[{\"@type\":\"WebPage\",\"@id\":\"https:\/\/intenz.fr\/index.php\/drc\/\",\"url\":\"https:\/\/intenz.fr\/index.php\/drc\/\",\"name\":\"DRC - InTenz\",\"isPartOf\":{\"@id\":\"https:\/\/intenz.fr\/#website\"},\"primaryImageOfPage\":{\"@id\":\"https:\/\/intenz.fr\/index.php\/drc\/#primaryimage\"},\"image\":{\"@id\":\"https:\/\/intenz.fr\/index.php\/drc\/#primaryimage\"},\"thumbnailUrl\":\"http:\/\/i-workspace.ovh\/wp-content\/uploads\/2023\/12\/DRC_File_1.png\",\"datePublished\":\"2023-12-21T21:20:24+00:00\",\"dateModified\":\"2023-12-28T07:54:36+00:00\",\"breadcrumb\":{\"@id\":\"https:\/\/intenz.fr\/index.php\/drc\/#breadcrumb\"},\"inLanguage\":\"fr-FR\",\"potentialAction\":[{\"@type\":\"ReadAction\",\"target\":[\"https:\/\/intenz.fr\/index.php\/drc\/\"]}]},{\"@type\":\"ImageObject\",\"inLanguage\":\"fr-FR\",\"@id\":\"https:\/\/intenz.fr\/index.php\/drc\/#primaryimage\",\"url\":\"http:\/\/i-workspace.ovh\/wp-content\/uploads\/2023\/12\/DRC_File_1.png\",\"contentUrl\":\"http:\/\/i-workspace.ovh\/wp-content\/uploads\/2023\/12\/DRC_File_1.png\"},{\"@type\":\"BreadcrumbList\",\"@id\":\"https:\/\/intenz.fr\/index.php\/drc\/#breadcrumb\",\"itemListElement\":[{\"@type\":\"ListItem\",\"position\":1,\"name\":\"Accueil\",\"item\":\"https:\/\/intenz.fr\/\"},{\"@type\":\"ListItem\",\"position\":2,\"name\":\"DRC\"}]},{\"@type\":\"WebSite\",\"@id\":\"https:\/\/intenz.fr\/#website\",\"url\":\"https:\/\/intenz.fr\/\",\"name\":\"InTenz\",\"description\":\"\",\"publisher\":{\"@id\":\"https:\/\/intenz.fr\/#organization\"},\"potentialAction\":[{\"@type\":\"SearchAction\",\"target\":{\"@type\":\"EntryPoint\",\"urlTemplate\":\"https:\/\/intenz.fr\/?s={search_term_string}\"},\"query-input\":{\"@type\":\"PropertyValueSpecification\",\"valueRequired\":true,\"valueName\":\"search_term_string\"}}],\"inLanguage\":\"fr-FR\"},{\"@type\":\"Organization\",\"@id\":\"https:\/\/intenz.fr\/#organization\",\"name\":\"InTenz\",\"url\":\"https:\/\/intenz.fr\/\",\"logo\":{\"@type\":\"ImageObject\",\"inLanguage\":\"fr-FR\",\"@id\":\"https:\/\/intenz.fr\/#\/schema\/logo\/image\/\",\"url\":\"https:\/\/intenz.fr\/wp-content\/uploads\/2023\/12\/Intenz_Logo_sans_fond.png\",\"contentUrl\":\"https:\/\/intenz.fr\/wp-content\/uploads\/2023\/12\/Intenz_Logo_sans_fond.png\",\"width\":1920,\"height\":1080,\"caption\":\"InTenz\"},\"image\":{\"@id\":\"https:\/\/intenz.fr\/#\/schema\/logo\/image\/\"},\"sameAs\":[\"https:\/\/www.linkedin.com\/company\/intenz-groupe-codilog\/\"]}]}<\/script>\n<!-- \/ Yoast SEO plugin. -->","yoast_head_json":{"title":"DRC - InTenz","robots":{"index":"index","follow":"follow","max-snippet":"max-snippet:-1","max-image-preview":"max-image-preview:large","max-video-preview":"max-video-preview:-1"},"canonical":"https:\/\/intenz.fr\/index.php\/drc\/","og_locale":"fr_FR","og_type":"article","og_title":"DRC - InTenz","og_description":"Document Reporting Compliance : Optimisez Votre Conformit\u00e9 Documentaire L\u2019outil DRC (Document Reporting Compliance) dans SAP permet \u00e0 votre entreprise de r\u00e9pondre aux besoins de conformit\u00e9s locales, par l\u2019\u00e9mission des documents \u00e9lectroniques, des rapports statutaires ainsi que l\u2019automatisation des processus de conformit\u00e9 au niveau international. La solution fournit un all\u00e8gement r\u00e9glementaire en tant que service en&hellip;&nbsp;Lire la suite &raquo;DRC","og_url":"https:\/\/intenz.fr\/index.php\/drc\/","og_site_name":"InTenz","article_modified_time":"2023-12-28T07:54:36+00:00","og_image":[{"url":"http:\/\/i-workspace.ovh\/wp-content\/uploads\/2023\/12\/DRC_File_1.png","type":"","width":"","height":""}],"twitter_card":"summary_large_image","twitter_misc":{"Dur\u00e9e de lecture estim\u00e9e":"5 minutes"},"schema":{"@context":"https:\/\/schema.org","@graph":[{"@type":"WebPage","@id":"https:\/\/intenz.fr\/index.php\/drc\/","url":"https:\/\/intenz.fr\/index.php\/drc\/","name":"DRC - InTenz","isPartOf":{"@id":"https:\/\/intenz.fr\/#website"},"primaryImageOfPage":{"@id":"https:\/\/intenz.fr\/index.php\/drc\/#primaryimage"},"image":{"@id":"https:\/\/intenz.fr\/index.php\/drc\/#primaryimage"},"thumbnailUrl":"http:\/\/i-workspace.ovh\/wp-content\/uploads\/2023\/12\/DRC_File_1.png","datePublished":"2023-12-21T21:20:24+00:00","dateModified":"2023-12-28T07:54:36+00:00","breadcrumb":{"@id":"https:\/\/intenz.fr\/index.php\/drc\/#breadcrumb"},"inLanguage":"fr-FR","potentialAction":[{"@type":"ReadAction","target":["https:\/\/intenz.fr\/index.php\/drc\/"]}]},{"@type":"ImageObject","inLanguage":"fr-FR","@id":"https:\/\/intenz.fr\/index.php\/drc\/#primaryimage","url":"http:\/\/i-workspace.ovh\/wp-content\/uploads\/2023\/12\/DRC_File_1.png","contentUrl":"http:\/\/i-workspace.ovh\/wp-content\/uploads\/2023\/12\/DRC_File_1.png"},{"@type":"BreadcrumbList","@id":"https:\/\/intenz.fr\/index.php\/drc\/#breadcrumb","itemListElement":[{"@type":"ListItem","position":1,"name":"Accueil","item":"https:\/\/intenz.fr\/"},{"@type":"ListItem","position":2,"name":"DRC"}]},{"@type":"WebSite","@id":"https:\/\/intenz.fr\/#website","url":"https:\/\/intenz.fr\/","name":"InTenz","description":"","publisher":{"@id":"https:\/\/intenz.fr\/#organization"},"potentialAction":[{"@type":"SearchAction","target":{"@type":"EntryPoint","urlTemplate":"https:\/\/intenz.fr\/?s={search_term_string}"},"query-input":{"@type":"PropertyValueSpecification","valueRequired":true,"valueName":"search_term_string"}}],"inLanguage":"fr-FR"},{"@type":"Organization","@id":"https:\/\/intenz.fr\/#organization","name":"InTenz","url":"https:\/\/intenz.fr\/","logo":{"@type":"ImageObject","inLanguage":"fr-FR","@id":"https:\/\/intenz.fr\/#\/schema\/logo\/image\/","url":"https:\/\/intenz.fr\/wp-content\/uploads\/2023\/12\/Intenz_Logo_sans_fond.png","contentUrl":"https:\/\/intenz.fr\/wp-content\/uploads\/2023\/12\/Intenz_Logo_sans_fond.png","width":1920,"height":1080,"caption":"InTenz"},"image":{"@id":"https:\/\/intenz.fr\/#\/schema\/logo\/image\/"},"sameAs":["https:\/\/www.linkedin.com\/company\/intenz-groupe-codilog\/"]}]}},"_links":{"self":[{"href":"https:\/\/intenz.fr\/index.php\/wp-json\/wp\/v2\/pages\/1001","targetHints":{"allow":["GET"]}}],"collection":[{"href":"https:\/\/intenz.fr\/index.php\/wp-json\/wp\/v2\/pages"}],"about":[{"href":"https:\/\/intenz.fr\/index.php\/wp-json\/wp\/v2\/types\/page"}],"author":[{"embeddable":true,"href":"https:\/\/intenz.fr\/index.php\/wp-json\/wp\/v2\/users\/1"}],"replies":[{"embeddable":true,"href":"https:\/\/intenz.fr\/index.php\/wp-json\/wp\/v2\/comments?post=1001"}],"version-history":[{"count":32,"href":"https:\/\/intenz.fr\/index.php\/wp-json\/wp\/v2\/pages\/1001\/revisions"}],"predecessor-version":[{"id":1120,"href":"https:\/\/intenz.fr\/index.php\/wp-json\/wp\/v2\/pages\/1001\/revisions\/1120"}],"wp:attachment":[{"href":"https:\/\/intenz.fr\/index.php\/wp-json\/wp\/v2\/media?parent=1001"}],"curies":[{"name":"wp","href":"https:\/\/api.w.org\/{rel}","templated":true}]}}