{"id":1142,"date":"2023-12-28T23:17:21","date_gmt":"2023-12-28T22:17:21","guid":{"rendered":"https:\/\/i-workspace.ovh\/?page_id=1142"},"modified":"2023-12-29T11:55:18","modified_gmt":"2023-12-29T10:55:18","slug":"sac","status":"publish","type":"page","link":"https:\/\/intenz.fr\/index.php\/sac\/","title":{"rendered":"SAC"},"content":{"rendered":"\t\t<div data-elementor-type=\"wp-page\" data-elementor-id=\"1142\" class=\"elementor elementor-1142\">\n\t\t\t\t<div class=\"elementor-element elementor-element-acc487a e-flex e-con-boxed e-con e-parent\" data-id=\"acc487a\" data-element_type=\"container\">\n\t\t\t\t\t<div class=\"e-con-inner\">\n\t\t\t\t<div class=\"elementor-element elementor-element-d536a6d elementor-widget elementor-widget-heading\" data-id=\"d536a6d\" data-element_type=\"widget\" data-widget_type=\"heading.default\">\n\t\t\t\t<div class=\"elementor-widget-container\">\n\t\t\t\t\t<h2 class=\"elementor-heading-title elementor-size-default\">SAP Analytics Cloud<\/h2>\t\t\t\t<\/div>\n\t\t\t\t<\/div>\n\t\t<div class=\"elementor-element elementor-element-784c728 e-flex e-con-boxed e-con e-child\" data-id=\"784c728\" data-element_type=\"container\">\n\t\t\t\t\t<div class=\"e-con-inner\">\n\t\t\t\t<div class=\"elementor-element elementor-element-f78302f elementor-widget__width-initial elementor-widget elementor-widget-text-editor\" data-id=\"f78302f\" data-element_type=\"widget\" data-widget_type=\"text-editor.default\">\n\t\t\t\t<div class=\"elementor-widget-container\">\n\t\t\t\t\t\t\t\t\t<p><strong>SAP Analytics Cloud : L&rsquo;alliance parfaite entre puissance analytique et simplicit\u00e9 op\u00e9rationnelle.<\/strong><\/p>\t\t\t\t\t\t\t\t<\/div>\n\t\t\t\t<\/div>\n\t\t\t\t<div class=\"elementor-element elementor-element-a0275ab elementor-widget__width-initial elementor-widget elementor-widget-image\" data-id=\"a0275ab\" data-element_type=\"widget\" data-widget_type=\"image.default\">\n\t\t\t\t<div class=\"elementor-widget-container\">\n\t\t\t\t\t\t\t\t\t\t\t\t\t\t\t<img fetchpriority=\"high\" decoding=\"async\" width=\"465\" height=\"300\" src=\"https:\/\/intenz.fr\/wp-content\/uploads\/2023\/12\/SAC-1.png\" class=\"attachment-full size-full wp-image-1145\" alt=\"\" srcset=\"https:\/\/intenz.fr\/wp-content\/uploads\/2023\/12\/SAC-1.png 465w, https:\/\/intenz.fr\/wp-content\/uploads\/2023\/12\/SAC-1-300x194.png 300w\" sizes=\"(max-width: 465px) 100vw, 465px\" \/>\t\t\t\t\t\t\t\t\t\t\t\t\t\t\t<\/div>\n\t\t\t\t<\/div>\n\t\t\t\t\t<\/div>\n\t\t\t\t<\/div>\n\t\t\t\t\t<\/div>\n\t\t\t\t<\/div>\n\t\t<div class=\"elementor-element elementor-element-16b44cb e-flex e-con-boxed e-con e-parent\" data-id=\"16b44cb\" data-element_type=\"container\">\n\t\t\t\t\t<div class=\"e-con-inner\">\n\t\t\t\t<div class=\"elementor-element elementor-element-4d1e4b9 elementor-widget elementor-widget-text-editor\" data-id=\"4d1e4b9\" data-element_type=\"widget\" data-widget_type=\"text-editor.default\">\n\t\t\t\t<div class=\"elementor-widget-container\">\n\t\t\t\t\t\t\t\t\t<p>SAP Analytics Cloud, le fleuron de l&rsquo;analytique intelligent, est la r\u00e9ponse de pointe de SAP pour lib\u00e9rer la pleine puissance des donn\u00e9es et des insights dans le monde de l&rsquo;entreprise.<\/p><p>En tant que plateforme cloud tout-en-un, elle offre une combinaison sans pareille de visualisations interactives, de planification agile et de fonctionnalit\u00e9s pr\u00e9dictives. Con\u00e7u pour les entreprises modernes, SAP Analytics Cloud red\u00e9finit la mani\u00e8re dont les organisations interpr\u00e8tent, comprennent et exploitent leurs donn\u00e9es pour prendre des d\u00e9cisions \u00e9clair\u00e9es.<\/p><p>SAP Analytics Cloud offre une r\u00e9ponse holistique aux besoins m\u00e9tiers en permettant une analyse approfondie des donn\u00e9es, la cr\u00e9ation de rapports dynamiques et une planification collaborative. Les utilisateurs peuvent explorer des donn\u00e9es complexes avec facilit\u00e9, cr\u00e9er des tableaux de bord interactifs et collaborer en temps r\u00e9el pour une prise de d\u00e9cision rapide et align\u00e9e sur les objectifs strat\u00e9giques.<\/p>\t\t\t\t\t\t\t\t<\/div>\n\t\t\t\t<\/div>\n\t\t\t\t\t<\/div>\n\t\t\t\t<\/div>\n\t\t<div class=\"elementor-element elementor-element-5c6906b e-flex e-con-boxed e-con e-parent\" data-id=\"5c6906b\" data-element_type=\"container\">\n\t\t\t\t\t<div class=\"e-con-inner\">\n\t\t\t\t<div class=\"elementor-element elementor-element-25751b8 elementor-widget elementor-widget-heading\" data-id=\"25751b8\" data-element_type=\"widget\" data-widget_type=\"heading.default\">\n\t\t\t\t<div class=\"elementor-widget-container\">\n\t\t\t\t\t<h3 class=\"elementor-heading-title elementor-size-default\">Fonctionnalit\u00e9s clefs<\/h3>\t\t\t\t<\/div>\n\t\t\t\t<\/div>\n\t\t<div class=\"elementor-element elementor-element-8883795 e-flex e-con-boxed e-con e-child\" data-id=\"8883795\" data-element_type=\"container\">\n\t\t\t\t\t<div class=\"e-con-inner\">\n\t\t<div class=\"elementor-element elementor-element-83b1486 e-flex e-con-boxed e-con e-child\" data-id=\"83b1486\" data-element_type=\"container\">\n\t\t\t\t\t<div class=\"e-con-inner\">\n\t\t<div class=\"elementor-element elementor-element-bac9386 e-flex e-con-boxed e-con e-child\" data-id=\"bac9386\" data-element_type=\"container\">\n\t\t\t\t\t<div class=\"e-con-inner\">\n\t\t\t\t<div class=\"elementor-element elementor-element-0fa394b elementor-widget elementor-widget-image\" data-id=\"0fa394b\" data-element_type=\"widget\" data-widget_type=\"image.default\">\n\t\t\t\t<div class=\"elementor-widget-container\">\n\t\t\t\t\t\t\t\t\t\t\t\t\t\t\t<img decoding=\"async\" src=\"https:\/\/intenz.fr\/wp-content\/uploads\/elementor\/thumbs\/Visualisation-1-qhmol46i7mh9xjsld9d67xstnmwqmibecf4ad8koww.png\" title=\"Visualisation\" alt=\"Visualisation\" loading=\"lazy\" \/>\t\t\t\t\t\t\t\t\t\t\t\t\t\t\t<\/div>\n\t\t\t\t<\/div>\n\t\t\t\t<div class=\"elementor-element elementor-element-e7d7bdb elementor-widget__width-initial elementor-widget elementor-widget-text-editor\" data-id=\"e7d7bdb\" data-element_type=\"widget\" data-widget_type=\"text-editor.default\">\n\t\t\t\t<div class=\"elementor-widget-container\">\n\t\t\t\t\t\t\t\t\t<p><strong><span style=\"color: #e3ac2b;\">Visualisations Puissantes<\/span> :<\/strong> Cr\u00e9ez des visualisations riches et interactives pour comprendre rapidement les tendances et les mod\u00e8les.<\/p>\t\t\t\t\t\t\t\t<\/div>\n\t\t\t\t<\/div>\n\t\t\t\t\t<\/div>\n\t\t\t\t<\/div>\n\t\t\t\t\t<\/div>\n\t\t\t\t<\/div>\n\t\t<div class=\"elementor-element elementor-element-94a88c5 e-flex e-con-boxed e-con e-child\" data-id=\"94a88c5\" data-element_type=\"container\">\n\t\t\t\t\t<div class=\"e-con-inner\">\n\t\t<div class=\"elementor-element elementor-element-6c5ba34 e-flex e-con-boxed e-con e-child\" data-id=\"6c5ba34\" data-element_type=\"container\">\n\t\t\t\t\t<div class=\"e-con-inner\">\n\t\t\t\t<div class=\"elementor-element elementor-element-7a0a5d0 elementor-widget elementor-widget-image\" data-id=\"7a0a5d0\" data-element_type=\"widget\" data-widget_type=\"image.default\">\n\t\t\t\t<div class=\"elementor-widget-container\">\n\t\t\t\t\t\t\t\t\t\t\t\t\t\t\t<img decoding=\"async\" width=\"100\" height=\"100\" src=\"https:\/\/intenz.fr\/wp-content\/uploads\/2023\/12\/Planification.png\" class=\"attachment-full size-full wp-image-1148\" alt=\"\" srcset=\"https:\/\/intenz.fr\/wp-content\/uploads\/2023\/12\/Planification.png 100w, https:\/\/intenz.fr\/wp-content\/uploads\/2023\/12\/elementor\/thumbs\/Planification-qhhurqp1q0lt4sza1h4cfyrefkpn42z1dahkeeg2lc.png 80w\" sizes=\"(max-width: 100px) 100vw, 100px\" \/>\t\t\t\t\t\t\t\t\t\t\t\t\t\t\t<\/div>\n\t\t\t\t<\/div>\n\t\t\t\t<div class=\"elementor-element elementor-element-7c06b6d elementor-widget__width-initial elementor-widget elementor-widget-text-editor\" data-id=\"7c06b6d\" data-element_type=\"widget\" data-widget_type=\"text-editor.default\">\n\t\t\t\t<div class=\"elementor-widget-container\">\n\t\t\t\t\t\t\t\t\t<p><strong><span style=\"color: #e3ac2b;\">Planification Agile<\/span> :<\/strong> Impliquez les parties prenantes dans un processus de planification dynamique et it\u00e9ratif pour une meilleure agilit\u00e9 op\u00e9rationnelle.<\/p>\t\t\t\t\t\t\t\t<\/div>\n\t\t\t\t<\/div>\n\t\t\t\t\t<\/div>\n\t\t\t\t<\/div>\n\t\t\t\t\t<\/div>\n\t\t\t\t<\/div>\n\t\t\t\t\t<\/div>\n\t\t\t\t<\/div>\n\t\t<div class=\"elementor-element elementor-element-4c5af3b e-flex e-con-boxed e-con e-child\" data-id=\"4c5af3b\" data-element_type=\"container\">\n\t\t\t\t\t<div class=\"e-con-inner\">\n\t\t<div class=\"elementor-element elementor-element-9bf18db e-flex e-con-boxed e-con e-child\" data-id=\"9bf18db\" data-element_type=\"container\">\n\t\t\t\t\t<div class=\"e-con-inner\">\n\t\t<div class=\"elementor-element elementor-element-2f48b3f e-flex e-con-boxed e-con e-child\" data-id=\"2f48b3f\" data-element_type=\"container\">\n\t\t\t\t\t<div class=\"e-con-inner\">\n\t\t\t\t<div class=\"elementor-element elementor-element-3e9ed71 elementor-widget elementor-widget-image\" data-id=\"3e9ed71\" data-element_type=\"widget\" data-widget_type=\"image.default\">\n\t\t\t\t<div class=\"elementor-widget-container\">\n\t\t\t\t\t\t\t\t\t\t\t\t\t\t\t<img decoding=\"async\" src=\"https:\/\/intenz.fr\/wp-content\/uploads\/elementor\/thumbs\/Predictive-qhmokp5369worseft2v541lg5gyv7cnoycoiot6zog.png\" title=\"Predictive\" alt=\"Predictive\" loading=\"lazy\" \/>\t\t\t\t\t\t\t\t\t\t\t\t\t\t\t<\/div>\n\t\t\t\t<\/div>\n\t\t\t\t<div class=\"elementor-element elementor-element-c399a3a elementor-widget__width-initial elementor-widget elementor-widget-text-editor\" data-id=\"c399a3a\" data-element_type=\"widget\" data-widget_type=\"text-editor.default\">\n\t\t\t\t<div class=\"elementor-widget-container\">\n\t\t\t\t\t\t\t\t\t<p><strong><span style=\"color: #e3ac2b;\">Pr\u00e9visions et Analyses Pr\u00e9dictives<\/span> :<\/strong> Anticipez les tendances futures gr\u00e2ce \u00e0 des fonctionnalit\u00e9s pr\u00e9dictives int\u00e9gr\u00e9es et des analyses avanc\u00e9es.<\/p>\t\t\t\t\t\t\t\t<\/div>\n\t\t\t\t<\/div>\n\t\t\t\t\t<\/div>\n\t\t\t\t<\/div>\n\t\t\t\t\t<\/div>\n\t\t\t\t<\/div>\n\t\t<div class=\"elementor-element elementor-element-e631823 e-flex e-con-boxed e-con e-child\" data-id=\"e631823\" data-element_type=\"container\">\n\t\t\t\t\t<div class=\"e-con-inner\">\n\t\t<div class=\"elementor-element elementor-element-9dbb1b7 e-flex e-con-boxed e-con e-child\" data-id=\"9dbb1b7\" data-element_type=\"container\">\n\t\t\t\t\t<div class=\"e-con-inner\">\n\t\t\t\t<div class=\"elementor-element elementor-element-0d064ee elementor-widget elementor-widget-image\" data-id=\"0d064ee\" data-element_type=\"widget\" data-widget_type=\"image.default\">\n\t\t\t\t<div class=\"elementor-widget-container\">\n\t\t\t\t\t\t\t\t\t\t\t\t\t\t\t<img decoding=\"async\" width=\"100\" height=\"100\" src=\"https:\/\/intenz.fr\/wp-content\/uploads\/2023\/12\/DataSource.png\" class=\"attachment-full size-full wp-image-1150\" alt=\"\" \/>\t\t\t\t\t\t\t\t\t\t\t\t\t\t\t<\/div>\n\t\t\t\t<\/div>\n\t\t\t\t<div class=\"elementor-element elementor-element-a31da66 elementor-widget__width-initial elementor-widget elementor-widget-text-editor\" data-id=\"a31da66\" data-element_type=\"widget\" data-widget_type=\"text-editor.default\">\n\t\t\t\t<div class=\"elementor-widget-container\">\n\t\t\t\t\t\t\t\t\t<p><strong><span style=\"color: #e3ac2b;\">Int\u00e9gration de Donn\u00e9es Facilit\u00e9e<\/span> :<\/strong> Connectez-vous \u00e0 diverses sources de donn\u00e9es, y compris SAP S\/4HANA, pour une vision compl\u00e8te et unifi\u00e9e.<\/p>\t\t\t\t\t\t\t\t<\/div>\n\t\t\t\t<\/div>\n\t\t\t\t\t<\/div>\n\t\t\t\t<\/div>\n\t\t\t\t\t<\/div>\n\t\t\t\t<\/div>\n\t\t\t\t\t<\/div>\n\t\t\t\t<\/div>\n\t\t\t\t\t<\/div>\n\t\t\t\t<\/div>\n\t\t<div class=\"elementor-element elementor-element-8549bbc e-flex e-con-boxed e-con e-parent\" data-id=\"8549bbc\" data-element_type=\"container\">\n\t\t\t\t\t<div class=\"e-con-inner\">\n\t\t\t\t<div class=\"elementor-element elementor-element-308ce56 elementor-widget elementor-widget-heading\" data-id=\"308ce56\" data-element_type=\"widget\" data-widget_type=\"heading.default\">\n\t\t\t\t<div class=\"elementor-widget-container\">\n\t\t\t\t\t<h3 class=\"elementor-heading-title elementor-size-default\">Int\u00e9gration avec SAP S\/4HANA <\/h3>\t\t\t\t<\/div>\n\t\t\t\t<\/div>\n\t\t\t\t<div class=\"elementor-element elementor-element-7157c94 elementor-widget elementor-widget-text-editor\" data-id=\"7157c94\" data-element_type=\"widget\" data-widget_type=\"text-editor.default\">\n\t\t\t\t<div class=\"elementor-widget-container\">\n\t\t\t\t\t\t\t\t\t<p><span style=\"color: #e3ac2b;\"><em><strong>Une Fusion Transparente de l&rsquo;Op\u00e9rationnel et de l&rsquo;Analytique<\/strong><\/em><\/span><\/p><p><em>SAP Analytics Cloud<\/em> se distingue par son int\u00e9gration profonde et transparente avec SAP S\/4HANA, \u00e9levant ainsi l&rsquo;analytique \u00e0 un niveau sup\u00e9rieur en combinant la puissance transactionnelle et analytique au sein d&rsquo;un \u00e9cosyst\u00e8me harmonieux.<\/p>\t\t\t\t\t\t\t\t<\/div>\n\t\t\t\t<\/div>\n\t\t\t\t<div class=\"elementor-element elementor-element-a03f0ba elementor-widget elementor-widget-text-editor\" data-id=\"a03f0ba\" data-element_type=\"widget\" data-widget_type=\"text-editor.default\">\n\t\t\t\t<div class=\"elementor-widget-container\">\n\t\t\t\t\t\t\t\t\t<p><em>Points Techniques Cl\u00e9s de l&rsquo;Int\u00e9gration :<\/em><\/p><p><strong><span style=\"color: #e3ac2b;\">Connectivit\u00e9 en Temps R\u00e9el<\/span> :<\/strong> SAP Analytics Cloud offre une connectivit\u00e9 en temps r\u00e9el avec SAP S\/4HANA, permettant l&rsquo;acc\u00e8s instantan\u00e9 aux donn\u00e9es transactionnelles les plus r\u00e9centes. Les tableaux de bord et rapports sont aliment\u00e9s par des donn\u00e9es en temps r\u00e9el, offrant une vision instantan\u00e9e de la situation op\u00e9rationnelle.<\/p><p><strong><span style=\"color: #e3ac2b;\">Mod\u00e9lisation de Donn\u00e9es Unifi\u00e9e<\/span> :<\/strong> L&rsquo;int\u00e9gration permet une mod\u00e9lisation de donn\u00e9es unifi\u00e9e, \u00e9vitant la n\u00e9cessit\u00e9 de r\u00e9pliquer les donn\u00e9es. Les mod\u00e8les analytiques peuvent \u00eatre cr\u00e9\u00e9s directement \u00e0 partir des donn\u00e9es S\/4HANA, facilitant une vision consolid\u00e9e et pr\u00e9cise.<\/p><p><strong><span style=\"color: #e3ac2b;\">Utilisation de CDS Views<\/span> :<\/strong> Les SAP Core Data Services (CDS) views sont exploit\u00e9s pour cr\u00e9er une abstraction entre les donn\u00e9es transactionnelles de S\/4HANA et les couches analytiques de SAP Analytics Cloud. Cela garantit une s\u00e9paration claire des donn\u00e9es tout en facilitant la construction de mod\u00e8les analytiques complexes.<\/p><p><strong><span style=\"color: #e3ac2b;\">Analyse des Performances en Profondeur<\/span> :<\/strong> SAP Analytics Cloud offre des fonctionnalit\u00e9s d&rsquo;analyse approfondie sur les performances op\u00e9rationnelles extraites directement de S\/4HANA. Cela permet aux utilisateurs de plonger profond\u00e9ment dans les d\u00e9tails transactionnels tout en restant dans l&rsquo;environnement analytique.<\/p>\t\t\t\t\t\t\t\t<\/div>\n\t\t\t\t<\/div>\n\t\t\t\t<div class=\"elementor-element elementor-element-509c807 elementor-widget elementor-widget-image\" data-id=\"509c807\" data-element_type=\"widget\" data-widget_type=\"image.default\">\n\t\t\t\t<div class=\"elementor-widget-container\">\n\t\t\t\t\t\t\t\t\t\t\t\t\t\t\t<img loading=\"lazy\" decoding=\"async\" width=\"1000\" height=\"557\" src=\"https:\/\/intenz.fr\/wp-content\/uploads\/2023\/12\/SAP_SAC_Connectivity.png\" class=\"attachment-large size-large wp-image-1159\" alt=\"\" srcset=\"https:\/\/intenz.fr\/wp-content\/uploads\/2023\/12\/SAP_SAC_Connectivity.png 1000w, https:\/\/intenz.fr\/wp-content\/uploads\/2023\/12\/SAP_SAC_Connectivity-300x167.png 300w, https:\/\/intenz.fr\/wp-content\/uploads\/2023\/12\/SAP_SAC_Connectivity-768x428.png 768w\" sizes=\"(max-width: 1000px) 100vw, 1000px\" \/>\t\t\t\t\t\t\t\t\t\t\t\t\t\t\t<\/div>\n\t\t\t\t<\/div>\n\t\t<div class=\"elementor-element elementor-element-8c776f6 e-flex e-con-boxed e-con e-child\" data-id=\"8c776f6\" data-element_type=\"container\">\n\t\t\t\t\t<div class=\"e-con-inner\">\n\t\t\t\t<div class=\"elementor-element elementor-element-d9fb181 elementor-widget elementor-widget-text-editor\" data-id=\"d9fb181\" data-element_type=\"widget\" data-widget_type=\"text-editor.default\">\n\t\t\t\t<div class=\"elementor-widget-container\">\n\t\t\t\t\t\t\t\t\t<p style=\"text-align: center;\"><strong>En choisissant InTenz, vous optez pour un partenaire sp\u00e9cialis\u00e9 dans SAP, expert dans la mise en \u0153uvre et l&rsquo;optimisation de solutions comme SAP Analytics Cloud. Notre \u00e9quipe d\u00e9di\u00e9e vous accompagnera tout au long du processus, de la conception \u00e0 la maintenance, pour vous assurer que SAP Analytics Cloud r\u00e9pond pleinement \u00e0 vos besoins sp\u00e9cifiques. <\/strong><\/p><p style=\"text-align: center;\"><strong>Avec notre exp\u00e9rience approfondie dans l&rsquo;\u00e9cosyst\u00e8me SAP, InTenz garantit une impl\u00e9mentation sans heurts et une utilisation optimale de SAP Analytics Cloud, propulsant votre entreprise vers de nouveaux sommets d&rsquo;efficacit\u00e9 analytique.<\/strong><\/p>\t\t\t\t\t\t\t\t<\/div>\n\t\t\t\t<\/div>\n\t\t\t\t\t<\/div>\n\t\t\t\t<\/div>\n\t\t\t\t\t<\/div>\n\t\t\t\t<\/div>\n\t\t\t\t<\/div>\n\t\t","protected":false},"excerpt":{"rendered":"<p>SAP Analytics Cloud SAP Analytics Cloud : L&rsquo;alliance parfaite entre puissance analytique et simplicit\u00e9 op\u00e9rationnelle. SAP Analytics Cloud, le fleuron de l&rsquo;analytique intelligent, est la r\u00e9ponse de pointe de SAP pour lib\u00e9rer la pleine puissance des donn\u00e9es et des insights dans le monde de l&rsquo;entreprise. En tant que plateforme cloud tout-en-un, elle offre une combinaison&hellip;&nbsp;<a href=\"https:\/\/intenz.fr\/index.php\/sac\/\" class=\"\" rel=\"bookmark\">Lire la suite &raquo;<span class=\"screen-reader-text\">SAC<\/span><\/a><\/p>\n","protected":false},"author":1,"featured_media":0,"parent":0,"menu_order":0,"comment_status":"closed","ping_status":"closed","template":"page-templates\/template-pagebuilder-full-width.php","meta":{"neve_meta_sidebar":"","neve_meta_container":"","neve_meta_enable_content_width":"","neve_meta_content_width":0,"neve_meta_title_alignment":"","neve_meta_author_avatar":"","neve_post_elements_order":"","neve_meta_disable_header":"","neve_meta_disable_footer":"","neve_meta_disable_title":"","footnotes":""},"class_list":["post-1142","page","type-page","status-publish","hentry"],"yoast_head":"<!-- This site is optimized with the Yoast SEO plugin v24.1 - https:\/\/yoast.com\/wordpress\/plugins\/seo\/ -->\n<title>SAC - InTenz<\/title>\n<meta name=\"robots\" content=\"index, follow, max-snippet:-1, max-image-preview:large, max-video-preview:-1\" \/>\n<link rel=\"canonical\" href=\"https:\/\/intenz.fr\/index.php\/sac\/\" \/>\n<meta property=\"og:locale\" content=\"fr_FR\" \/>\n<meta property=\"og:type\" content=\"article\" \/>\n<meta property=\"og:title\" content=\"SAC - InTenz\" \/>\n<meta property=\"og:description\" content=\"SAP Analytics Cloud SAP Analytics Cloud : L&rsquo;alliance parfaite entre puissance analytique et simplicit\u00e9 op\u00e9rationnelle. SAP Analytics Cloud, le fleuron de l&rsquo;analytique intelligent, est la r\u00e9ponse de pointe de SAP pour lib\u00e9rer la pleine puissance des donn\u00e9es et des insights dans le monde de l&rsquo;entreprise. En tant que plateforme cloud tout-en-un, elle offre une combinaison&hellip;&nbsp;Lire la suite &raquo;SAC\" \/>\n<meta property=\"og:url\" content=\"https:\/\/intenz.fr\/index.php\/sac\/\" \/>\n<meta property=\"og:site_name\" content=\"InTenz\" \/>\n<meta property=\"article:modified_time\" content=\"2023-12-29T10:55:18+00:00\" \/>\n<meta property=\"og:image\" content=\"http:\/\/i-workspace.ovh\/wp-content\/uploads\/2023\/12\/SAC-1.png\" \/>\n<meta name=\"twitter:card\" content=\"summary_large_image\" \/>\n<meta name=\"twitter:label1\" content=\"Dur\u00e9e de lecture estim\u00e9e\" \/>\n\t<meta name=\"twitter:data1\" content=\"3 minutes\" \/>\n<script type=\"application\/ld+json\" class=\"yoast-schema-graph\">{\"@context\":\"https:\/\/schema.org\",\"@graph\":[{\"@type\":\"WebPage\",\"@id\":\"https:\/\/intenz.fr\/index.php\/sac\/\",\"url\":\"https:\/\/intenz.fr\/index.php\/sac\/\",\"name\":\"SAC - InTenz\",\"isPartOf\":{\"@id\":\"https:\/\/intenz.fr\/#website\"},\"primaryImageOfPage\":{\"@id\":\"https:\/\/intenz.fr\/index.php\/sac\/#primaryimage\"},\"image\":{\"@id\":\"https:\/\/intenz.fr\/index.php\/sac\/#primaryimage\"},\"thumbnailUrl\":\"http:\/\/i-workspace.ovh\/wp-content\/uploads\/2023\/12\/SAC-1.png\",\"datePublished\":\"2023-12-28T22:17:21+00:00\",\"dateModified\":\"2023-12-29T10:55:18+00:00\",\"breadcrumb\":{\"@id\":\"https:\/\/intenz.fr\/index.php\/sac\/#breadcrumb\"},\"inLanguage\":\"fr-FR\",\"potentialAction\":[{\"@type\":\"ReadAction\",\"target\":[\"https:\/\/intenz.fr\/index.php\/sac\/\"]}]},{\"@type\":\"ImageObject\",\"inLanguage\":\"fr-FR\",\"@id\":\"https:\/\/intenz.fr\/index.php\/sac\/#primaryimage\",\"url\":\"http:\/\/i-workspace.ovh\/wp-content\/uploads\/2023\/12\/SAC-1.png\",\"contentUrl\":\"http:\/\/i-workspace.ovh\/wp-content\/uploads\/2023\/12\/SAC-1.png\"},{\"@type\":\"BreadcrumbList\",\"@id\":\"https:\/\/intenz.fr\/index.php\/sac\/#breadcrumb\",\"itemListElement\":[{\"@type\":\"ListItem\",\"position\":1,\"name\":\"Accueil\",\"item\":\"https:\/\/intenz.fr\/\"},{\"@type\":\"ListItem\",\"position\":2,\"name\":\"SAC\"}]},{\"@type\":\"WebSite\",\"@id\":\"https:\/\/intenz.fr\/#website\",\"url\":\"https:\/\/intenz.fr\/\",\"name\":\"InTenz\",\"description\":\"\",\"publisher\":{\"@id\":\"https:\/\/intenz.fr\/#organization\"},\"potentialAction\":[{\"@type\":\"SearchAction\",\"target\":{\"@type\":\"EntryPoint\",\"urlTemplate\":\"https:\/\/intenz.fr\/?s={search_term_string}\"},\"query-input\":{\"@type\":\"PropertyValueSpecification\",\"valueRequired\":true,\"valueName\":\"search_term_string\"}}],\"inLanguage\":\"fr-FR\"},{\"@type\":\"Organization\",\"@id\":\"https:\/\/intenz.fr\/#organization\",\"name\":\"InTenz\",\"url\":\"https:\/\/intenz.fr\/\",\"logo\":{\"@type\":\"ImageObject\",\"inLanguage\":\"fr-FR\",\"@id\":\"https:\/\/intenz.fr\/#\/schema\/logo\/image\/\",\"url\":\"https:\/\/intenz.fr\/wp-content\/uploads\/2023\/12\/Intenz_Logo_sans_fond.png\",\"contentUrl\":\"https:\/\/intenz.fr\/wp-content\/uploads\/2023\/12\/Intenz_Logo_sans_fond.png\",\"width\":1920,\"height\":1080,\"caption\":\"InTenz\"},\"image\":{\"@id\":\"https:\/\/intenz.fr\/#\/schema\/logo\/image\/\"},\"sameAs\":[\"https:\/\/www.linkedin.com\/company\/intenz-groupe-codilog\/\"]}]}<\/script>\n<!-- \/ Yoast SEO plugin. -->","yoast_head_json":{"title":"SAC - InTenz","robots":{"index":"index","follow":"follow","max-snippet":"max-snippet:-1","max-image-preview":"max-image-preview:large","max-video-preview":"max-video-preview:-1"},"canonical":"https:\/\/intenz.fr\/index.php\/sac\/","og_locale":"fr_FR","og_type":"article","og_title":"SAC - InTenz","og_description":"SAP Analytics Cloud SAP Analytics Cloud : L&rsquo;alliance parfaite entre puissance analytique et simplicit\u00e9 op\u00e9rationnelle. SAP Analytics Cloud, le fleuron de l&rsquo;analytique intelligent, est la r\u00e9ponse de pointe de SAP pour lib\u00e9rer la pleine puissance des donn\u00e9es et des insights dans le monde de l&rsquo;entreprise. En tant que plateforme cloud tout-en-un, elle offre une combinaison&hellip;&nbsp;Lire la suite &raquo;SAC","og_url":"https:\/\/intenz.fr\/index.php\/sac\/","og_site_name":"InTenz","article_modified_time":"2023-12-29T10:55:18+00:00","og_image":[{"url":"http:\/\/i-workspace.ovh\/wp-content\/uploads\/2023\/12\/SAC-1.png","type":"","width":"","height":""}],"twitter_card":"summary_large_image","twitter_misc":{"Dur\u00e9e de lecture estim\u00e9e":"3 minutes"},"schema":{"@context":"https:\/\/schema.org","@graph":[{"@type":"WebPage","@id":"https:\/\/intenz.fr\/index.php\/sac\/","url":"https:\/\/intenz.fr\/index.php\/sac\/","name":"SAC - InTenz","isPartOf":{"@id":"https:\/\/intenz.fr\/#website"},"primaryImageOfPage":{"@id":"https:\/\/intenz.fr\/index.php\/sac\/#primaryimage"},"image":{"@id":"https:\/\/intenz.fr\/index.php\/sac\/#primaryimage"},"thumbnailUrl":"http:\/\/i-workspace.ovh\/wp-content\/uploads\/2023\/12\/SAC-1.png","datePublished":"2023-12-28T22:17:21+00:00","dateModified":"2023-12-29T10:55:18+00:00","breadcrumb":{"@id":"https:\/\/intenz.fr\/index.php\/sac\/#breadcrumb"},"inLanguage":"fr-FR","potentialAction":[{"@type":"ReadAction","target":["https:\/\/intenz.fr\/index.php\/sac\/"]}]},{"@type":"ImageObject","inLanguage":"fr-FR","@id":"https:\/\/intenz.fr\/index.php\/sac\/#primaryimage","url":"http:\/\/i-workspace.ovh\/wp-content\/uploads\/2023\/12\/SAC-1.png","contentUrl":"http:\/\/i-workspace.ovh\/wp-content\/uploads\/2023\/12\/SAC-1.png"},{"@type":"BreadcrumbList","@id":"https:\/\/intenz.fr\/index.php\/sac\/#breadcrumb","itemListElement":[{"@type":"ListItem","position":1,"name":"Accueil","item":"https:\/\/intenz.fr\/"},{"@type":"ListItem","position":2,"name":"SAC"}]},{"@type":"WebSite","@id":"https:\/\/intenz.fr\/#website","url":"https:\/\/intenz.fr\/","name":"InTenz","description":"","publisher":{"@id":"https:\/\/intenz.fr\/#organization"},"potentialAction":[{"@type":"SearchAction","target":{"@type":"EntryPoint","urlTemplate":"https:\/\/intenz.fr\/?s={search_term_string}"},"query-input":{"@type":"PropertyValueSpecification","valueRequired":true,"valueName":"search_term_string"}}],"inLanguage":"fr-FR"},{"@type":"Organization","@id":"https:\/\/intenz.fr\/#organization","name":"InTenz","url":"https:\/\/intenz.fr\/","logo":{"@type":"ImageObject","inLanguage":"fr-FR","@id":"https:\/\/intenz.fr\/#\/schema\/logo\/image\/","url":"https:\/\/intenz.fr\/wp-content\/uploads\/2023\/12\/Intenz_Logo_sans_fond.png","contentUrl":"https:\/\/intenz.fr\/wp-content\/uploads\/2023\/12\/Intenz_Logo_sans_fond.png","width":1920,"height":1080,"caption":"InTenz"},"image":{"@id":"https:\/\/intenz.fr\/#\/schema\/logo\/image\/"},"sameAs":["https:\/\/www.linkedin.com\/company\/intenz-groupe-codilog\/"]}]}},"_links":{"self":[{"href":"https:\/\/intenz.fr\/index.php\/wp-json\/wp\/v2\/pages\/1142","targetHints":{"allow":["GET"]}}],"collection":[{"href":"https:\/\/intenz.fr\/index.php\/wp-json\/wp\/v2\/pages"}],"about":[{"href":"https:\/\/intenz.fr\/index.php\/wp-json\/wp\/v2\/types\/page"}],"author":[{"embeddable":true,"href":"https:\/\/intenz.fr\/index.php\/wp-json\/wp\/v2\/users\/1"}],"replies":[{"embeddable":true,"href":"https:\/\/intenz.fr\/index.php\/wp-json\/wp\/v2\/comments?post=1142"}],"version-history":[{"count":11,"href":"https:\/\/intenz.fr\/index.php\/wp-json\/wp\/v2\/pages\/1142\/revisions"}],"predecessor-version":[{"id":1165,"href":"https:\/\/intenz.fr\/index.php\/wp-json\/wp\/v2\/pages\/1142\/revisions\/1165"}],"wp:attachment":[{"href":"https:\/\/intenz.fr\/index.php\/wp-json\/wp\/v2\/media?parent=1142"}],"curies":[{"name":"wp","href":"https:\/\/api.w.org\/{rel}","templated":true}]}}