{"id":1166,"date":"2023-12-29T12:03:17","date_gmt":"2023-12-29T11:03:17","guid":{"rendered":"https:\/\/i-workspace.ovh\/?page_id=1166"},"modified":"2023-12-29T12:21:18","modified_gmt":"2023-12-29T11:21:18","slug":"rse","status":"publish","type":"page","link":"https:\/\/intenz.fr\/index.php\/rse\/","title":{"rendered":"RSE"},"content":{"rendered":"\t\t<div data-elementor-type=\"wp-page\" data-elementor-id=\"1166\" class=\"elementor elementor-1166\">\n\t\t\t\t<div class=\"elementor-element elementor-element-48680f0 e-flex e-con-boxed e-con e-parent\" data-id=\"48680f0\" data-element_type=\"container\" data-settings=\"{&quot;background_background&quot;:&quot;classic&quot;}\">\n\t\t\t\t\t<div class=\"e-con-inner\">\n\t\t\t\t<div class=\"elementor-element elementor-element-9f655e5 elementor-widget elementor-widget-heading\" data-id=\"9f655e5\" data-element_type=\"widget\" data-widget_type=\"heading.default\">\n\t\t\t\t<div class=\"elementor-widget-container\">\n\t\t\t\t\t<h2 class=\"elementor-heading-title elementor-size-default\">Notre engagement RSE: B\u00e2tir un avenir durable<\/h2>\t\t\t\t<\/div>\n\t\t\t\t<\/div>\n\t\t\t\t\t<\/div>\n\t\t\t\t<\/div>\n\t\t<div class=\"elementor-element elementor-element-0f8dfcb e-flex e-con-boxed e-con e-parent\" data-id=\"0f8dfcb\" data-element_type=\"container\">\n\t\t\t\t\t<div class=\"e-con-inner\">\n\t\t\t\t<div class=\"elementor-element elementor-element-fa2bc30 elementor-widget elementor-widget-text-editor\" data-id=\"fa2bc30\" data-element_type=\"widget\" data-widget_type=\"text-editor.default\">\n\t\t\t\t<div class=\"elementor-widget-container\">\n\t\t\t\t\t\t\t\t\t<p style=\"text-align: center;\"><strong>Chez InTenz, notre engagement envers la Responsabilit\u00e9 Soci\u00e9tale des Entreprises (RSE) constitue le fondement m\u00eame de notre vision d&rsquo;un monde professionnel durable. Guid\u00e9s par des valeurs \u00e9thiques et un profond respect de l&rsquo;environnement, nous avons int\u00e9gr\u00e9 une politique RSE au c\u0153ur de nos op\u00e9rations.<\/strong><\/p>\t\t\t\t\t\t\t\t<\/div>\n\t\t\t\t<\/div>\n\t\t<div class=\"elementor-element elementor-element-29731ad e-flex e-con-boxed e-con e-child\" data-id=\"29731ad\" data-element_type=\"container\">\n\t\t\t\t\t<div class=\"e-con-inner\">\n\t\t\t\t<div class=\"elementor-element elementor-element-bf40573 elementor-widget elementor-widget-heading\" data-id=\"bf40573\" data-element_type=\"widget\" data-widget_type=\"heading.default\">\n\t\t\t\t<div class=\"elementor-widget-container\">\n\t\t\t\t\t<h3 class=\"elementor-heading-title elementor-size-default\">Notre approche RSE<\/h3>\t\t\t\t<\/div>\n\t\t\t\t<\/div>\n\t\t<div class=\"elementor-element elementor-element-a9c0c95 e-flex e-con-boxed e-con e-child\" data-id=\"a9c0c95\" data-element_type=\"container\">\n\t\t\t\t\t<div class=\"e-con-inner\">\n\t\t<div class=\"elementor-element elementor-element-230576a e-flex e-con-boxed e-con e-child\" data-id=\"230576a\" data-element_type=\"container\">\n\t\t\t\t\t<div class=\"e-con-inner\">\n\t\t\t\t<div class=\"elementor-element elementor-element-62ea3f3 elementor-widget elementor-widget-heading\" data-id=\"62ea3f3\" data-element_type=\"widget\" data-widget_type=\"heading.default\">\n\t\t\t\t<div class=\"elementor-widget-container\">\n\t\t\t\t\t<h4 class=\"elementor-heading-title elementor-size-default\">\u00c9thique des Affaires et Transparence<\/h4>\t\t\t\t<\/div>\n\t\t\t\t<\/div>\n\t\t\t\t<div class=\"elementor-element elementor-element-f72a733 elementor-widget elementor-widget-text-editor\" data-id=\"f72a733\" data-element_type=\"widget\" data-widget_type=\"text-editor.default\">\n\t\t\t\t<div class=\"elementor-widget-container\">\n\t\t\t\t\t\t\t\t\t<p style=\"text-align: center;\">InTenz s&rsquo;engage \u00e0 mener ses activit\u00e9s commerciales avec int\u00e9grit\u00e9, transparence et conformit\u00e9 \u00e9thique. Nous adh\u00e9rons aux normes et r\u00e9glementations en vigueur, tout en favorisant une culture d&rsquo;honn\u00eatet\u00e9 et de responsabilit\u00e9.<\/p>\t\t\t\t\t\t\t\t<\/div>\n\t\t\t\t<\/div>\n\t\t\t\t\t<\/div>\n\t\t\t\t<\/div>\n\t\t<div class=\"elementor-element elementor-element-f98577b e-flex e-con-boxed e-con e-child\" data-id=\"f98577b\" data-element_type=\"container\">\n\t\t\t\t\t<div class=\"e-con-inner\">\n\t\t\t\t<div class=\"elementor-element elementor-element-43baded elementor-widget elementor-widget-heading\" data-id=\"43baded\" data-element_type=\"widget\" data-widget_type=\"heading.default\">\n\t\t\t\t<div class=\"elementor-widget-container\">\n\t\t\t\t\t<h4 class=\"elementor-heading-title elementor-size-default\">Innovation Responsable<\/h4>\t\t\t\t<\/div>\n\t\t\t\t<\/div>\n\t\t\t\t<div class=\"elementor-element elementor-element-ff249c8 elementor-widget elementor-widget-text-editor\" data-id=\"ff249c8\" data-element_type=\"widget\" data-widget_type=\"text-editor.default\">\n\t\t\t\t<div class=\"elementor-widget-container\">\n\t\t\t\t\t\t\t\t\t<p style=\"text-align: center;\">En tant que sp\u00e9cialistes SAP, nous croyons fermement que la technologie peut \u00eatre un catalyseur de changement positif. Nous encourageons l&rsquo;utilisation de solutions SAP ax\u00e9es sur la durabilit\u00e9, permettant \u00e0 nos clients d&rsquo;optimiser leurs processus tout en minimisant leur empreinte environnementale.<\/p>\t\t\t\t\t\t\t\t<\/div>\n\t\t\t\t<\/div>\n\t\t\t\t\t<\/div>\n\t\t\t\t<\/div>\n\t\t\t\t\t<\/div>\n\t\t\t\t<\/div>\n\t\t<div class=\"elementor-element elementor-element-c73eb56 e-flex e-con-boxed e-con e-child\" data-id=\"c73eb56\" data-element_type=\"container\">\n\t\t\t\t\t<div class=\"e-con-inner\">\n\t\t<div class=\"elementor-element elementor-element-999b921 e-flex e-con-boxed e-con e-child\" data-id=\"999b921\" data-element_type=\"container\">\n\t\t\t\t\t<div class=\"e-con-inner\">\n\t\t\t\t<div class=\"elementor-element elementor-element-0817b58 elementor-widget elementor-widget-heading\" data-id=\"0817b58\" data-element_type=\"widget\" data-widget_type=\"heading.default\">\n\t\t\t\t<div class=\"elementor-widget-container\">\n\t\t\t\t\t<h4 class=\"elementor-heading-title elementor-size-default\">R\u00e9duction de l'Impact Environnemental<\/h4>\t\t\t\t<\/div>\n\t\t\t\t<\/div>\n\t\t\t\t<div class=\"elementor-element elementor-element-ecd1e0f elementor-widget elementor-widget-text-editor\" data-id=\"ecd1e0f\" data-element_type=\"widget\" data-widget_type=\"text-editor.default\">\n\t\t\t\t<div class=\"elementor-widget-container\">\n\t\t\t\t\t\t\t\t\t<p style=\"text-align: center;\">InTenz est r\u00e9solument engag\u00e9e \u00e0 r\u00e9duire son impact environnemental. Nous adoptons des pratiques \u00e9co-responsables dans nos op\u00e9rations internes, favorisons l&rsquo;utilisation responsable des ressources et \u0153uvrons pour minimiser notre empreinte carbone.<\/p>\t\t\t\t\t\t\t\t<\/div>\n\t\t\t\t<\/div>\n\t\t\t\t\t<\/div>\n\t\t\t\t<\/div>\n\t\t<div class=\"elementor-element elementor-element-02c1daf e-flex e-con-boxed e-con e-child\" data-id=\"02c1daf\" data-element_type=\"container\">\n\t\t\t\t\t<div class=\"e-con-inner\">\n\t\t\t\t<div class=\"elementor-element elementor-element-a1f4a46 elementor-widget elementor-widget-heading\" data-id=\"a1f4a46\" data-element_type=\"widget\" data-widget_type=\"heading.default\">\n\t\t\t\t<div class=\"elementor-widget-container\">\n\t\t\t\t\t<h4 class=\"elementor-heading-title elementor-size-default\">Sensibilisation<\/h4>\t\t\t\t<\/div>\n\t\t\t\t<\/div>\n\t\t\t\t<div class=\"elementor-element elementor-element-be79c23 elementor-widget elementor-widget-text-editor\" data-id=\"be79c23\" data-element_type=\"widget\" data-widget_type=\"text-editor.default\">\n\t\t\t\t<div class=\"elementor-widget-container\">\n\t\t\t\t\t\t\t\t\t<p style=\"text-align: center;\">\u00a0Nous investissons dans la sensibilisation de nos \u00e9quipes\u00a0 aux enjeux environnementaux et sur les actions qu&rsquo;ils peuvent mener au quotidien.<\/p>\t\t\t\t\t\t\t\t<\/div>\n\t\t\t\t<\/div>\n\t\t\t\t\t<\/div>\n\t\t\t\t<\/div>\n\t\t\t\t\t<\/div>\n\t\t\t\t<\/div>\n\t\t\t\t\t<\/div>\n\t\t\t\t<\/div>\n\t\t<div class=\"elementor-element elementor-element-7d54e94 e-flex e-con-boxed e-con e-child\" data-id=\"7d54e94\" data-element_type=\"container\">\n\t\t\t\t\t<div class=\"e-con-inner\">\n\t\t\t\t<div class=\"elementor-element elementor-element-7ad6014 elementor-widget elementor-widget-heading\" data-id=\"7ad6014\" data-element_type=\"widget\" data-widget_type=\"heading.default\">\n\t\t\t\t<div class=\"elementor-widget-container\">\n\t\t\t\t\t<h3 class=\"elementor-heading-title elementor-size-default\">Un Partenaire SAP Engag\u00e9<\/h3>\t\t\t\t<\/div>\n\t\t\t\t<\/div>\n\t\t\t\t<div class=\"elementor-element elementor-element-5c8a392 elementor-widget elementor-widget-text-editor\" data-id=\"5c8a392\" data-element_type=\"widget\" data-widget_type=\"text-editor.default\">\n\t\t\t\t<div class=\"elementor-widget-container\">\n\t\t\t\t\t\t\t\t\t<p style=\"text-align: center;\">En choisissant InTenz comme partenaire SAP, vous collaborez avec une entreprise qui place la durabilit\u00e9 au c\u0153ur de ses pr\u00e9occupations. Notre engagement RSE ne se limite pas \u00e0 des mots, mais se traduit concr\u00e8tement dans chacune de nos actions, contribuant \u00e0 un monde professionnel plus \u00e9thique, responsable et durable. Ensemble, b\u00e2tissons un avenir durable avec SAP.<\/p>\t\t\t\t\t\t\t\t<\/div>\n\t\t\t\t<\/div>\n\t\t\t\t\t<\/div>\n\t\t\t\t<\/div>\n\t\t\t\t\t<\/div>\n\t\t\t\t<\/div>\n\t\t\t\t<\/div>\n\t\t","protected":false},"excerpt":{"rendered":"<p>Notre engagement RSE: B\u00e2tir un avenir durable Chez InTenz, notre engagement envers la Responsabilit\u00e9 Soci\u00e9tale des Entreprises (RSE) constitue le fondement m\u00eame de notre vision d&rsquo;un monde professionnel durable. Guid\u00e9s par des valeurs \u00e9thiques et un profond respect de l&rsquo;environnement, nous avons int\u00e9gr\u00e9 une politique RSE au c\u0153ur de nos op\u00e9rations. Notre approche RSE \u00c9thique&hellip;&nbsp;<a href=\"https:\/\/intenz.fr\/index.php\/rse\/\" class=\"\" rel=\"bookmark\">Lire la suite &raquo;<span class=\"screen-reader-text\">RSE<\/span><\/a><\/p>\n","protected":false},"author":1,"featured_media":0,"parent":0,"menu_order":0,"comment_status":"closed","ping_status":"closed","template":"page-templates\/template-pagebuilder-full-width.php","meta":{"neve_meta_sidebar":"","neve_meta_container":"","neve_meta_enable_content_width":"","neve_meta_content_width":0,"neve_meta_title_alignment":"","neve_meta_author_avatar":"","neve_post_elements_order":"","neve_meta_disable_header":"","neve_meta_disable_footer":"","neve_meta_disable_title":"","footnotes":""},"class_list":["post-1166","page","type-page","status-publish","hentry"],"yoast_head":"<!-- This site is optimized with the Yoast SEO plugin v24.1 - https:\/\/yoast.com\/wordpress\/plugins\/seo\/ -->\n<title>RSE - InTenz<\/title>\n<meta name=\"robots\" content=\"index, follow, max-snippet:-1, max-image-preview:large, max-video-preview:-1\" \/>\n<link rel=\"canonical\" href=\"https:\/\/intenz.fr\/index.php\/rse\/\" \/>\n<meta property=\"og:locale\" content=\"fr_FR\" \/>\n<meta property=\"og:type\" content=\"article\" \/>\n<meta property=\"og:title\" content=\"RSE - InTenz\" \/>\n<meta property=\"og:description\" content=\"Notre engagement RSE: B\u00e2tir un avenir durable Chez InTenz, notre engagement envers la Responsabilit\u00e9 Soci\u00e9tale des Entreprises (RSE) constitue le fondement m\u00eame de notre vision d&rsquo;un monde professionnel durable. Guid\u00e9s par des valeurs \u00e9thiques et un profond respect de l&rsquo;environnement, nous avons int\u00e9gr\u00e9 une politique RSE au c\u0153ur de nos op\u00e9rations. Notre approche RSE \u00c9thique&hellip;&nbsp;Lire la suite &raquo;RSE\" \/>\n<meta property=\"og:url\" content=\"https:\/\/intenz.fr\/index.php\/rse\/\" \/>\n<meta property=\"og:site_name\" content=\"InTenz\" \/>\n<meta property=\"article:modified_time\" content=\"2023-12-29T11:21:18+00:00\" \/>\n<meta name=\"twitter:card\" content=\"summary_large_image\" \/>\n<meta name=\"twitter:label1\" content=\"Dur\u00e9e de lecture estim\u00e9e\" \/>\n\t<meta name=\"twitter:data1\" content=\"1 minute\" \/>\n<script type=\"application\/ld+json\" class=\"yoast-schema-graph\">{\"@context\":\"https:\/\/schema.org\",\"@graph\":[{\"@type\":\"WebPage\",\"@id\":\"https:\/\/intenz.fr\/index.php\/rse\/\",\"url\":\"https:\/\/intenz.fr\/index.php\/rse\/\",\"name\":\"RSE - InTenz\",\"isPartOf\":{\"@id\":\"https:\/\/intenz.fr\/#website\"},\"datePublished\":\"2023-12-29T11:03:17+00:00\",\"dateModified\":\"2023-12-29T11:21:18+00:00\",\"breadcrumb\":{\"@id\":\"https:\/\/intenz.fr\/index.php\/rse\/#breadcrumb\"},\"inLanguage\":\"fr-FR\",\"potentialAction\":[{\"@type\":\"ReadAction\",\"target\":[\"https:\/\/intenz.fr\/index.php\/rse\/\"]}]},{\"@type\":\"BreadcrumbList\",\"@id\":\"https:\/\/intenz.fr\/index.php\/rse\/#breadcrumb\",\"itemListElement\":[{\"@type\":\"ListItem\",\"position\":1,\"name\":\"Accueil\",\"item\":\"https:\/\/intenz.fr\/\"},{\"@type\":\"ListItem\",\"position\":2,\"name\":\"RSE\"}]},{\"@type\":\"WebSite\",\"@id\":\"https:\/\/intenz.fr\/#website\",\"url\":\"https:\/\/intenz.fr\/\",\"name\":\"InTenz\",\"description\":\"\",\"publisher\":{\"@id\":\"https:\/\/intenz.fr\/#organization\"},\"potentialAction\":[{\"@type\":\"SearchAction\",\"target\":{\"@type\":\"EntryPoint\",\"urlTemplate\":\"https:\/\/intenz.fr\/?s={search_term_string}\"},\"query-input\":{\"@type\":\"PropertyValueSpecification\",\"valueRequired\":true,\"valueName\":\"search_term_string\"}}],\"inLanguage\":\"fr-FR\"},{\"@type\":\"Organization\",\"@id\":\"https:\/\/intenz.fr\/#organization\",\"name\":\"InTenz\",\"url\":\"https:\/\/intenz.fr\/\",\"logo\":{\"@type\":\"ImageObject\",\"inLanguage\":\"fr-FR\",\"@id\":\"https:\/\/intenz.fr\/#\/schema\/logo\/image\/\",\"url\":\"https:\/\/intenz.fr\/wp-content\/uploads\/2023\/12\/Intenz_Logo_sans_fond.png\",\"contentUrl\":\"https:\/\/intenz.fr\/wp-content\/uploads\/2023\/12\/Intenz_Logo_sans_fond.png\",\"width\":1920,\"height\":1080,\"caption\":\"InTenz\"},\"image\":{\"@id\":\"https:\/\/intenz.fr\/#\/schema\/logo\/image\/\"},\"sameAs\":[\"https:\/\/www.linkedin.com\/company\/intenz-groupe-codilog\/\"]}]}<\/script>\n<!-- \/ Yoast SEO plugin. -->","yoast_head_json":{"title":"RSE - InTenz","robots":{"index":"index","follow":"follow","max-snippet":"max-snippet:-1","max-image-preview":"max-image-preview:large","max-video-preview":"max-video-preview:-1"},"canonical":"https:\/\/intenz.fr\/index.php\/rse\/","og_locale":"fr_FR","og_type":"article","og_title":"RSE - InTenz","og_description":"Notre engagement RSE: B\u00e2tir un avenir durable Chez InTenz, notre engagement envers la Responsabilit\u00e9 Soci\u00e9tale des Entreprises (RSE) constitue le fondement m\u00eame de notre vision d&rsquo;un monde professionnel durable. Guid\u00e9s par des valeurs \u00e9thiques et un profond respect de l&rsquo;environnement, nous avons int\u00e9gr\u00e9 une politique RSE au c\u0153ur de nos op\u00e9rations. Notre approche RSE \u00c9thique&hellip;&nbsp;Lire la suite &raquo;RSE","og_url":"https:\/\/intenz.fr\/index.php\/rse\/","og_site_name":"InTenz","article_modified_time":"2023-12-29T11:21:18+00:00","twitter_card":"summary_large_image","twitter_misc":{"Dur\u00e9e de lecture estim\u00e9e":"1 minute"},"schema":{"@context":"https:\/\/schema.org","@graph":[{"@type":"WebPage","@id":"https:\/\/intenz.fr\/index.php\/rse\/","url":"https:\/\/intenz.fr\/index.php\/rse\/","name":"RSE - InTenz","isPartOf":{"@id":"https:\/\/intenz.fr\/#website"},"datePublished":"2023-12-29T11:03:17+00:00","dateModified":"2023-12-29T11:21:18+00:00","breadcrumb":{"@id":"https:\/\/intenz.fr\/index.php\/rse\/#breadcrumb"},"inLanguage":"fr-FR","potentialAction":[{"@type":"ReadAction","target":["https:\/\/intenz.fr\/index.php\/rse\/"]}]},{"@type":"BreadcrumbList","@id":"https:\/\/intenz.fr\/index.php\/rse\/#breadcrumb","itemListElement":[{"@type":"ListItem","position":1,"name":"Accueil","item":"https:\/\/intenz.fr\/"},{"@type":"ListItem","position":2,"name":"RSE"}]},{"@type":"WebSite","@id":"https:\/\/intenz.fr\/#website","url":"https:\/\/intenz.fr\/","name":"InTenz","description":"","publisher":{"@id":"https:\/\/intenz.fr\/#organization"},"potentialAction":[{"@type":"SearchAction","target":{"@type":"EntryPoint","urlTemplate":"https:\/\/intenz.fr\/?s={search_term_string}"},"query-input":{"@type":"PropertyValueSpecification","valueRequired":true,"valueName":"search_term_string"}}],"inLanguage":"fr-FR"},{"@type":"Organization","@id":"https:\/\/intenz.fr\/#organization","name":"InTenz","url":"https:\/\/intenz.fr\/","logo":{"@type":"ImageObject","inLanguage":"fr-FR","@id":"https:\/\/intenz.fr\/#\/schema\/logo\/image\/","url":"https:\/\/intenz.fr\/wp-content\/uploads\/2023\/12\/Intenz_Logo_sans_fond.png","contentUrl":"https:\/\/intenz.fr\/wp-content\/uploads\/2023\/12\/Intenz_Logo_sans_fond.png","width":1920,"height":1080,"caption":"InTenz"},"image":{"@id":"https:\/\/intenz.fr\/#\/schema\/logo\/image\/"},"sameAs":["https:\/\/www.linkedin.com\/company\/intenz-groupe-codilog\/"]}]}},"_links":{"self":[{"href":"https:\/\/intenz.fr\/index.php\/wp-json\/wp\/v2\/pages\/1166","targetHints":{"allow":["GET"]}}],"collection":[{"href":"https:\/\/intenz.fr\/index.php\/wp-json\/wp\/v2\/pages"}],"about":[{"href":"https:\/\/intenz.fr\/index.php\/wp-json\/wp\/v2\/types\/page"}],"author":[{"embeddable":true,"href":"https:\/\/intenz.fr\/index.php\/wp-json\/wp\/v2\/users\/1"}],"replies":[{"embeddable":true,"href":"https:\/\/intenz.fr\/index.php\/wp-json\/wp\/v2\/comments?post=1166"}],"version-history":[{"count":5,"href":"https:\/\/intenz.fr\/index.php\/wp-json\/wp\/v2\/pages\/1166\/revisions"}],"predecessor-version":[{"id":1172,"href":"https:\/\/intenz.fr\/index.php\/wp-json\/wp\/v2\/pages\/1166\/revisions\/1172"}],"wp:attachment":[{"href":"https:\/\/intenz.fr\/index.php\/wp-json\/wp\/v2\/media?parent=1166"}],"curies":[{"name":"wp","href":"https:\/\/api.w.org\/{rel}","templated":true}]}}