{"id":3,"date":"2023-10-11T08:43:35","date_gmt":"2023-10-11T06:43:35","guid":{"rendered":"http:\/\/i-workspace.ovh\/?page_id=3"},"modified":"2023-12-31T18:12:52","modified_gmt":"2023-12-31T17:12:52","slug":"politique-de-confidentialite","status":"publish","type":"page","link":"https:\/\/intenz.fr\/index.php\/politique-de-confidentialite\/","title":{"rendered":"Politique de confidentialit\u00e9"},"content":{"rendered":"\t\t<div data-elementor-type=\"wp-page\" data-elementor-id=\"3\" class=\"elementor elementor-3\">\n\t\t\t\t<div class=\"elementor-element elementor-element-9f74250 e-flex e-con-boxed e-con e-parent\" data-id=\"9f74250\" data-element_type=\"container\">\n\t\t\t\t\t<div class=\"e-con-inner\">\n\t\t\t\t<div class=\"elementor-element elementor-element-4b67149 elementor-widget elementor-widget-heading\" data-id=\"4b67149\" data-element_type=\"widget\" data-widget_type=\"heading.default\">\n\t\t\t\t<div class=\"elementor-widget-container\">\n\t\t\t\t\t<h2 class=\"elementor-heading-title elementor-size-default\">Politique de confidentialit\u00e9<\/h2>\t\t\t\t<\/div>\n\t\t\t\t<\/div>\n\t\t\t\t\t<\/div>\n\t\t\t\t<\/div>\n\t\t<div class=\"elementor-element elementor-element-50add73 e-flex e-con-boxed e-con e-parent\" data-id=\"50add73\" data-element_type=\"container\">\n\t\t\t\t\t<div class=\"e-con-inner\">\n\t\t\t\t<div class=\"elementor-element elementor-element-789a871 elementor-widget elementor-widget-text-editor\" data-id=\"789a871\" data-element_type=\"widget\" data-widget_type=\"text-editor.default\">\n\t\t\t\t<div class=\"elementor-widget-container\">\n\t\t\t\t\t\t\t\t\t<p>La pr\u00e9sente charte\u00a0 a \u00e9t\u00e9 \u00e9labor\u00e9e en vue de d\u00e9finir les engagements pour la protection des donn\u00e9es et pr\u00e9ciser la mise en place du R\u00e8glement G\u00e9n\u00e9ral de Protection des Donn\u00e9es \u2013 \u00ab RGPD \u00bb au sein de la soci\u00e9t\u00e9 InTenz,<\/p><p>La Soci\u00e9t\u00e9 informe des proc\u00e9d\u00e9s de collecte des donn\u00e9es personnelles, de leur utilisation ainsi que des options dont disposent les personnes concern\u00e9es.<\/p><p>La Soci\u00e9t\u00e9 se conforme au R\u00e8glement G\u00e9n\u00e9ral de la Protection des Donn\u00e9es n\u00b0 2016\/679 (dit \u00ab\u00a0RGPD\u00a0\u00bb), r\u00e8glement europ\u00e9en applicable depuis le 25 mai 2018 destin\u00e9 aux Etats-Membres de l\u2019Union-Europ\u00e9enne.<\/p>\t\t\t\t\t\t\t\t<\/div>\n\t\t\t\t<\/div>\n\t\t\t\t<div class=\"elementor-element elementor-element-279118d elementor-widget elementor-widget-heading\" data-id=\"279118d\" data-element_type=\"widget\" data-widget_type=\"heading.default\">\n\t\t\t\t<div class=\"elementor-widget-container\">\n\t\t\t\t\t<h4 class=\"elementor-heading-title elementor-size-default\">Consentement<\/h4>\t\t\t\t<\/div>\n\t\t\t\t<\/div>\n\t\t\t\t<div class=\"elementor-element elementor-element-60b3e96 elementor-widget elementor-widget-text-editor\" data-id=\"60b3e96\" data-element_type=\"widget\" data-widget_type=\"text-editor.default\">\n\t\t\t\t<div class=\"elementor-widget-container\">\n\t\t\t\t\t\t\t\t\t<p class=\"Corps\">En utilisant le site intenz.fr les utilisateurs consentent \u00e0 :<\/p>\n<p class=\"Corps\">Toutes les conditions incluses dans la pr\u00e9sente politique de confidentialit\u00e9 ;<br \/>La collecte, l\u2019utilisation et la conservation des donn\u00e9es list\u00e9es dans la pr\u00e9sente politique de confidentialit\u00e9.<\/p>\t\t\t\t\t\t\t\t<\/div>\n\t\t\t\t<\/div>\n\t\t\t\t<div class=\"elementor-element elementor-element-5d111a0 elementor-widget elementor-widget-heading\" data-id=\"5d111a0\" data-element_type=\"widget\" data-widget_type=\"heading.default\">\n\t\t\t\t<div class=\"elementor-widget-container\">\n\t\t\t\t\t<h4 class=\"elementor-heading-title elementor-size-default\">Donn\u00e9es collect\u00e9es au sein de l\u2019entreprise<\/h4>\t\t\t\t<\/div>\n\t\t\t\t<\/div>\n\t\t\t\t<div class=\"elementor-element elementor-element-dc4b04b elementor-widget elementor-widget-text-editor\" data-id=\"dc4b04b\" data-element_type=\"widget\" data-widget_type=\"text-editor.default\">\n\t\t\t\t<div class=\"elementor-widget-container\">\n\t\t\t\t\t\t\t\t\t<p>Nous collectons les donn\u00e9es \u00e0 caract\u00e8re personnel de nos utilisateurs afin d\u2019offrir les services pour lesquels ils ont souscrit.<\/p>\t\t\t\t\t\t\t\t<\/div>\n\t\t\t\t<\/div>\n\t\t\t\t<div class=\"elementor-element elementor-element-5663c93 elementor-widget elementor-widget-heading\" data-id=\"5663c93\" data-element_type=\"widget\" data-widget_type=\"heading.default\">\n\t\t\t\t<div class=\"elementor-widget-container\">\n\t\t\t\t\t<h4 class=\"elementor-heading-title elementor-size-default\">Finalit\u00e9s des donn\u00e9es collect\u00e9es<\/h4>\t\t\t\t<\/div>\n\t\t\t\t<\/div>\n\t\t\t\t<div class=\"elementor-element elementor-element-186ecec elementor-widget elementor-widget-text-editor\" data-id=\"186ecec\" data-element_type=\"widget\" data-widget_type=\"text-editor.default\">\n\t\t\t\t<div class=\"elementor-widget-container\">\n\t\t\t\t\t\t\t\t\t<p>Seules les donn\u00e9es n\u00e9cessaires et pertinentes au regard des finalit\u00e9s poursuivies sont collect\u00e9es, dans le respect du principe de proportionnalit\u00e9 et ce afin d\u2019am\u00e9liorer la qualit\u00e9 des produits ou services que la Soci\u00e9t\u00e9 propose.<\/p>\t\t\t\t\t\t\t\t<\/div>\n\t\t\t\t<\/div>\n\t\t\t\t<div class=\"elementor-element elementor-element-d758cab elementor-widget elementor-widget-heading\" data-id=\"d758cab\" data-element_type=\"widget\" data-widget_type=\"heading.default\">\n\t\t\t\t<div class=\"elementor-widget-container\">\n\t\t\t\t\t<h4 class=\"elementor-heading-title elementor-size-default\">Utilisation des donn\u00e9es collect\u00e9es<\/h4>\t\t\t\t<\/div>\n\t\t\t\t<\/div>\n\t\t\t\t<div class=\"elementor-element elementor-element-2cd339e elementor-widget elementor-widget-text-editor\" data-id=\"2cd339e\" data-element_type=\"widget\" data-widget_type=\"text-editor.default\">\n\t\t\t\t<div class=\"elementor-widget-container\">\n\t\t\t\t\t\t\t\t\t<p>Les Donn\u00e9es collect\u00e9es par l\u2019entreprise sont trait\u00e9es pour les besoins d\u2019ex\u00e9cution des op\u00e9rations sur les contenus du service. Cette utilisation repose sur l\u2019un des fondements juridiques pr\u00e9vus par la loi soit\u00a0:<\/p>\n<ul>\n<li style=\"list-style-type: none;\">\n<ul>\n<li style=\"list-style-type: none;\">\n<ul>\n<li style=\"list-style-type: none;\">\n<ul>\n<li>La protection des int\u00e9r\u00eats l\u00e9gitimes de l\u2019entreprise,<\/li>\n<li>L\u2019ex\u00e9cution d\u2019un contrat conclu ou d\u2019un engagement,<\/li>\n<li>Le respect d\u2019une obligation l\u00e9gale ou r\u00e9glementaire,<\/li>\n<li>La pr\u00e9servation de l\u2019int\u00e9r\u00eat public, comme la pr\u00e9vention ou la d\u00e9tection d\u2019une fraude ou d\u2019un d\u00e9lit financier.<\/li>\n<\/ul>\n<\/li>\n<\/ul>\n<\/li>\n<\/ul>\n<\/li>\n<\/ul>\n<p>\u00a0<\/p>\n<p>En aucun cas, les donn\u00e9es ne seront trait\u00e9es d\u2019une mani\u00e8re incompatible avec ces finalit\u00e9s, sauf \u00e0 recueillir un accord pr\u00e9alable.<\/p>\t\t\t\t\t\t\t\t<\/div>\n\t\t\t\t<\/div>\n\t\t\t\t<div class=\"elementor-element elementor-element-fd6cc76 elementor-widget elementor-widget-heading\" data-id=\"fd6cc76\" data-element_type=\"widget\" data-widget_type=\"heading.default\">\n\t\t\t\t<div class=\"elementor-widget-container\">\n\t\t\t\t\t<h4 class=\"elementor-heading-title elementor-size-default\">Droits de l\u2019utilisateur<\/h4>\t\t\t\t<\/div>\n\t\t\t\t<\/div>\n\t\t\t\t<div class=\"elementor-element elementor-element-4f2ad5d elementor-widget elementor-widget-text-editor\" data-id=\"4f2ad5d\" data-element_type=\"widget\" data-widget_type=\"text-editor.default\">\n\t\t\t\t<div class=\"elementor-widget-container\">\n\t\t\t\t\t\t\t\t\t<p class=\"Corps\">Conform\u00e9ment au chapitre 3 art 12-23 du RGPD, les utilisateurs du site intenz.fr ont, en ce qui concerne leurs donn\u00e9es personnelles, les droits suivants :<\/p>\n<ul>\n<li style=\"list-style-type: none;\">\n<ul>\n<li style=\"list-style-type: none;\">\n<ul>\n<li style=\"list-style-type: none;\">\n<ul>\n<li class=\"Corps\">Droit d\u2019acc\u00e8s<\/li>\n<li class=\"Corps\">Droit de rectification<\/li>\n<li class=\"Corps\">Droit \u00e0 l\u2019effacement<\/li>\n<li class=\"Corps\">Droit de restreindre le traitement<\/li>\n<li class=\"Corps\">Droit \u00e0 la portabilit\u00e9 des donn\u00e9es<\/li>\n<li class=\"Corps\">Droit d\u2019objection<\/li>\n<\/ul>\n<\/li>\n<\/ul>\n<\/li>\n<\/ul>\n<\/li>\n<\/ul>\t\t\t\t\t\t\t\t<\/div>\n\t\t\t\t<\/div>\n\t\t\t\t<div class=\"elementor-element elementor-element-87b1caa elementor-widget elementor-widget-heading\" data-id=\"87b1caa\" data-element_type=\"widget\" data-widget_type=\"heading.default\">\n\t\t\t\t<div class=\"elementor-widget-container\">\n\t\t\t\t\t<h4 class=\"elementor-heading-title elementor-size-default\">S\u00e9curit\u00e9 des donn\u00e9es<\/h4>\t\t\t\t<\/div>\n\t\t\t\t<\/div>\n\t\t\t\t<div class=\"elementor-element elementor-element-d3ec438 elementor-widget elementor-widget-text-editor\" data-id=\"d3ec438\" data-element_type=\"widget\" data-widget_type=\"text-editor.default\">\n\t\t\t\t<div class=\"elementor-widget-container\">\n\t\t\t\t\t\t\t\t\t<p>Les donn\u00e9es personnelles recueillies par la Soci\u00e9t\u00e9 ne sont en aucun cas c\u00e9d\u00e9es, lou\u00e9es ou \u00e9chang\u00e9es \u00e0 des tiers, \u00e0 l\u2019exception des partenaires et filiales de la Soci\u00e9t\u00e9, \u00e0 moins que cela n\u2019ait \u00e9t\u00e9 clairement pr\u00e9cis\u00e9 lors de la collecte des donn\u00e9es concern\u00e9es.<\/p>\n<p>Les donn\u00e9es sont stock\u00e9es et conserv\u00e9es pour la dur\u00e9e n\u00e9cessaire \u00e0 la r\u00e9alisation des finalit\u00e9s vis\u00e9es.<\/p>\t\t\t\t\t\t\t\t<\/div>\n\t\t\t\t<\/div>\n\t\t\t\t<div class=\"elementor-element elementor-element-bb2bdba elementor-widget elementor-widget-heading\" data-id=\"bb2bdba\" data-element_type=\"widget\" data-widget_type=\"heading.default\">\n\t\t\t\t<div class=\"elementor-widget-container\">\n\t\t\t\t\t<h4 class=\"elementor-heading-title elementor-size-default\">Les cookies<\/h4>\t\t\t\t<\/div>\n\t\t\t\t<\/div>\n\t\t\t\t<div class=\"elementor-element elementor-element-c038e0a elementor-widget elementor-widget-text-editor\" data-id=\"c038e0a\" data-element_type=\"widget\" data-widget_type=\"text-editor.default\">\n\t\t\t\t<div class=\"elementor-widget-container\">\n\t\t\t\t\t\t\t\t\t<p>Les sites et services de la Soci\u00e9t\u00e9 peuvent \u00e9mettre des cookies. Ils permettent de reconna\u00eetre le terminal concern\u00e9 \u00e0 chaque fois que ce terminal acc\u00e8de \u00e0 un contenu num\u00e9rique comportant des cookies du m\u00eame \u00e9metteur. Ils permettent aux services de fonctionner efficacement, et de se souvenir des pr\u00e9f\u00e9rences.<\/p>\n<p>Il y a tout de m\u00eame une possibilit\u00e9 d\u2019effacer les cookies stock\u00e9s sur le terminal de connexion afin de supprimer d\u00e9finitivement les informations qu\u2019ils contiennent.<\/p>\t\t\t\t\t\t\t\t<\/div>\n\t\t\t\t<\/div>\n\t\t\t\t\t<\/div>\n\t\t\t\t<\/div>\n\t\t<div class=\"elementor-element elementor-element-06423bd e-flex e-con-boxed e-con e-parent\" data-id=\"06423bd\" data-element_type=\"container\">\n\t\t\t\t\t<div class=\"e-con-inner\">\n\t\t\t\t<div class=\"elementor-element elementor-element-b91eb8b elementor-widget elementor-widget-text-editor\" data-id=\"b91eb8b\" data-element_type=\"widget\" data-widget_type=\"text-editor.default\">\n\t\t\t\t<div class=\"elementor-widget-container\">\n\t\t\t\t\t\t\t\t\t<p style=\"text-align: center;\"><strong>Si vous avez des questions ou des pr\u00e9occupations concernant cette Politique de confidentialit\u00e9, ou si vous souhaitez d\u00e9poser une plainte, veuillez contacter notre Chef des affaires juridiques et responsable de la protection des renseignements personnels, par courriel \u00e0 <a href=\"mailto:contact@intenz.fr\">contact@intenz.fr<\/a><\/strong><\/p>\t\t\t\t\t\t\t\t<\/div>\n\t\t\t\t<\/div>\n\t\t\t\t\t<\/div>\n\t\t\t\t<\/div>\n\t\t\t\t<\/div>\n\t\t","protected":false},"excerpt":{"rendered":"<p>Politique de confidentialit\u00e9 La pr\u00e9sente charte\u00a0 a \u00e9t\u00e9 \u00e9labor\u00e9e en vue de d\u00e9finir les engagements pour la protection des donn\u00e9es et pr\u00e9ciser la mise en place du R\u00e8glement G\u00e9n\u00e9ral de Protection des Donn\u00e9es \u2013 \u00ab RGPD \u00bb au sein de la soci\u00e9t\u00e9 InTenz, La Soci\u00e9t\u00e9 informe des proc\u00e9d\u00e9s de collecte des donn\u00e9es personnelles, de leur&hellip;&nbsp;<a href=\"https:\/\/intenz.fr\/index.php\/politique-de-confidentialite\/\" class=\"\" rel=\"bookmark\">Lire la suite &raquo;<span class=\"screen-reader-text\">Politique de confidentialit\u00e9<\/span><\/a><\/p>\n","protected":false},"author":1,"featured_media":0,"parent":0,"menu_order":0,"comment_status":"closed","ping_status":"open","template":"page-templates\/template-pagebuilder-full-width.php","meta":{"neve_meta_sidebar":"","neve_meta_container":"","neve_meta_enable_content_width":"","neve_meta_content_width":0,"neve_meta_title_alignment":"","neve_meta_author_avatar":"","neve_post_elements_order":"","neve_meta_disable_header":"","neve_meta_disable_footer":"","neve_meta_disable_title":"","footnotes":""},"class_list":["post-3","page","type-page","status-publish","hentry"],"yoast_head":"<!-- This site is optimized with the Yoast SEO plugin v24.1 - https:\/\/yoast.com\/wordpress\/plugins\/seo\/ -->\n<title>Politique de confidentialit\u00e9 - InTenz<\/title>\n<meta name=\"robots\" content=\"index, follow, max-snippet:-1, max-image-preview:large, max-video-preview:-1\" \/>\n<link rel=\"canonical\" href=\"https:\/\/intenz.fr\/index.php\/politique-de-confidentialite\/\" \/>\n<meta property=\"og:locale\" content=\"fr_FR\" \/>\n<meta property=\"og:type\" content=\"article\" \/>\n<meta property=\"og:title\" content=\"Politique de confidentialit\u00e9 - InTenz\" \/>\n<meta property=\"og:description\" content=\"Politique de confidentialit\u00e9 La pr\u00e9sente charte\u00a0 a \u00e9t\u00e9 \u00e9labor\u00e9e en vue de d\u00e9finir les engagements pour la protection des donn\u00e9es et pr\u00e9ciser la mise en place du R\u00e8glement G\u00e9n\u00e9ral de Protection des Donn\u00e9es \u2013 \u00ab RGPD \u00bb au sein de la soci\u00e9t\u00e9 InTenz, La Soci\u00e9t\u00e9 informe des proc\u00e9d\u00e9s de collecte des donn\u00e9es personnelles, de leur&hellip;&nbsp;Lire la suite &raquo;Politique de confidentialit\u00e9\" \/>\n<meta property=\"og:url\" content=\"https:\/\/intenz.fr\/index.php\/politique-de-confidentialite\/\" \/>\n<meta property=\"og:site_name\" content=\"InTenz\" \/>\n<meta property=\"article:modified_time\" content=\"2023-12-31T17:12:52+00:00\" \/>\n<meta name=\"twitter:card\" content=\"summary_large_image\" \/>\n<meta name=\"twitter:label1\" content=\"Dur\u00e9e de lecture estim\u00e9e\" \/>\n\t<meta name=\"twitter:data1\" content=\"3 minutes\" \/>\n<script type=\"application\/ld+json\" class=\"yoast-schema-graph\">{\"@context\":\"https:\/\/schema.org\",\"@graph\":[{\"@type\":\"WebPage\",\"@id\":\"https:\/\/intenz.fr\/index.php\/politique-de-confidentialite\/\",\"url\":\"https:\/\/intenz.fr\/index.php\/politique-de-confidentialite\/\",\"name\":\"Politique de confidentialit\u00e9 - InTenz\",\"isPartOf\":{\"@id\":\"https:\/\/intenz.fr\/#website\"},\"datePublished\":\"2023-10-11T06:43:35+00:00\",\"dateModified\":\"2023-12-31T17:12:52+00:00\",\"breadcrumb\":{\"@id\":\"https:\/\/intenz.fr\/index.php\/politique-de-confidentialite\/#breadcrumb\"},\"inLanguage\":\"fr-FR\",\"potentialAction\":[{\"@type\":\"ReadAction\",\"target\":[\"https:\/\/intenz.fr\/index.php\/politique-de-confidentialite\/\"]}]},{\"@type\":\"BreadcrumbList\",\"@id\":\"https:\/\/intenz.fr\/index.php\/politique-de-confidentialite\/#breadcrumb\",\"itemListElement\":[{\"@type\":\"ListItem\",\"position\":1,\"name\":\"Accueil\",\"item\":\"https:\/\/intenz.fr\/\"},{\"@type\":\"ListItem\",\"position\":2,\"name\":\"Politique de confidentialit\u00e9\"}]},{\"@type\":\"WebSite\",\"@id\":\"https:\/\/intenz.fr\/#website\",\"url\":\"https:\/\/intenz.fr\/\",\"name\":\"InTenz\",\"description\":\"\",\"publisher\":{\"@id\":\"https:\/\/intenz.fr\/#organization\"},\"potentialAction\":[{\"@type\":\"SearchAction\",\"target\":{\"@type\":\"EntryPoint\",\"urlTemplate\":\"https:\/\/intenz.fr\/?s={search_term_string}\"},\"query-input\":{\"@type\":\"PropertyValueSpecification\",\"valueRequired\":true,\"valueName\":\"search_term_string\"}}],\"inLanguage\":\"fr-FR\"},{\"@type\":\"Organization\",\"@id\":\"https:\/\/intenz.fr\/#organization\",\"name\":\"InTenz\",\"url\":\"https:\/\/intenz.fr\/\",\"logo\":{\"@type\":\"ImageObject\",\"inLanguage\":\"fr-FR\",\"@id\":\"https:\/\/intenz.fr\/#\/schema\/logo\/image\/\",\"url\":\"https:\/\/intenz.fr\/wp-content\/uploads\/2023\/12\/Intenz_Logo_sans_fond.png\",\"contentUrl\":\"https:\/\/intenz.fr\/wp-content\/uploads\/2023\/12\/Intenz_Logo_sans_fond.png\",\"width\":1920,\"height\":1080,\"caption\":\"InTenz\"},\"image\":{\"@id\":\"https:\/\/intenz.fr\/#\/schema\/logo\/image\/\"},\"sameAs\":[\"https:\/\/www.linkedin.com\/company\/intenz-groupe-codilog\/\"]}]}<\/script>\n<!-- \/ Yoast SEO plugin. -->","yoast_head_json":{"title":"Politique de confidentialit\u00e9 - InTenz","robots":{"index":"index","follow":"follow","max-snippet":"max-snippet:-1","max-image-preview":"max-image-preview:large","max-video-preview":"max-video-preview:-1"},"canonical":"https:\/\/intenz.fr\/index.php\/politique-de-confidentialite\/","og_locale":"fr_FR","og_type":"article","og_title":"Politique de confidentialit\u00e9 - InTenz","og_description":"Politique de confidentialit\u00e9 La pr\u00e9sente charte\u00a0 a \u00e9t\u00e9 \u00e9labor\u00e9e en vue de d\u00e9finir les engagements pour la protection des donn\u00e9es et pr\u00e9ciser la mise en place du R\u00e8glement G\u00e9n\u00e9ral de Protection des Donn\u00e9es \u2013 \u00ab RGPD \u00bb au sein de la soci\u00e9t\u00e9 InTenz, La Soci\u00e9t\u00e9 informe des proc\u00e9d\u00e9s de collecte des donn\u00e9es personnelles, de leur&hellip;&nbsp;Lire la suite &raquo;Politique de confidentialit\u00e9","og_url":"https:\/\/intenz.fr\/index.php\/politique-de-confidentialite\/","og_site_name":"InTenz","article_modified_time":"2023-12-31T17:12:52+00:00","twitter_card":"summary_large_image","twitter_misc":{"Dur\u00e9e de lecture estim\u00e9e":"3 minutes"},"schema":{"@context":"https:\/\/schema.org","@graph":[{"@type":"WebPage","@id":"https:\/\/intenz.fr\/index.php\/politique-de-confidentialite\/","url":"https:\/\/intenz.fr\/index.php\/politique-de-confidentialite\/","name":"Politique de confidentialit\u00e9 - InTenz","isPartOf":{"@id":"https:\/\/intenz.fr\/#website"},"datePublished":"2023-10-11T06:43:35+00:00","dateModified":"2023-12-31T17:12:52+00:00","breadcrumb":{"@id":"https:\/\/intenz.fr\/index.php\/politique-de-confidentialite\/#breadcrumb"},"inLanguage":"fr-FR","potentialAction":[{"@type":"ReadAction","target":["https:\/\/intenz.fr\/index.php\/politique-de-confidentialite\/"]}]},{"@type":"BreadcrumbList","@id":"https:\/\/intenz.fr\/index.php\/politique-de-confidentialite\/#breadcrumb","itemListElement":[{"@type":"ListItem","position":1,"name":"Accueil","item":"https:\/\/intenz.fr\/"},{"@type":"ListItem","position":2,"name":"Politique de confidentialit\u00e9"}]},{"@type":"WebSite","@id":"https:\/\/intenz.fr\/#website","url":"https:\/\/intenz.fr\/","name":"InTenz","description":"","publisher":{"@id":"https:\/\/intenz.fr\/#organization"},"potentialAction":[{"@type":"SearchAction","target":{"@type":"EntryPoint","urlTemplate":"https:\/\/intenz.fr\/?s={search_term_string}"},"query-input":{"@type":"PropertyValueSpecification","valueRequired":true,"valueName":"search_term_string"}}],"inLanguage":"fr-FR"},{"@type":"Organization","@id":"https:\/\/intenz.fr\/#organization","name":"InTenz","url":"https:\/\/intenz.fr\/","logo":{"@type":"ImageObject","inLanguage":"fr-FR","@id":"https:\/\/intenz.fr\/#\/schema\/logo\/image\/","url":"https:\/\/intenz.fr\/wp-content\/uploads\/2023\/12\/Intenz_Logo_sans_fond.png","contentUrl":"https:\/\/intenz.fr\/wp-content\/uploads\/2023\/12\/Intenz_Logo_sans_fond.png","width":1920,"height":1080,"caption":"InTenz"},"image":{"@id":"https:\/\/intenz.fr\/#\/schema\/logo\/image\/"},"sameAs":["https:\/\/www.linkedin.com\/company\/intenz-groupe-codilog\/"]}]}},"_links":{"self":[{"href":"https:\/\/intenz.fr\/index.php\/wp-json\/wp\/v2\/pages\/3","targetHints":{"allow":["GET"]}}],"collection":[{"href":"https:\/\/intenz.fr\/index.php\/wp-json\/wp\/v2\/pages"}],"about":[{"href":"https:\/\/intenz.fr\/index.php\/wp-json\/wp\/v2\/types\/page"}],"author":[{"embeddable":true,"href":"https:\/\/intenz.fr\/index.php\/wp-json\/wp\/v2\/users\/1"}],"replies":[{"embeddable":true,"href":"https:\/\/intenz.fr\/index.php\/wp-json\/wp\/v2\/comments?post=3"}],"version-history":[{"count":6,"href":"https:\/\/intenz.fr\/index.php\/wp-json\/wp\/v2\/pages\/3\/revisions"}],"predecessor-version":[{"id":1228,"href":"https:\/\/intenz.fr\/index.php\/wp-json\/wp\/v2\/pages\/3\/revisions\/1228"}],"wp:attachment":[{"href":"https:\/\/intenz.fr\/index.php\/wp-json\/wp\/v2\/media?parent=3"}],"curies":[{"name":"wp","href":"https:\/\/api.w.org\/{rel}","templated":true}]}}