{"id":434,"date":"2023-11-22T22:43:46","date_gmt":"2023-11-22T21:43:46","guid":{"rendered":"https:\/\/i-workspace.ovh\/?page_id=434"},"modified":"2023-12-31T18:18:22","modified_gmt":"2023-12-31T17:18:22","slug":"mentions-legales","status":"publish","type":"page","link":"https:\/\/intenz.fr\/index.php\/mentions-legales\/","title":{"rendered":"Mentions L\u00e9gales"},"content":{"rendered":"\t\t<div data-elementor-type=\"wp-page\" data-elementor-id=\"434\" class=\"elementor elementor-434\">\n\t\t\t\t<div class=\"elementor-element elementor-element-136efc4 e-flex e-con-boxed e-con e-parent\" data-id=\"136efc4\" data-element_type=\"container\">\n\t\t\t\t\t<div class=\"e-con-inner\">\n\t\t\t\t<div class=\"elementor-element elementor-element-008aaf3 elementor-widget elementor-widget-heading\" data-id=\"008aaf3\" data-element_type=\"widget\" data-widget_type=\"heading.default\">\n\t\t\t\t<div class=\"elementor-widget-container\">\n\t\t\t\t\t<h2 class=\"elementor-heading-title elementor-size-default\">Mentions l\u00e9gales<\/h2>\t\t\t\t<\/div>\n\t\t\t\t<\/div>\n\t\t\t\t\t<\/div>\n\t\t\t\t<\/div>\n\t\t<div class=\"elementor-element elementor-element-24ef776 e-flex e-con-boxed e-con e-parent\" data-id=\"24ef776\" data-element_type=\"container\">\n\t\t\t\t\t<div class=\"e-con-inner\">\n\t\t\t\t<div class=\"elementor-element elementor-element-f15fcce elementor-widget elementor-widget-heading\" data-id=\"f15fcce\" data-element_type=\"widget\" data-widget_type=\"heading.default\">\n\t\t\t\t<div class=\"elementor-widget-container\">\n\t\t\t\t\t<h3 class=\"elementor-heading-title elementor-size-default\">Objet<\/h3>\t\t\t\t<\/div>\n\t\t\t\t<\/div>\n\t\t\t\t<div class=\"elementor-element elementor-element-c0f6f72 elementor-widget elementor-widget-text-editor\" data-id=\"c0f6f72\" data-element_type=\"widget\" data-widget_type=\"text-editor.default\">\n\t\t\t\t<div class=\"elementor-widget-container\">\n\t\t\t\t\t\t\t\t\t<p>Les pr\u00e9sentes ont pour objet de fixer les conditions d\u2019utilisation du site web accessible \u00e0 l\u2019adresse <a href=\"https:\/\/www.intenz.fr\/\">https:\/\/www.intenz.fr\/<\/a>.<\/p><p>Conform\u00e9ment aux dispositions de l\u2019article 6 III 1\u00b0 de la loi n\u00b02004-575 du 21 juin 2004 pour la confiance dans l\u2019\u00e9conomie num\u00e9rique, nous vous informons que :<br \/>ce site est \u00e9dit\u00e9 par InTenz \u2013 SAS au capital de 2 000,00 Euros immatricul\u00e9e au RCS Nanterre B 432 673 838 dont le si\u00e8ge social est situ\u00e9 : Immeuble \u00ab Le Clemenceau 1 \u00bb, 205, avenue Georges Clemenceau, 92 024 Nanterre Cedex.<br \/>l\u2019h\u00e9bergement est assur\u00e9 par la soci\u00e9t\u00e9 Hostinger International Ltd, soci\u00e9t\u00e9 dont le si\u00e8ge social se situe 61 Lordou Vironos Street<br \/>Larnaca 6023 Cyprus.<\/p>\t\t\t\t\t\t\t\t<\/div>\n\t\t\t\t<\/div>\n\t\t\t\t\t<\/div>\n\t\t\t\t<\/div>\n\t\t<div class=\"elementor-element elementor-element-0e364e2 e-flex e-con-boxed e-con e-parent\" data-id=\"0e364e2\" data-element_type=\"container\">\n\t\t\t\t\t<div class=\"e-con-inner\">\n\t\t\t\t<div class=\"elementor-element elementor-element-3453394 elementor-widget elementor-widget-heading\" data-id=\"3453394\" data-element_type=\"widget\" data-widget_type=\"heading.default\">\n\t\t\t\t<div class=\"elementor-widget-container\">\n\t\t\t\t\t<h3 class=\"elementor-heading-title elementor-size-default\">Coordonn\u00e9es<\/h3>\t\t\t\t<\/div>\n\t\t\t\t<\/div>\n\t\t\t\t<div class=\"elementor-element elementor-element-10be2ff elementor-widget elementor-widget-text-editor\" data-id=\"10be2ff\" data-element_type=\"widget\" data-widget_type=\"text-editor.default\">\n\t\t\t\t<div class=\"elementor-widget-container\">\n\t\t\t\t\t\t\t\t\t<p>Nom commercial : InTenz<br \/>Raison Sociale : InTenz \u2013\u00a0 SAS<\/p><p>Si\u00e8ge social\u00a0:\u00a0<br \/>Immeuble \u00ab\u00a0Le Clemenceau 1\u00a0\u00bb<br \/>205, avenue Georges Clemenceau<br \/>92024 Nanterre Cedex<br \/>Tel : 01.84.20.01.29<\/p><p>E-mail : contact@intenz.fr<br \/>SIREN :\u00a0982 501 363<br \/>SIRET :\u00a0982 501 363 00013<br \/>Code NAF (APE) : 6202A \u2013 Conseil en syst\u00e8mes et logiciels informatiques<br \/>TVA intra communautaire : FR21982501363<\/p>\t\t\t\t\t\t\t\t<\/div>\n\t\t\t\t<\/div>\n\t\t\t\t\t<\/div>\n\t\t\t\t<\/div>\n\t\t<div class=\"elementor-element elementor-element-f20fe3a e-flex e-con-boxed e-con e-parent\" data-id=\"f20fe3a\" data-element_type=\"container\">\n\t\t\t\t\t<div class=\"e-con-inner\">\n\t\t\t\t<div class=\"elementor-element elementor-element-bd889bf elementor-widget elementor-widget-heading\" data-id=\"bd889bf\" data-element_type=\"widget\" data-widget_type=\"heading.default\">\n\t\t\t\t<div class=\"elementor-widget-container\">\n\t\t\t\t\t<h3 class=\"elementor-heading-title elementor-size-default\">Propri\u00e9t\u00e9 intellectuelle<\/h3>\t\t\t\t<\/div>\n\t\t\t\t<\/div>\n\t\t\t\t<div class=\"elementor-element elementor-element-0e794e2 elementor-widget elementor-widget-text-editor\" data-id=\"0e794e2\" data-element_type=\"widget\" data-widget_type=\"text-editor.default\">\n\t\t\t\t<div class=\"elementor-widget-container\">\n\t\t\t\t\t\t\t\t\t<p>Le site est la propri\u00e9t\u00e9 exclusive de la soci\u00e9t\u00e9 InTenz, seule habilit\u00e9e \u00e0 utiliser et exploiter les droits de propri\u00e9t\u00e9 intellectuelle et droits de la personnalit\u00e9 attach\u00e9s \u00e0 ce site, notamment les marques, dessins et mod\u00e8les, droits d\u2019auteur et droit \u00e0 l\u2019image, \u00e0 titre originaire ou par l\u2019effet d\u2019une cession ou d\u2019une licence d\u2019exploitation.<br \/>L\u2019usage de tout ou partie du site https:\/\/www.intenz.fr\/, notamment par t\u00e9l\u00e9chargement, reproduction, transmission ou repr\u00e9sentation \u00e0 d\u2019autres fins que pour usage personnel et priv\u00e9 dans un but non commercial est strictement interdit.<\/p><p>\u00ab SAP \u00bb et \u00ab Business Objects \u00bb sont des marques commerciales ou des marques d\u00e9pos\u00e9es de l\u2019\u00e9diteur SAP AG sur lesquelles InTenz reconna\u00eet n\u2019avoir aucun titre de propri\u00e9t\u00e9.<\/p>\t\t\t\t\t\t\t\t<\/div>\n\t\t\t\t<\/div>\n\t\t\t\t\t<\/div>\n\t\t\t\t<\/div>\n\t\t<div class=\"elementor-element elementor-element-24ec811 e-flex e-con-boxed e-con e-parent\" data-id=\"24ec811\" data-element_type=\"container\">\n\t\t\t\t\t<div class=\"e-con-inner\">\n\t\t\t\t<div class=\"elementor-element elementor-element-53bccf9 elementor-widget elementor-widget-heading\" data-id=\"53bccf9\" data-element_type=\"widget\" data-widget_type=\"heading.default\">\n\t\t\t\t<div class=\"elementor-widget-container\">\n\t\t\t\t\t<h3 class=\"elementor-heading-title elementor-size-default\">Cr\u00e9ation de lien vers www.intenz.fr<\/h3>\t\t\t\t<\/div>\n\t\t\t\t<\/div>\n\t\t\t\t<div class=\"elementor-element elementor-element-dc9797f elementor-widget elementor-widget-text-editor\" data-id=\"dc9797f\" data-element_type=\"widget\" data-widget_type=\"text-editor.default\">\n\t\t\t\t<div class=\"elementor-widget-container\">\n\t\t\t\t\t\t\t\t\t<p>InTenz autorise tout site Internet ou tout autre support \u00e0 citer le site ou \u00e0 mettre en place un lien hypertexte pointant vers son contenu. L\u2019autorisation de mise en place d\u2019un lien est valable pour tout site, \u00e0 l\u2019exception de ceux diffusant des informations \u00e0 caract\u00e8re pol\u00e9mique, pornographique, x\u00e9nophobe ou pouvant, dans une plus large mesure, porter atteinte \u00e0 la sensibilit\u00e9 du plus grand nombre, ou causer un pr\u00e9judice quelconque \u00e0 InTenz, \u00e0 son image ainsi qu\u2019\u00e0 celle de l\u2019ensemble de ses salari\u00e9s et ses partenaires. Pour ce faire, dans le respect des droits de leur auteur, un logo est disponible, sur simple demande adress\u00e9e par courrier \u00e9lectronique au service de la communication (\u00e0 l\u2019adresse : contact@intenz.fr) pour illustrer le lien en pr\u00e9cisant que le site d\u2019origine est celui de InTenz.<\/p><p>S\u2019agissant de cookies d\u00e9pos\u00e9s par des soci\u00e9t\u00e9s tierces, pour plus d\u2019information sur l\u2019utilisation de vos donn\u00e9es personnelles en relation avec les r\u00e9seaux sociaux vous pouvez consulter les politiques de confidentialit\u00e9 des r\u00e9seaux sociaux tiers concern\u00e9s et leurs politiques de gestion des cookies en cliquant sur les liens ci-apr\u00e8s :<\/p><p>Pour YouTube (politique de confidentialit\u00e9 de Google applicable \u00e0 YouTube) :<br \/>&gt;&gt; Politique de confidentialit\u00e9 : <a href=\"https:\/\/policies.google.com\/privacy?hl=fr\">https:\/\/policies.google.com\/privacy?hl=fr<\/a><br \/>&gt;&gt; Gestion des cookies : <a href=\"https:\/\/support.google.com\/accounts\/answer\/61416?hl=fr\">https:\/\/support.google.com\/accounts\/answer\/61416?hl=fr<\/a><\/p><p>Pour LinkedIn :<br \/>&gt;&gt; Politique de confidentialit\u00e9 : <a href=\"https:\/\/www.linkedin.com\/legal\/privacy-policy?_l=fr_FR\">https:\/\/www.linkedin.com\/legal\/privacy-policy?_l=fr_FR<\/a><br \/>&gt;&gt; Gestion des cookies : <a href=\"https:\/\/www.linkedin.com\/legal\/cookie-policy?_l=fr_FR\">https:\/\/www.linkedin.com\/legal\/cookie-policy?_l=fr_FR<\/a><\/p>\t\t\t\t\t\t\t\t<\/div>\n\t\t\t\t<\/div>\n\t\t\t\t\t<\/div>\n\t\t\t\t<\/div>\n\t\t<div class=\"elementor-element elementor-element-8c3ea24 e-flex e-con-boxed e-con e-parent\" data-id=\"8c3ea24\" data-element_type=\"container\">\n\t\t\t\t\t<div class=\"e-con-inner\">\n\t\t\t\t<div class=\"elementor-element elementor-element-a044013 elementor-widget elementor-widget-heading\" data-id=\"a044013\" data-element_type=\"widget\" data-widget_type=\"heading.default\">\n\t\t\t\t<div class=\"elementor-widget-container\">\n\t\t\t\t\t<h3 class=\"elementor-heading-title elementor-size-default\">Informatiques et libert\u00e9s<\/h3>\t\t\t\t<\/div>\n\t\t\t\t<\/div>\n\t\t\t\t<div class=\"elementor-element elementor-element-aacf544 elementor-widget elementor-widget-text-editor\" data-id=\"aacf544\" data-element_type=\"widget\" data-widget_type=\"text-editor.default\">\n\t\t\t\t<div class=\"elementor-widget-container\">\n\t\t\t\t\t\t\t\t\t<p>Plusieurs services du site n\u00e9cessitent, pour l\u2019internaute, de renseigner des donn\u00e9es personnelles par le biais de formulaires en ligne. Les informations demand\u00e9es, signal\u00e9es par un ast\u00e9risque sont n\u00e9cessaires au traitement des demandes. Les autres informations sont destin\u00e9es \u00e0 mieux conna\u00eetre nos internautes et sont, par cons\u00e9quent, facultatives. Ces informations sont destin\u00e9es \u00e0 InTenz, responsable du traitement, aux fins de gestion des recrutements, d\u2019\u00e9tudes marketing et statistiques dans le but de fournir les services les plus adapt\u00e9s et de suivi de qualit\u00e9 de nos services. Dans le cas o\u00f9 l\u2019internaute ne s\u2019y sera pas oppos\u00e9 explicitement lors du recueil de ses coordonn\u00e9es, InTenz pourra lui adresser ses offres commerciales par mail, t\u00e9l\u00e9phone ou par voie postale.<\/p><p>A tout moment, l\u2019internaute garde la possibilit\u00e9 de s\u2019opposer sans frais \u00e0 la prospection commerciale de InTenz, en contactant le webmaster du site \u00e0 l\u2019adresse contact@intenz.fr.<\/p><p>Les informations recueillies pourront \u00e9ventuellement \u00eatre communiqu\u00e9es \u00e0 des tiers li\u00e9s \u00e0 InTenz par contrat en raison de sous-traitance partielle des prestataires. Ces prestataires s\u2019engagent contractuellement \u00e0 garantir un niveau de s\u00e9curit\u00e9, de confidentialit\u00e9 et de protection suffisant de la vie priv\u00e9e et des droits fondamentaux. Conform\u00e9ment \u00e0 la loi n\u00b0 2004-801 du 6 ao\u00fbt 2004 relative \u00e0 la protection des personnes physiques \u00e0 l\u2019\u00e9gard des traitements de donn\u00e9es \u00e0 caract\u00e8re personnel modifiant la loi n\u00b078-17 du 6 janvier 1978, les internautes disposent d\u2019un droit d\u2019acc\u00e8s, de rectification et de suppression des donn\u00e9es les concernant et d\u2019opposition \u00e0 leur traitement en contactant le Correspondant informatique et libert\u00e9 de InTenz \u00e0 l\u2019adresse contact@intenz.fr.<br \/>Le traitement automatis\u00e9 des informations, notamment la gestion des adresses mail des utilisateurs, a fait l\u2019objet d\u2019une d\u00e9claration simplifi\u00e9e aupr\u00e8s de la CNIL le 9 janvier 2014 sous le n\u00b01733476.<\/p>\t\t\t\t\t\t\t\t<\/div>\n\t\t\t\t<\/div>\n\t\t\t\t\t<\/div>\n\t\t\t\t<\/div>\n\t\t<div class=\"elementor-element elementor-element-023f9b0 e-flex e-con-boxed e-con e-parent\" data-id=\"023f9b0\" data-element_type=\"container\">\n\t\t\t\t\t<div class=\"e-con-inner\">\n\t\t\t\t<div class=\"elementor-element elementor-element-78b7cda elementor-widget elementor-widget-heading\" data-id=\"78b7cda\" data-element_type=\"widget\" data-widget_type=\"heading.default\">\n\t\t\t\t<div class=\"elementor-widget-container\">\n\t\t\t\t\t<h3 class=\"elementor-heading-title elementor-size-default\">Responsabilit\u00e9s d'InTenz<\/h3>\t\t\t\t<\/div>\n\t\t\t\t<\/div>\n\t\t\t\t<div class=\"elementor-element elementor-element-00ae133 elementor-widget elementor-widget-text-editor\" data-id=\"00ae133\" data-element_type=\"widget\" data-widget_type=\"text-editor.default\">\n\t\t\t\t<div class=\"elementor-widget-container\">\n\t\t\t\t\t\t\t\t\t<p>Dans les conditions autoris\u00e9es par la loi, la soci\u00e9t\u00e9 InTenz n\u2019encourt aucune responsabilit\u00e9 :<br \/>pour toute impr\u00e9cision, inexactitude, omission ou pour tous dommages r\u00e9sultant d\u2019une intrusion d\u2019un tiers ayant entra\u00een\u00e9 une modification des informations mises \u00e0 disposition sur le site,<br \/>en cas de dommages provoqu\u00e9s \u00e0 raison de l\u2019acc\u00e8s d\u2019un tiers non autoris\u00e9 sur le site\u00a0<a href=\"https:\/\/www.intenz.fr\/\">https:\/\/www.intenz.fr<\/a>\u00a0ou rendant impossible son acc\u00e8s.<\/p><p>Le visiteur est inform\u00e9 que l\u2019acc\u00e8s au site pourra \u00eatre interrompu \u00e0 tout moment par la soci\u00e9t\u00e9 InTenz pour des raisons de maintenance, de s\u00e9curit\u00e9 ou toute autre contrainte technique.<\/p>\t\t\t\t\t\t\t\t<\/div>\n\t\t\t\t<\/div>\n\t\t\t\t\t<\/div>\n\t\t\t\t<\/div>\n\t\t<div class=\"elementor-element elementor-element-342185a e-flex e-con-boxed e-con e-parent\" data-id=\"342185a\" data-element_type=\"container\">\n\t\t\t\t\t<div class=\"e-con-inner\">\n\t\t\t\t<div class=\"elementor-element elementor-element-ad16c5f elementor-widget elementor-widget-heading\" data-id=\"ad16c5f\" data-element_type=\"widget\" data-widget_type=\"heading.default\">\n\t\t\t\t<div class=\"elementor-widget-container\">\n\t\t\t\t\t<h3 class=\"elementor-heading-title elementor-size-default\">Droit applicable<\/h3>\t\t\t\t<\/div>\n\t\t\t\t<\/div>\n\t\t\t\t<div class=\"elementor-element elementor-element-1553985 elementor-widget elementor-widget-text-editor\" data-id=\"1553985\" data-element_type=\"widget\" data-widget_type=\"text-editor.default\">\n\t\t\t\t<div class=\"elementor-widget-container\">\n\t\t\t\t\t\t\t\t\t<p style=\"--tw-border-spacing-x: 0; --tw-border-spacing-y: 0; --tw-translate-x: 0; --tw-translate-y: 0; --tw-rotate: 0; --tw-skew-x: 0; --tw-skew-y: 0; --tw-scale-x: 1; --tw-scale-y: 1; --tw-scroll-snap-strictness: proximity; --tw-ring-offset-width: 0px; --tw-ring-offset-color: #fff; --tw-ring-color: rgb(59 130 246 \/ .5); --tw-ring-offset-shadow: 0 0 #0000; --tw-ring-shadow: 0 0 #0000; --tw-shadow: 0 0 #0000; --tw-shadow-colored: 0 0 #0000; outline: none; border: 0px; margin-bottom: 20px; font-variant-numeric: inherit; font-variant-east-asian: inherit; font-variant-alternates: inherit; font-variant-position: inherit; font-stretch: inherit; line-height: inherit; font-family: 'Open Sans', sans-serif; font-optical-sizing: inherit; font-kerning: inherit; font-feature-settings: inherit; font-variation-settings: inherit; font-size: 16px; vertical-align: baseline; color: #42526e; letter-spacing: -0.08px;\">Les pr\u00e9sentes conditions sont r\u00e9gies par le droit fran\u00e7ais. Les juridictions fran\u00e7aises sont seules comp\u00e9tentes pour conna\u00eetre de tout litige se rapportant directement ou indirectement \u00e0 l\u2019acc\u00e8s au pr\u00e9sent site ou \u00e0 son utilisation.<\/p><p><span style=\"color: #42526e; font-family: 'Open Sans', sans-serif; font-size: 16px; letter-spacing: -0.08px; font-weight: var( --e-global-typography-text-font-weight ); text-align: var(--text-align); background-color: var(--nv-site-bg); text-transform: var(--bodytexttransform);\">La version originale de ces conditions est r\u00e9dig\u00e9e en fran\u00e7ais. En cas de conflit ou d\u2019incoh\u00e9rence entre la version fran\u00e7aise et celle-ci, la version fran\u00e7aise pr\u00e9vaudra.<\/span><\/p>\t\t\t\t\t\t\t\t<\/div>\n\t\t\t\t<\/div>\n\t\t\t\t\t<\/div>\n\t\t\t\t<\/div>\n\t\t\t\t<\/div>\n\t\t","protected":false},"excerpt":{"rendered":"<p>Mentions l\u00e9gales Objet Les pr\u00e9sentes ont pour objet de fixer les conditions d\u2019utilisation du site web accessible \u00e0 l\u2019adresse https:\/\/www.intenz.fr\/. Conform\u00e9ment aux dispositions de l\u2019article 6 III 1\u00b0 de la loi n\u00b02004-575 du 21 juin 2004 pour la confiance dans l\u2019\u00e9conomie num\u00e9rique, nous vous informons que :ce site est \u00e9dit\u00e9 par InTenz \u2013 SAS au&hellip;&nbsp;<a href=\"https:\/\/intenz.fr\/index.php\/mentions-legales\/\" class=\"\" rel=\"bookmark\">Lire la suite &raquo;<span class=\"screen-reader-text\">Mentions L\u00e9gales<\/span><\/a><\/p>\n","protected":false},"author":1,"featured_media":0,"parent":0,"menu_order":0,"comment_status":"closed","ping_status":"closed","template":"page-templates\/template-pagebuilder-full-width.php","meta":{"neve_meta_sidebar":"","neve_meta_container":"","neve_meta_enable_content_width":"","neve_meta_content_width":0,"neve_meta_title_alignment":"","neve_meta_author_avatar":"","neve_post_elements_order":"","neve_meta_disable_header":"","neve_meta_disable_footer":"","neve_meta_disable_title":"","footnotes":""},"class_list":["post-434","page","type-page","status-publish","hentry"],"yoast_head":"<!-- This site is optimized with the Yoast SEO plugin v24.1 - https:\/\/yoast.com\/wordpress\/plugins\/seo\/ -->\n<title>Mentions L\u00e9gales - InTenz<\/title>\n<meta name=\"robots\" content=\"index, follow, max-snippet:-1, max-image-preview:large, max-video-preview:-1\" \/>\n<link rel=\"canonical\" href=\"https:\/\/intenz.fr\/index.php\/mentions-legales\/\" \/>\n<meta property=\"og:locale\" content=\"fr_FR\" \/>\n<meta property=\"og:type\" content=\"article\" \/>\n<meta property=\"og:title\" content=\"Mentions L\u00e9gales - InTenz\" \/>\n<meta property=\"og:description\" content=\"Mentions l\u00e9gales Objet Les pr\u00e9sentes ont pour objet de fixer les conditions d\u2019utilisation du site web accessible \u00e0 l\u2019adresse https:\/\/www.intenz.fr\/. Conform\u00e9ment aux dispositions de l\u2019article 6 III 1\u00b0 de la loi n\u00b02004-575 du 21 juin 2004 pour la confiance dans l\u2019\u00e9conomie num\u00e9rique, nous vous informons que :ce site est \u00e9dit\u00e9 par InTenz \u2013 SAS au&hellip;&nbsp;Lire la suite &raquo;Mentions L\u00e9gales\" \/>\n<meta property=\"og:url\" content=\"https:\/\/intenz.fr\/index.php\/mentions-legales\/\" \/>\n<meta property=\"og:site_name\" content=\"InTenz\" \/>\n<meta property=\"article:modified_time\" content=\"2023-12-31T17:18:22+00:00\" \/>\n<meta name=\"twitter:card\" content=\"summary_large_image\" \/>\n<meta name=\"twitter:label1\" content=\"Dur\u00e9e de lecture estim\u00e9e\" \/>\n\t<meta name=\"twitter:data1\" content=\"5 minutes\" \/>\n<script type=\"application\/ld+json\" class=\"yoast-schema-graph\">{\"@context\":\"https:\/\/schema.org\",\"@graph\":[{\"@type\":\"WebPage\",\"@id\":\"https:\/\/intenz.fr\/index.php\/mentions-legales\/\",\"url\":\"https:\/\/intenz.fr\/index.php\/mentions-legales\/\",\"name\":\"Mentions L\u00e9gales - InTenz\",\"isPartOf\":{\"@id\":\"https:\/\/intenz.fr\/#website\"},\"datePublished\":\"2023-11-22T21:43:46+00:00\",\"dateModified\":\"2023-12-31T17:18:22+00:00\",\"breadcrumb\":{\"@id\":\"https:\/\/intenz.fr\/index.php\/mentions-legales\/#breadcrumb\"},\"inLanguage\":\"fr-FR\",\"potentialAction\":[{\"@type\":\"ReadAction\",\"target\":[\"https:\/\/intenz.fr\/index.php\/mentions-legales\/\"]}]},{\"@type\":\"BreadcrumbList\",\"@id\":\"https:\/\/intenz.fr\/index.php\/mentions-legales\/#breadcrumb\",\"itemListElement\":[{\"@type\":\"ListItem\",\"position\":1,\"name\":\"Accueil\",\"item\":\"https:\/\/intenz.fr\/\"},{\"@type\":\"ListItem\",\"position\":2,\"name\":\"Mentions L\u00e9gales\"}]},{\"@type\":\"WebSite\",\"@id\":\"https:\/\/intenz.fr\/#website\",\"url\":\"https:\/\/intenz.fr\/\",\"name\":\"InTenz\",\"description\":\"\",\"publisher\":{\"@id\":\"https:\/\/intenz.fr\/#organization\"},\"potentialAction\":[{\"@type\":\"SearchAction\",\"target\":{\"@type\":\"EntryPoint\",\"urlTemplate\":\"https:\/\/intenz.fr\/?s={search_term_string}\"},\"query-input\":{\"@type\":\"PropertyValueSpecification\",\"valueRequired\":true,\"valueName\":\"search_term_string\"}}],\"inLanguage\":\"fr-FR\"},{\"@type\":\"Organization\",\"@id\":\"https:\/\/intenz.fr\/#organization\",\"name\":\"InTenz\",\"url\":\"https:\/\/intenz.fr\/\",\"logo\":{\"@type\":\"ImageObject\",\"inLanguage\":\"fr-FR\",\"@id\":\"https:\/\/intenz.fr\/#\/schema\/logo\/image\/\",\"url\":\"https:\/\/intenz.fr\/wp-content\/uploads\/2023\/12\/Intenz_Logo_sans_fond.png\",\"contentUrl\":\"https:\/\/intenz.fr\/wp-content\/uploads\/2023\/12\/Intenz_Logo_sans_fond.png\",\"width\":1920,\"height\":1080,\"caption\":\"InTenz\"},\"image\":{\"@id\":\"https:\/\/intenz.fr\/#\/schema\/logo\/image\/\"},\"sameAs\":[\"https:\/\/www.linkedin.com\/company\/intenz-groupe-codilog\/\"]}]}<\/script>\n<!-- \/ Yoast SEO plugin. -->","yoast_head_json":{"title":"Mentions L\u00e9gales - InTenz","robots":{"index":"index","follow":"follow","max-snippet":"max-snippet:-1","max-image-preview":"max-image-preview:large","max-video-preview":"max-video-preview:-1"},"canonical":"https:\/\/intenz.fr\/index.php\/mentions-legales\/","og_locale":"fr_FR","og_type":"article","og_title":"Mentions L\u00e9gales - InTenz","og_description":"Mentions l\u00e9gales Objet Les pr\u00e9sentes ont pour objet de fixer les conditions d\u2019utilisation du site web accessible \u00e0 l\u2019adresse https:\/\/www.intenz.fr\/. Conform\u00e9ment aux dispositions de l\u2019article 6 III 1\u00b0 de la loi n\u00b02004-575 du 21 juin 2004 pour la confiance dans l\u2019\u00e9conomie num\u00e9rique, nous vous informons que :ce site est \u00e9dit\u00e9 par InTenz \u2013 SAS au&hellip;&nbsp;Lire la suite &raquo;Mentions L\u00e9gales","og_url":"https:\/\/intenz.fr\/index.php\/mentions-legales\/","og_site_name":"InTenz","article_modified_time":"2023-12-31T17:18:22+00:00","twitter_card":"summary_large_image","twitter_misc":{"Dur\u00e9e de lecture estim\u00e9e":"5 minutes"},"schema":{"@context":"https:\/\/schema.org","@graph":[{"@type":"WebPage","@id":"https:\/\/intenz.fr\/index.php\/mentions-legales\/","url":"https:\/\/intenz.fr\/index.php\/mentions-legales\/","name":"Mentions L\u00e9gales - InTenz","isPartOf":{"@id":"https:\/\/intenz.fr\/#website"},"datePublished":"2023-11-22T21:43:46+00:00","dateModified":"2023-12-31T17:18:22+00:00","breadcrumb":{"@id":"https:\/\/intenz.fr\/index.php\/mentions-legales\/#breadcrumb"},"inLanguage":"fr-FR","potentialAction":[{"@type":"ReadAction","target":["https:\/\/intenz.fr\/index.php\/mentions-legales\/"]}]},{"@type":"BreadcrumbList","@id":"https:\/\/intenz.fr\/index.php\/mentions-legales\/#breadcrumb","itemListElement":[{"@type":"ListItem","position":1,"name":"Accueil","item":"https:\/\/intenz.fr\/"},{"@type":"ListItem","position":2,"name":"Mentions L\u00e9gales"}]},{"@type":"WebSite","@id":"https:\/\/intenz.fr\/#website","url":"https:\/\/intenz.fr\/","name":"InTenz","description":"","publisher":{"@id":"https:\/\/intenz.fr\/#organization"},"potentialAction":[{"@type":"SearchAction","target":{"@type":"EntryPoint","urlTemplate":"https:\/\/intenz.fr\/?s={search_term_string}"},"query-input":{"@type":"PropertyValueSpecification","valueRequired":true,"valueName":"search_term_string"}}],"inLanguage":"fr-FR"},{"@type":"Organization","@id":"https:\/\/intenz.fr\/#organization","name":"InTenz","url":"https:\/\/intenz.fr\/","logo":{"@type":"ImageObject","inLanguage":"fr-FR","@id":"https:\/\/intenz.fr\/#\/schema\/logo\/image\/","url":"https:\/\/intenz.fr\/wp-content\/uploads\/2023\/12\/Intenz_Logo_sans_fond.png","contentUrl":"https:\/\/intenz.fr\/wp-content\/uploads\/2023\/12\/Intenz_Logo_sans_fond.png","width":1920,"height":1080,"caption":"InTenz"},"image":{"@id":"https:\/\/intenz.fr\/#\/schema\/logo\/image\/"},"sameAs":["https:\/\/www.linkedin.com\/company\/intenz-groupe-codilog\/"]}]}},"_links":{"self":[{"href":"https:\/\/intenz.fr\/index.php\/wp-json\/wp\/v2\/pages\/434","targetHints":{"allow":["GET"]}}],"collection":[{"href":"https:\/\/intenz.fr\/index.php\/wp-json\/wp\/v2\/pages"}],"about":[{"href":"https:\/\/intenz.fr\/index.php\/wp-json\/wp\/v2\/types\/page"}],"author":[{"embeddable":true,"href":"https:\/\/intenz.fr\/index.php\/wp-json\/wp\/v2\/users\/1"}],"replies":[{"embeddable":true,"href":"https:\/\/intenz.fr\/index.php\/wp-json\/wp\/v2\/comments?post=434"}],"version-history":[{"count":38,"href":"https:\/\/intenz.fr\/index.php\/wp-json\/wp\/v2\/pages\/434\/revisions"}],"predecessor-version":[{"id":1240,"href":"https:\/\/intenz.fr\/index.php\/wp-json\/wp\/v2\/pages\/434\/revisions\/1240"}],"wp:attachment":[{"href":"https:\/\/intenz.fr\/index.php\/wp-json\/wp\/v2\/media?parent=434"}],"curies":[{"name":"wp","href":"https:\/\/api.w.org\/{rel}","templated":true}]}}