{"id":578,"date":"2023-12-09T09:21:44","date_gmt":"2023-12-09T08:21:44","guid":{"rendered":"https:\/\/i-workspace.ovh\/?page_id=578"},"modified":"2023-12-09T12:01:00","modified_gmt":"2023-12-09T11:01:00","slug":"intenz-career","status":"publish","type":"page","link":"https:\/\/intenz.fr\/index.php\/intenz-career\/","title":{"rendered":"Intenz &#8211; Recrutement"},"content":{"rendered":"\t\t<div data-elementor-type=\"wp-page\" data-elementor-id=\"578\" class=\"elementor elementor-578\">\n\t\t\t\t<div class=\"elementor-element elementor-element-4a3bca3 e-flex e-con-boxed e-con e-parent\" data-id=\"4a3bca3\" data-element_type=\"container\">\n\t\t\t\t\t<div class=\"e-con-inner\">\n\t\t\t\t<div class=\"elementor-element elementor-element-8fe6496 elementor-invisible elementor-widget elementor-widget-heading\" data-id=\"8fe6496\" data-element_type=\"widget\" data-settings=\"{&quot;_animation&quot;:&quot;bounceInUp&quot;}\" data-widget_type=\"heading.default\">\n\t\t\t\t<div class=\"elementor-widget-container\">\n\t\t\t\t\t<h2 class=\"elementor-heading-title elementor-size-default\">InTenz recrute !<\/h2>\t\t\t\t<\/div>\n\t\t\t\t<\/div>\n\t\t\t\t<div class=\"elementor-element elementor-element-4bea259 elementor-widget elementor-widget-text-editor\" data-id=\"4bea259\" data-element_type=\"widget\" data-widget_type=\"text-editor.default\">\n\t\t\t\t<div class=\"elementor-widget-container\">\n\t\t\t\t\t\t\t\t\t<p><strong>D\u00e9pose ton CV (pdf ou word) et d\u00e9marre une nouvelle aventure !<\/strong><\/p>\t\t\t\t\t\t\t\t<\/div>\n\t\t\t\t<\/div>\n\t\t<div class=\"elementor-element elementor-element-b16eeef e-con-full e-flex e-con e-child\" data-id=\"b16eeef\" data-element_type=\"container\" data-settings=\"{&quot;background_background&quot;:&quot;classic&quot;}\">\n\t\t\t\t<div class=\"elementor-element elementor-element-298bac3 elementor-widget__width-inherit elementor-widget elementor-widget-shortcode\" data-id=\"298bac3\" data-element_type=\"widget\" data-widget_type=\"shortcode.default\">\n\t\t\t\t<div class=\"elementor-widget-container\">\n\t\t\t\t\t<input type=\"hidden\" id=\"wp_dz_nonce\" name=\"wp_dz_nonce\" value=\"935b02c681\" \/><input type=\"hidden\" name=\"_wp_http_referer\" value=\"\/index.php\/wp-json\/wp\/v2\/pages\/578\" \/>\t\t<div class=\"elementor-shortcode\"><form action=\"\" class=\"dropzone dropzone-659\" id=\"wp-dz-659\"><div class=\"dz-message\">\r\n\t\t\t<h3 class=\"dropzone-title\">D\u00e9pose ton CV ici !<\/h3>\r\n\t\t\t<p class=\"dropzone-note\">Please login to upload files.<\/p>\r\n\t\t\t<div class=\"dropzone-mobile-trigger needsclick\"><\/div>\r\n\t\t<\/div><input type=\"hidden\" id=\"wp_dz_nonce\" name=\"wp_dz_nonce\" value=\"935b02c681\" \/><input type=\"hidden\" name=\"_wp_http_referer\" value=\"\/index.php\/wp-json\/wp\/v2\/pages\/578\" \/>\r\n\t<\/form><\/div>\n\t\t\t\t\t\t<\/div>\n\t\t\t\t<\/div>\n\t\t\t\t<\/div>\n\t\t\t\t\t<\/div>\n\t\t\t\t<\/div>\n\t\t<div class=\"elementor-element elementor-element-41e30a6 e-flex e-con-boxed e-con e-parent\" data-id=\"41e30a6\" data-element_type=\"container\">\n\t\t\t\t\t<div class=\"e-con-inner\">\n\t\t\t\t<div class=\"elementor-element elementor-element-323bb06 elementor-widget elementor-widget-text-editor\" data-id=\"323bb06\" data-element_type=\"widget\" data-widget_type=\"text-editor.default\">\n\t\t\t\t<div class=\"elementor-widget-container\">\n\t\t\t\t\t\t\t\t\t<p style=\"text-align: center;\"><em>Tu acceptes\u00a0la politique de confidentialit\u00e9\u00a0et de partager avec nos services tes donn\u00e9es personnelles pr\u00e9sentes sur ton CV. L\u2019analyse de tes donn\u00e9es permettra de trouver les offres en ad\u00e9quation avec tes exp\u00e9riences, m\u00e9tiers, comp\u00e9tences, sports, lieu d\u2019habitation. Apr\u00e8s ce traitement, tes donn\u00e9es ne sont pas conserv\u00e9es.<\/em><\/p>\t\t\t\t\t\t\t\t<\/div>\n\t\t\t\t<\/div>\n\t\t\t\t\t<\/div>\n\t\t\t\t<\/div>\n\t\t\t\t<\/div>\n\t\t","protected":false},"excerpt":{"rendered":"<p>InTenz recrute ! D\u00e9pose ton CV (pdf ou word) et d\u00e9marre une nouvelle aventure ! Tu acceptes\u00a0la politique de confidentialit\u00e9\u00a0et de partager avec nos services tes donn\u00e9es personnelles pr\u00e9sentes sur ton CV. L\u2019analyse de tes donn\u00e9es permettra de trouver les offres en ad\u00e9quation avec tes exp\u00e9riences, m\u00e9tiers, comp\u00e9tences, sports, lieu d\u2019habitation. Apr\u00e8s ce traitement, tes&hellip;&nbsp;<a href=\"https:\/\/intenz.fr\/index.php\/intenz-career\/\" class=\"\" rel=\"bookmark\">Lire la suite &raquo;<span class=\"screen-reader-text\">Intenz &#8211; Recrutement<\/span><\/a><\/p>\n","protected":false},"author":1,"featured_media":0,"parent":0,"menu_order":0,"comment_status":"closed","ping_status":"closed","template":"page-templates\/template-pagebuilder-full-width.php","meta":{"neve_meta_sidebar":"","neve_meta_container":"","neve_meta_enable_content_width":"","neve_meta_content_width":0,"neve_meta_title_alignment":"","neve_meta_author_avatar":"","neve_post_elements_order":"","neve_meta_disable_header":"","neve_meta_disable_footer":"","neve_meta_disable_title":"","footnotes":""},"class_list":["post-578","page","type-page","status-publish","hentry"],"yoast_head":"<!-- This site is optimized with the Yoast SEO plugin v24.1 - https:\/\/yoast.com\/wordpress\/plugins\/seo\/ -->\n<title>Intenz - Recrutement - InTenz<\/title>\n<meta name=\"robots\" content=\"index, follow, max-snippet:-1, max-image-preview:large, max-video-preview:-1\" \/>\n<link rel=\"canonical\" href=\"https:\/\/intenz.fr\/index.php\/intenz-career\/\" \/>\n<meta property=\"og:locale\" content=\"fr_FR\" \/>\n<meta property=\"og:type\" content=\"article\" \/>\n<meta property=\"og:title\" content=\"Intenz - Recrutement - InTenz\" \/>\n<meta property=\"og:description\" content=\"InTenz recrute ! D\u00e9pose ton CV (pdf ou word) et d\u00e9marre une nouvelle aventure ! Tu acceptes\u00a0la politique de confidentialit\u00e9\u00a0et de partager avec nos services tes donn\u00e9es personnelles pr\u00e9sentes sur ton CV. L\u2019analyse de tes donn\u00e9es permettra de trouver les offres en ad\u00e9quation avec tes exp\u00e9riences, m\u00e9tiers, comp\u00e9tences, sports, lieu d\u2019habitation. Apr\u00e8s ce traitement, tes&hellip;&nbsp;Lire la suite &raquo;Intenz &#8211; Recrutement\" \/>\n<meta property=\"og:url\" content=\"https:\/\/intenz.fr\/index.php\/intenz-career\/\" \/>\n<meta property=\"og:site_name\" content=\"InTenz\" \/>\n<meta property=\"article:modified_time\" content=\"2023-12-09T11:01:00+00:00\" \/>\n<meta name=\"twitter:card\" content=\"summary_large_image\" \/>\n<script type=\"application\/ld+json\" class=\"yoast-schema-graph\">{\"@context\":\"https:\/\/schema.org\",\"@graph\":[{\"@type\":\"WebPage\",\"@id\":\"https:\/\/intenz.fr\/index.php\/intenz-career\/\",\"url\":\"https:\/\/intenz.fr\/index.php\/intenz-career\/\",\"name\":\"Intenz - Recrutement - InTenz\",\"isPartOf\":{\"@id\":\"https:\/\/intenz.fr\/#website\"},\"datePublished\":\"2023-12-09T08:21:44+00:00\",\"dateModified\":\"2023-12-09T11:01:00+00:00\",\"breadcrumb\":{\"@id\":\"https:\/\/intenz.fr\/index.php\/intenz-career\/#breadcrumb\"},\"inLanguage\":\"fr-FR\",\"potentialAction\":[{\"@type\":\"ReadAction\",\"target\":[\"https:\/\/intenz.fr\/index.php\/intenz-career\/\"]}]},{\"@type\":\"BreadcrumbList\",\"@id\":\"https:\/\/intenz.fr\/index.php\/intenz-career\/#breadcrumb\",\"itemListElement\":[{\"@type\":\"ListItem\",\"position\":1,\"name\":\"Accueil\",\"item\":\"https:\/\/intenz.fr\/\"},{\"@type\":\"ListItem\",\"position\":2,\"name\":\"Intenz &#8211; Recrutement\"}]},{\"@type\":\"WebSite\",\"@id\":\"https:\/\/intenz.fr\/#website\",\"url\":\"https:\/\/intenz.fr\/\",\"name\":\"InTenz\",\"description\":\"\",\"publisher\":{\"@id\":\"https:\/\/intenz.fr\/#organization\"},\"potentialAction\":[{\"@type\":\"SearchAction\",\"target\":{\"@type\":\"EntryPoint\",\"urlTemplate\":\"https:\/\/intenz.fr\/?s={search_term_string}\"},\"query-input\":{\"@type\":\"PropertyValueSpecification\",\"valueRequired\":true,\"valueName\":\"search_term_string\"}}],\"inLanguage\":\"fr-FR\"},{\"@type\":\"Organization\",\"@id\":\"https:\/\/intenz.fr\/#organization\",\"name\":\"InTenz\",\"url\":\"https:\/\/intenz.fr\/\",\"logo\":{\"@type\":\"ImageObject\",\"inLanguage\":\"fr-FR\",\"@id\":\"https:\/\/intenz.fr\/#\/schema\/logo\/image\/\",\"url\":\"https:\/\/intenz.fr\/wp-content\/uploads\/2023\/12\/Intenz_Logo_sans_fond.png\",\"contentUrl\":\"https:\/\/intenz.fr\/wp-content\/uploads\/2023\/12\/Intenz_Logo_sans_fond.png\",\"width\":1920,\"height\":1080,\"caption\":\"InTenz\"},\"image\":{\"@id\":\"https:\/\/intenz.fr\/#\/schema\/logo\/image\/\"},\"sameAs\":[\"https:\/\/www.linkedin.com\/company\/intenz-groupe-codilog\/\"]}]}<\/script>\n<!-- \/ Yoast SEO plugin. -->","yoast_head_json":{"title":"Intenz - Recrutement - InTenz","robots":{"index":"index","follow":"follow","max-snippet":"max-snippet:-1","max-image-preview":"max-image-preview:large","max-video-preview":"max-video-preview:-1"},"canonical":"https:\/\/intenz.fr\/index.php\/intenz-career\/","og_locale":"fr_FR","og_type":"article","og_title":"Intenz - Recrutement - InTenz","og_description":"InTenz recrute ! D\u00e9pose ton CV (pdf ou word) et d\u00e9marre une nouvelle aventure ! Tu acceptes\u00a0la politique de confidentialit\u00e9\u00a0et de partager avec nos services tes donn\u00e9es personnelles pr\u00e9sentes sur ton CV. L\u2019analyse de tes donn\u00e9es permettra de trouver les offres en ad\u00e9quation avec tes exp\u00e9riences, m\u00e9tiers, comp\u00e9tences, sports, lieu d\u2019habitation. Apr\u00e8s ce traitement, tes&hellip;&nbsp;Lire la suite &raquo;Intenz &#8211; Recrutement","og_url":"https:\/\/intenz.fr\/index.php\/intenz-career\/","og_site_name":"InTenz","article_modified_time":"2023-12-09T11:01:00+00:00","twitter_card":"summary_large_image","schema":{"@context":"https:\/\/schema.org","@graph":[{"@type":"WebPage","@id":"https:\/\/intenz.fr\/index.php\/intenz-career\/","url":"https:\/\/intenz.fr\/index.php\/intenz-career\/","name":"Intenz - Recrutement - InTenz","isPartOf":{"@id":"https:\/\/intenz.fr\/#website"},"datePublished":"2023-12-09T08:21:44+00:00","dateModified":"2023-12-09T11:01:00+00:00","breadcrumb":{"@id":"https:\/\/intenz.fr\/index.php\/intenz-career\/#breadcrumb"},"inLanguage":"fr-FR","potentialAction":[{"@type":"ReadAction","target":["https:\/\/intenz.fr\/index.php\/intenz-career\/"]}]},{"@type":"BreadcrumbList","@id":"https:\/\/intenz.fr\/index.php\/intenz-career\/#breadcrumb","itemListElement":[{"@type":"ListItem","position":1,"name":"Accueil","item":"https:\/\/intenz.fr\/"},{"@type":"ListItem","position":2,"name":"Intenz &#8211; Recrutement"}]},{"@type":"WebSite","@id":"https:\/\/intenz.fr\/#website","url":"https:\/\/intenz.fr\/","name":"InTenz","description":"","publisher":{"@id":"https:\/\/intenz.fr\/#organization"},"potentialAction":[{"@type":"SearchAction","target":{"@type":"EntryPoint","urlTemplate":"https:\/\/intenz.fr\/?s={search_term_string}"},"query-input":{"@type":"PropertyValueSpecification","valueRequired":true,"valueName":"search_term_string"}}],"inLanguage":"fr-FR"},{"@type":"Organization","@id":"https:\/\/intenz.fr\/#organization","name":"InTenz","url":"https:\/\/intenz.fr\/","logo":{"@type":"ImageObject","inLanguage":"fr-FR","@id":"https:\/\/intenz.fr\/#\/schema\/logo\/image\/","url":"https:\/\/intenz.fr\/wp-content\/uploads\/2023\/12\/Intenz_Logo_sans_fond.png","contentUrl":"https:\/\/intenz.fr\/wp-content\/uploads\/2023\/12\/Intenz_Logo_sans_fond.png","width":1920,"height":1080,"caption":"InTenz"},"image":{"@id":"https:\/\/intenz.fr\/#\/schema\/logo\/image\/"},"sameAs":["https:\/\/www.linkedin.com\/company\/intenz-groupe-codilog\/"]}]}},"_links":{"self":[{"href":"https:\/\/intenz.fr\/index.php\/wp-json\/wp\/v2\/pages\/578","targetHints":{"allow":["GET"]}}],"collection":[{"href":"https:\/\/intenz.fr\/index.php\/wp-json\/wp\/v2\/pages"}],"about":[{"href":"https:\/\/intenz.fr\/index.php\/wp-json\/wp\/v2\/types\/page"}],"author":[{"embeddable":true,"href":"https:\/\/intenz.fr\/index.php\/wp-json\/wp\/v2\/users\/1"}],"replies":[{"embeddable":true,"href":"https:\/\/intenz.fr\/index.php\/wp-json\/wp\/v2\/comments?post=578"}],"version-history":[{"count":59,"href":"https:\/\/intenz.fr\/index.php\/wp-json\/wp\/v2\/pages\/578\/revisions"}],"predecessor-version":[{"id":648,"href":"https:\/\/intenz.fr\/index.php\/wp-json\/wp\/v2\/pages\/578\/revisions\/648"}],"wp:attachment":[{"href":"https:\/\/intenz.fr\/index.php\/wp-json\/wp\/v2\/media?parent=578"}],"curies":[{"name":"wp","href":"https:\/\/api.w.org\/{rel}","templated":true}]}}