{"id":9,"date":"2023-10-11T09:11:58","date_gmt":"2023-10-11T07:11:58","guid":{"rendered":"http:\/\/i-workspace.ovh\/?page_id=9"},"modified":"2024-01-26T13:42:15","modified_gmt":"2024-01-26T12:42:15","slug":"accueil","status":"publish","type":"page","link":"https:\/\/intenz.fr\/","title":{"rendered":"Accueil"},"content":{"rendered":"\t\t<div data-elementor-type=\"wp-page\" data-elementor-id=\"9\" class=\"elementor elementor-9\">\n\t\t\t\t<div class=\"elementor-element elementor-element-6ea8a1f e-con-full e-flex e-con e-parent\" data-id=\"6ea8a1f\" data-element_type=\"container\" data-settings=\"{&quot;background_background&quot;:&quot;classic&quot;}\">\n\t\t<div class=\"elementor-element elementor-element-b86a1a6 e-con-full e-flex e-con e-child\" data-id=\"b86a1a6\" data-element_type=\"container\">\n\t\t\t\t<div class=\"elementor-element elementor-element-165311d elementor-invisible elementor-widget elementor-widget-heading\" data-id=\"165311d\" data-element_type=\"widget\" data-settings=\"{&quot;_animation&quot;:&quot;fadeInRight&quot;}\" data-widget_type=\"heading.default\">\n\t\t\t\t<div class=\"elementor-widget-container\">\n\t\t\t\t\t<h2 class=\"elementor-heading-title elementor-size-xl\"><br>Construisez l\u2019avenir de votre entreprise en toute confiance<\/h2>\t\t\t\t<\/div>\n\t\t\t\t<\/div>\n\t\t\t\t<div class=\"elementor-element elementor-element-4ff2f11 elementor-widget__width-inherit elementor-invisible elementor-widget elementor-widget-text-editor\" data-id=\"4ff2f11\" data-element_type=\"widget\" data-settings=\"{&quot;_animation&quot;:&quot;fadeInLeft&quot;}\" data-widget_type=\"text-editor.default\">\n\t\t\t\t<div class=\"elementor-widget-container\">\n\t\t\t\t\t\t\t\t\t<p>Votre organisation doit surmonter les obstacles, se pr\u00e9parer aux d\u00e9fis, d\u00e9terminer la meilleure solution pour vos nouveaux besoins et avancer avec confiance \u00e0 travers un barrage d&rsquo;ambigu\u00eft\u00e9s et de risques : c&rsquo;est le nouvel ordre mondial des affaires.<\/p>\t\t\t\t\t\t\t\t<\/div>\n\t\t\t\t<\/div>\n\t\t\t\t<\/div>\n\t\t\t\t<\/div>\n\t\t<div class=\"elementor-element elementor-element-932e8df e-con-full e-flex e-con e-parent\" data-id=\"932e8df\" data-element_type=\"container\">\n\t\t<div class=\"elementor-element elementor-element-18df571 e-flex e-con-boxed e-con e-child\" data-id=\"18df571\" data-element_type=\"container\">\n\t\t\t\t\t<div class=\"e-con-inner\">\n\t\t\t\t<div class=\"elementor-element elementor-element-34ca88b elementor-widget elementor-widget-heading\" data-id=\"34ca88b\" data-element_type=\"widget\" data-widget_type=\"heading.default\">\n\t\t\t\t<div class=\"elementor-widget-container\">\n\t\t\t\t\t<h3 class=\"elementor-heading-title elementor-size-default\">Nos savoir faire<\/h3>\t\t\t\t<\/div>\n\t\t\t\t<\/div>\n\t\t\t\t\t<\/div>\n\t\t\t\t<\/div>\n\t\t\t\t<\/div>\n\t\t<div class=\"elementor-element elementor-element-4fd0fd7 e-con-full e-flex e-con e-parent\" data-id=\"4fd0fd7\" data-element_type=\"container\">\n\t\t<div class=\"elementor-element elementor-element-d65d749 e-con-full e-flex e-con e-child\" data-id=\"d65d749\" data-element_type=\"container\">\n\t\t<div class=\"elementor-element elementor-element-c4036bc e-con-full e-flex e-con e-child\" data-id=\"c4036bc\" data-element_type=\"container\">\n\t\t\t\t<div class=\"elementor-element elementor-element-036626a elementor-widget elementor-widget-image\" data-id=\"036626a\" data-element_type=\"widget\" data-widget_type=\"image.default\">\n\t\t\t\t<div class=\"elementor-widget-container\">\n\t\t\t\t\t\t\t\t\t\t\t\t\t\t\t\t<a href=\"https:\/\/intenz.fr\/index.php\/solutions\/\">\n\t\t\t\t\t\t\t<img decoding=\"async\" width=\"100\" height=\"100\" src=\"https:\/\/intenz.fr\/wp-content\/uploads\/2024\/01\/ERP.png\" class=\"attachment-large size-large wp-image-1288\" alt=\"\" \/>\t\t\t\t\t\t\t\t<\/a>\n\t\t\t\t\t\t\t\t\t\t\t\t\t\t\t<\/div>\n\t\t\t\t<\/div>\n\t\t\t\t<\/div>\n\t\t<div class=\"elementor-element elementor-element-ceb471f e-con-full e-flex e-con e-child\" data-id=\"ceb471f\" data-element_type=\"container\" data-settings=\"{&quot;background_background&quot;:&quot;classic&quot;}\">\n\t\t\t\t<div class=\"elementor-element elementor-element-b6da597 e-transform elementor-widget elementor-widget-button\" data-id=\"b6da597\" data-element_type=\"widget\" data-settings=\"{&quot;_transform_scale_effect_hover&quot;:{&quot;unit&quot;:&quot;px&quot;,&quot;size&quot;:0.9,&quot;sizes&quot;:[]},&quot;_transform_scale_effect_hover_tablet&quot;:{&quot;unit&quot;:&quot;px&quot;,&quot;size&quot;:&quot;&quot;,&quot;sizes&quot;:[]},&quot;_transform_scale_effect_hover_mobile&quot;:{&quot;unit&quot;:&quot;px&quot;,&quot;size&quot;:&quot;&quot;,&quot;sizes&quot;:[]}}\" data-widget_type=\"button.default\">\n\t\t\t\t<div class=\"elementor-widget-container\">\n\t\t\t\t\t\t\t\t\t<div class=\"elementor-button-wrapper\">\n\t\t\t\t\t<a class=\"elementor-button elementor-button-link elementor-size-sm\" href=\"https:\/\/intenz.fr\/index.php\/solutions\/\">\n\t\t\t\t\t\t<span class=\"elementor-button-content-wrapper\">\n\t\t\t\t\t\t\t\t\t<span class=\"elementor-button-text\">S\/4 Hana<\/span>\n\t\t\t\t\t<\/span>\n\t\t\t\t\t<\/a>\n\t\t\t\t<\/div>\n\t\t\t\t\t\t\t\t<\/div>\n\t\t\t\t<\/div>\n\t\t\t\t<\/div>\n\t\t\t\t<\/div>\n\t\t<div class=\"elementor-element elementor-element-17cee96 e-con-full e-flex e-con e-child\" data-id=\"17cee96\" data-element_type=\"container\">\n\t\t<div class=\"elementor-element elementor-element-194bae1 e-con-full e-flex e-con e-child\" data-id=\"194bae1\" data-element_type=\"container\">\n\t\t\t\t<div class=\"elementor-element elementor-element-1d14a42 elementor-widget elementor-widget-image\" data-id=\"1d14a42\" data-element_type=\"widget\" data-widget_type=\"image.default\">\n\t\t\t\t<div class=\"elementor-widget-container\">\n\t\t\t\t\t\t\t\t\t\t\t\t\t\t\t\t<a href=\"https:\/\/intenz.fr\/index.php\/sac\/\">\n\t\t\t\t\t\t\t<img decoding=\"async\" width=\"100\" height=\"100\" src=\"https:\/\/intenz.fr\/wp-content\/uploads\/2023\/12\/analytics.png\" class=\"attachment-large size-large wp-image-733\" alt=\"\" \/>\t\t\t\t\t\t\t\t<\/a>\n\t\t\t\t\t\t\t\t\t\t\t\t\t\t\t<\/div>\n\t\t\t\t<\/div>\n\t\t\t\t<\/div>\n\t\t<div class=\"elementor-element elementor-element-710916e e-con-full e-flex e-con e-child\" data-id=\"710916e\" data-element_type=\"container\" data-settings=\"{&quot;background_background&quot;:&quot;classic&quot;}\">\n\t\t\t\t<div class=\"elementor-element elementor-element-5d01203 e-transform elementor-align-center elementor-widget elementor-widget-button\" data-id=\"5d01203\" data-element_type=\"widget\" data-settings=\"{&quot;_transform_scale_effect_hover&quot;:{&quot;unit&quot;:&quot;px&quot;,&quot;size&quot;:0.9,&quot;sizes&quot;:[]},&quot;_transform_scale_effect_hover_tablet&quot;:{&quot;unit&quot;:&quot;px&quot;,&quot;size&quot;:&quot;&quot;,&quot;sizes&quot;:[]},&quot;_transform_scale_effect_hover_mobile&quot;:{&quot;unit&quot;:&quot;px&quot;,&quot;size&quot;:&quot;&quot;,&quot;sizes&quot;:[]}}\" data-widget_type=\"button.default\">\n\t\t\t\t<div class=\"elementor-widget-container\">\n\t\t\t\t\t\t\t\t\t<div class=\"elementor-button-wrapper\">\n\t\t\t\t\t<a class=\"elementor-button elementor-button-link elementor-size-sm\" href=\"https:\/\/intenz.fr\/index.php\/sac\/\">\n\t\t\t\t\t\t<span class=\"elementor-button-content-wrapper\">\n\t\t\t\t\t\t\t\t\t<span class=\"elementor-button-text\">SAC<\/span>\n\t\t\t\t\t<\/span>\n\t\t\t\t\t<\/a>\n\t\t\t\t<\/div>\n\t\t\t\t\t\t\t\t<\/div>\n\t\t\t\t<\/div>\n\t\t\t\t<\/div>\n\t\t\t\t<\/div>\n\t\t<div class=\"elementor-element elementor-element-c8a14bb e-con-full e-flex e-con e-child\" data-id=\"c8a14bb\" data-element_type=\"container\">\n\t\t<div class=\"elementor-element elementor-element-6c18909 e-con-full e-flex e-con e-child\" data-id=\"6c18909\" data-element_type=\"container\">\n\t\t\t\t<div class=\"elementor-element elementor-element-df9064f elementor-widget elementor-widget-image\" data-id=\"df9064f\" data-element_type=\"widget\" data-widget_type=\"image.default\">\n\t\t\t\t<div class=\"elementor-widget-container\">\n\t\t\t\t\t\t\t\t\t\t\t\t\t\t\t\t<a href=\"https:\/\/intenz.fr\/index.php\/process-mining\/\">\n\t\t\t\t\t\t\t<img decoding=\"async\" width=\"100\" height=\"100\" src=\"https:\/\/intenz.fr\/wp-content\/uploads\/2023\/12\/PM.png\" class=\"attachment-large size-large wp-image-743\" alt=\"\" \/>\t\t\t\t\t\t\t\t<\/a>\n\t\t\t\t\t\t\t\t\t\t\t\t\t\t\t<\/div>\n\t\t\t\t<\/div>\n\t\t\t\t<\/div>\n\t\t<div class=\"elementor-element elementor-element-d2faa8c e-con-full e-flex e-con e-child\" data-id=\"d2faa8c\" data-element_type=\"container\" data-settings=\"{&quot;background_background&quot;:&quot;classic&quot;}\">\n\t\t\t\t<div class=\"elementor-element elementor-element-b12bce4 e-transform elementor-align-center elementor-widget elementor-widget-button\" data-id=\"b12bce4\" data-element_type=\"widget\" data-settings=\"{&quot;_transform_scale_effect_hover&quot;:{&quot;unit&quot;:&quot;px&quot;,&quot;size&quot;:0.9,&quot;sizes&quot;:[]},&quot;_transform_scale_effect_hover_tablet&quot;:{&quot;unit&quot;:&quot;px&quot;,&quot;size&quot;:&quot;&quot;,&quot;sizes&quot;:[]},&quot;_transform_scale_effect_hover_mobile&quot;:{&quot;unit&quot;:&quot;px&quot;,&quot;size&quot;:&quot;&quot;,&quot;sizes&quot;:[]}}\" data-widget_type=\"button.default\">\n\t\t\t\t<div class=\"elementor-widget-container\">\n\t\t\t\t\t\t\t\t\t<div class=\"elementor-button-wrapper\">\n\t\t\t\t\t<a class=\"elementor-button elementor-button-link elementor-size-sm\" href=\"https:\/\/intenz.fr\/index.php\/process-mining\/\">\n\t\t\t\t\t\t<span class=\"elementor-button-content-wrapper\">\n\t\t\t\t\t\t\t\t\t<span class=\"elementor-button-text\">Process Mining<\/span>\n\t\t\t\t\t<\/span>\n\t\t\t\t\t<\/a>\n\t\t\t\t<\/div>\n\t\t\t\t\t\t\t\t<\/div>\n\t\t\t\t<\/div>\n\t\t\t\t<\/div>\n\t\t\t\t<\/div>\n\t\t<div class=\"elementor-element elementor-element-9ef46d2 e-con-full e-flex e-con e-child\" data-id=\"9ef46d2\" data-element_type=\"container\">\n\t\t<div class=\"elementor-element elementor-element-8144cf0 e-con-full e-flex e-con e-child\" data-id=\"8144cf0\" data-element_type=\"container\">\n\t\t\t\t<div class=\"elementor-element elementor-element-8ee39d2 elementor-widget elementor-widget-image\" data-id=\"8ee39d2\" data-element_type=\"widget\" data-widget_type=\"image.default\">\n\t\t\t\t<div class=\"elementor-widget-container\">\n\t\t\t\t\t\t\t\t\t\t\t\t\t\t\t\t<a href=\"https:\/\/intenz.fr\/index.php\/drc\/\">\n\t\t\t\t\t\t\t<img loading=\"lazy\" decoding=\"async\" width=\"100\" height=\"100\" src=\"https:\/\/intenz.fr\/wp-content\/uploads\/2024\/01\/DRC.png\" class=\"attachment-large size-large wp-image-1284\" alt=\"\" \/>\t\t\t\t\t\t\t\t<\/a>\n\t\t\t\t\t\t\t\t\t\t\t\t\t\t\t<\/div>\n\t\t\t\t<\/div>\n\t\t\t\t<\/div>\n\t\t<div class=\"elementor-element elementor-element-9e1ed12 e-con-full e-flex e-con e-child\" data-id=\"9e1ed12\" data-element_type=\"container\" data-settings=\"{&quot;background_background&quot;:&quot;classic&quot;}\">\n\t\t\t\t<div class=\"elementor-element elementor-element-0449202 e-transform elementor-widget elementor-widget-button\" data-id=\"0449202\" data-element_type=\"widget\" data-settings=\"{&quot;_transform_scale_effect_hover&quot;:{&quot;unit&quot;:&quot;px&quot;,&quot;size&quot;:0.9,&quot;sizes&quot;:[]},&quot;_transform_scale_effect_hover_tablet&quot;:{&quot;unit&quot;:&quot;px&quot;,&quot;size&quot;:&quot;&quot;,&quot;sizes&quot;:[]},&quot;_transform_scale_effect_hover_mobile&quot;:{&quot;unit&quot;:&quot;px&quot;,&quot;size&quot;:&quot;&quot;,&quot;sizes&quot;:[]}}\" data-widget_type=\"button.default\">\n\t\t\t\t<div class=\"elementor-widget-container\">\n\t\t\t\t\t\t\t\t\t<div class=\"elementor-button-wrapper\">\n\t\t\t\t\t<a class=\"elementor-button elementor-button-link elementor-size-sm\" href=\"https:\/\/intenz.fr\/index.php\/drc\/\">\n\t\t\t\t\t\t<span class=\"elementor-button-content-wrapper\">\n\t\t\t\t\t\t\t\t\t<span class=\"elementor-button-text\">DRC<\/span>\n\t\t\t\t\t<\/span>\n\t\t\t\t\t<\/a>\n\t\t\t\t<\/div>\n\t\t\t\t\t\t\t\t<\/div>\n\t\t\t\t<\/div>\n\t\t\t\t<\/div>\n\t\t\t\t<\/div>\n\t\t<div class=\"elementor-element elementor-element-c91c9eb e-con-full e-flex e-con e-child\" data-id=\"c91c9eb\" data-element_type=\"container\">\n\t\t<div class=\"elementor-element elementor-element-be80515 e-con-full e-flex e-con e-child\" data-id=\"be80515\" data-element_type=\"container\">\n\t\t\t\t<div class=\"elementor-element elementor-element-0f45d2f elementor-widget elementor-widget-image\" data-id=\"0f45d2f\" data-element_type=\"widget\" data-widget_type=\"image.default\">\n\t\t\t\t<div class=\"elementor-widget-container\">\n\t\t\t\t\t\t\t\t\t\t\t\t\t\t\t\t<a href=\"https:\/\/intenz.fr\/index.php\/vim\/\">\n\t\t\t\t\t\t\t<img loading=\"lazy\" decoding=\"async\" width=\"100\" height=\"100\" src=\"https:\/\/intenz.fr\/wp-content\/uploads\/2023\/12\/VIM.png\" class=\"attachment-large size-large wp-image-751\" alt=\"\" \/>\t\t\t\t\t\t\t\t<\/a>\n\t\t\t\t\t\t\t\t\t\t\t\t\t\t\t<\/div>\n\t\t\t\t<\/div>\n\t\t\t\t<\/div>\n\t\t<div class=\"elementor-element elementor-element-8c1a5a7 e-con-full e-flex e-con e-child\" data-id=\"8c1a5a7\" data-element_type=\"container\" data-settings=\"{&quot;background_background&quot;:&quot;classic&quot;}\">\n\t\t\t\t<div class=\"elementor-element elementor-element-cb4fc87 e-transform elementor-widget elementor-widget-button\" data-id=\"cb4fc87\" data-element_type=\"widget\" data-settings=\"{&quot;_transform_scale_effect_hover&quot;:{&quot;unit&quot;:&quot;px&quot;,&quot;size&quot;:0.9,&quot;sizes&quot;:[]},&quot;_transform_scale_effect_hover_tablet&quot;:{&quot;unit&quot;:&quot;px&quot;,&quot;size&quot;:&quot;&quot;,&quot;sizes&quot;:[]},&quot;_transform_scale_effect_hover_mobile&quot;:{&quot;unit&quot;:&quot;px&quot;,&quot;size&quot;:&quot;&quot;,&quot;sizes&quot;:[]}}\" data-widget_type=\"button.default\">\n\t\t\t\t<div class=\"elementor-widget-container\">\n\t\t\t\t\t\t\t\t\t<div class=\"elementor-button-wrapper\">\n\t\t\t\t\t<a class=\"elementor-button elementor-button-link elementor-size-sm\" href=\"https:\/\/intenz.fr\/index.php\/vim\/\">\n\t\t\t\t\t\t<span class=\"elementor-button-content-wrapper\">\n\t\t\t\t\t\t\t\t\t<span class=\"elementor-button-text\">VIM<\/span>\n\t\t\t\t\t<\/span>\n\t\t\t\t\t<\/a>\n\t\t\t\t<\/div>\n\t\t\t\t\t\t\t\t<\/div>\n\t\t\t\t<\/div>\n\t\t\t\t<\/div>\n\t\t\t\t<\/div>\n\t\t<div class=\"elementor-element elementor-element-6263a2e e-con-full e-flex e-con e-child\" data-id=\"6263a2e\" data-element_type=\"container\">\n\t\t<div class=\"elementor-element elementor-element-ab948a7 e-con-full e-flex e-con e-child\" data-id=\"ab948a7\" data-element_type=\"container\">\n\t\t\t\t<div class=\"elementor-element elementor-element-d583d43 elementor-widget elementor-widget-image\" data-id=\"d583d43\" data-element_type=\"widget\" data-widget_type=\"image.default\">\n\t\t\t\t<div class=\"elementor-widget-container\">\n\t\t\t\t\t\t\t\t\t\t\t\t\t\t\t\t<a href=\"https:\/\/intenz.fr\/index.php\/transformation-digitale\/\">\n\t\t\t\t\t\t\t<img loading=\"lazy\" decoding=\"async\" width=\"100\" height=\"100\" src=\"https:\/\/intenz.fr\/wp-content\/uploads\/2023\/12\/Digital.png\" class=\"attachment-large size-large wp-image-755\" alt=\"\" \/>\t\t\t\t\t\t\t\t<\/a>\n\t\t\t\t\t\t\t\t\t\t\t\t\t\t\t<\/div>\n\t\t\t\t<\/div>\n\t\t\t\t<\/div>\n\t\t<div class=\"elementor-element elementor-element-5bbaf84 e-con-full e-flex e-con e-child\" data-id=\"5bbaf84\" data-element_type=\"container\" data-settings=\"{&quot;background_background&quot;:&quot;classic&quot;}\">\n\t\t\t\t<div class=\"elementor-element elementor-element-7b02e78 e-transform elementor-widget elementor-widget-button\" data-id=\"7b02e78\" data-element_type=\"widget\" data-settings=\"{&quot;_transform_scale_effect_hover&quot;:{&quot;unit&quot;:&quot;px&quot;,&quot;size&quot;:0.9,&quot;sizes&quot;:[]},&quot;_transform_scale_effect_hover_tablet&quot;:{&quot;unit&quot;:&quot;px&quot;,&quot;size&quot;:&quot;&quot;,&quot;sizes&quot;:[]},&quot;_transform_scale_effect_hover_mobile&quot;:{&quot;unit&quot;:&quot;px&quot;,&quot;size&quot;:&quot;&quot;,&quot;sizes&quot;:[]}}\" data-widget_type=\"button.default\">\n\t\t\t\t<div class=\"elementor-widget-container\">\n\t\t\t\t\t\t\t\t\t<div class=\"elementor-button-wrapper\">\n\t\t\t\t\t<a class=\"elementor-button elementor-button-link elementor-size-sm\" href=\"https:\/\/intenz.fr\/index.php\/transformation-digitale\/\">\n\t\t\t\t\t\t<span class=\"elementor-button-content-wrapper\">\n\t\t\t\t\t\t\t\t\t<span class=\"elementor-button-text\">Digitalisation<\/span>\n\t\t\t\t\t<\/span>\n\t\t\t\t\t<\/a>\n\t\t\t\t<\/div>\n\t\t\t\t\t\t\t\t<\/div>\n\t\t\t\t<\/div>\n\t\t\t\t<\/div>\n\t\t\t\t<\/div>\n\t\t\t\t<\/div>\n\t\t\t\t<\/div>\n\t\t","protected":false},"excerpt":{"rendered":"<p>Construisez l\u2019avenir de votre entreprise en toute confiance Votre organisation doit surmonter les obstacles, se pr\u00e9parer aux d\u00e9fis, d\u00e9terminer la meilleure solution pour vos nouveaux besoins et avancer avec confiance \u00e0 travers un barrage d&rsquo;ambigu\u00eft\u00e9s et de risques : c&rsquo;est le nouvel ordre mondial des affaires. Nos savoir faire S\/4 Hana SAC Process Mining DRC&hellip;&nbsp;<a href=\"https:\/\/intenz.fr\/\" class=\"\" rel=\"bookmark\">Lire la suite &raquo;<span class=\"screen-reader-text\">Accueil<\/span><\/a><\/p>\n","protected":false},"author":1,"featured_media":0,"parent":0,"menu_order":0,"comment_status":"closed","ping_status":"closed","template":"elementor_header_footer","meta":{"neve_meta_sidebar":"","neve_meta_container":"","neve_meta_enable_content_width":"on","neve_meta_content_width":100,"neve_meta_title_alignment":"","neve_meta_author_avatar":"","neve_post_elements_order":"","neve_meta_disable_header":"","neve_meta_disable_footer":"","neve_meta_disable_title":"on","footnotes":""},"class_list":["post-9","page","type-page","status-publish","hentry"],"yoast_head":"<!-- This site is optimized with the Yoast SEO plugin v24.1 - https:\/\/yoast.com\/wordpress\/plugins\/seo\/ -->\n<title>Accueil - InTenz<\/title>\n<meta name=\"description\" content=\"Chez InTenz, nous sommes passionn\u00e9s par l\u2019optimisation des solutions SAP pour offrir \u00e0 nos clients des services informatiques de pointe.\" \/>\n<meta name=\"robots\" content=\"index, follow, max-snippet:-1, max-image-preview:large, max-video-preview:-1\" \/>\n<link rel=\"canonical\" href=\"https:\/\/intenz.fr\/\" \/>\n<meta property=\"og:locale\" content=\"fr_FR\" \/>\n<meta property=\"og:type\" content=\"article\" \/>\n<meta property=\"og:title\" content=\"Accueil - InTenz\" \/>\n<meta property=\"og:description\" content=\"Chez InTenz, nous sommes passionn\u00e9s par l\u2019optimisation des solutions SAP pour offrir \u00e0 nos clients des services informatiques de pointe.\" \/>\n<meta property=\"og:url\" content=\"https:\/\/intenz.fr\/\" \/>\n<meta property=\"og:site_name\" content=\"InTenz\" \/>\n<meta property=\"article:modified_time\" content=\"2024-01-26T12:42:15+00:00\" \/>\n<meta property=\"og:image\" content=\"https:\/\/intenz.fr\/wp-content\/uploads\/2024\/01\/ERP.png\" \/>\n<meta name=\"twitter:card\" content=\"summary_large_image\" \/>\n<meta name=\"twitter:label1\" content=\"Dur\u00e9e de lecture estim\u00e9e\" \/>\n\t<meta name=\"twitter:data1\" content=\"2 minutes\" \/>\n<script type=\"application\/ld+json\" class=\"yoast-schema-graph\">{\"@context\":\"https:\/\/schema.org\",\"@graph\":[{\"@type\":\"WebPage\",\"@id\":\"https:\/\/intenz.fr\/\",\"url\":\"https:\/\/intenz.fr\/\",\"name\":\"Accueil - InTenz\",\"isPartOf\":{\"@id\":\"https:\/\/intenz.fr\/#website\"},\"primaryImageOfPage\":{\"@id\":\"https:\/\/intenz.fr\/#primaryimage\"},\"image\":{\"@id\":\"https:\/\/intenz.fr\/#primaryimage\"},\"thumbnailUrl\":\"https:\/\/intenz.fr\/wp-content\/uploads\/2024\/01\/ERP.png\",\"datePublished\":\"2023-10-11T07:11:58+00:00\",\"dateModified\":\"2024-01-26T12:42:15+00:00\",\"description\":\"Chez InTenz, nous sommes passionn\u00e9s par l\u2019optimisation des solutions SAP pour offrir \u00e0 nos clients des services informatiques de pointe.\",\"breadcrumb\":{\"@id\":\"https:\/\/intenz.fr\/#breadcrumb\"},\"inLanguage\":\"fr-FR\",\"potentialAction\":[{\"@type\":\"ReadAction\",\"target\":[\"https:\/\/intenz.fr\/\"]}]},{\"@type\":\"ImageObject\",\"inLanguage\":\"fr-FR\",\"@id\":\"https:\/\/intenz.fr\/#primaryimage\",\"url\":\"https:\/\/intenz.fr\/wp-content\/uploads\/2024\/01\/ERP.png\",\"contentUrl\":\"https:\/\/intenz.fr\/wp-content\/uploads\/2024\/01\/ERP.png\",\"width\":100,\"height\":100},{\"@type\":\"BreadcrumbList\",\"@id\":\"https:\/\/intenz.fr\/#breadcrumb\",\"itemListElement\":[{\"@type\":\"ListItem\",\"position\":1,\"name\":\"Accueil\",\"item\":\"https:\/\/intenz.fr\/\"},{\"@type\":\"ListItem\",\"position\":2,\"name\":\"Accueil\"}]},{\"@type\":\"WebSite\",\"@id\":\"https:\/\/intenz.fr\/#website\",\"url\":\"https:\/\/intenz.fr\/\",\"name\":\"InTenz\",\"description\":\"\",\"publisher\":{\"@id\":\"https:\/\/intenz.fr\/#organization\"},\"potentialAction\":[{\"@type\":\"SearchAction\",\"target\":{\"@type\":\"EntryPoint\",\"urlTemplate\":\"https:\/\/intenz.fr\/?s={search_term_string}\"},\"query-input\":{\"@type\":\"PropertyValueSpecification\",\"valueRequired\":true,\"valueName\":\"search_term_string\"}}],\"inLanguage\":\"fr-FR\"},{\"@type\":\"Organization\",\"@id\":\"https:\/\/intenz.fr\/#organization\",\"name\":\"InTenz\",\"url\":\"https:\/\/intenz.fr\/\",\"logo\":{\"@type\":\"ImageObject\",\"inLanguage\":\"fr-FR\",\"@id\":\"https:\/\/intenz.fr\/#\/schema\/logo\/image\/\",\"url\":\"https:\/\/intenz.fr\/wp-content\/uploads\/2023\/12\/Intenz_Logo_sans_fond.png\",\"contentUrl\":\"https:\/\/intenz.fr\/wp-content\/uploads\/2023\/12\/Intenz_Logo_sans_fond.png\",\"width\":1920,\"height\":1080,\"caption\":\"InTenz\"},\"image\":{\"@id\":\"https:\/\/intenz.fr\/#\/schema\/logo\/image\/\"},\"sameAs\":[\"https:\/\/www.linkedin.com\/company\/intenz-groupe-codilog\/\"]}]}<\/script>\n<!-- \/ Yoast SEO plugin. -->","yoast_head_json":{"title":"Accueil - InTenz","description":"Chez InTenz, nous sommes passionn\u00e9s par l\u2019optimisation des solutions SAP pour offrir \u00e0 nos clients des services informatiques de pointe.","robots":{"index":"index","follow":"follow","max-snippet":"max-snippet:-1","max-image-preview":"max-image-preview:large","max-video-preview":"max-video-preview:-1"},"canonical":"https:\/\/intenz.fr\/","og_locale":"fr_FR","og_type":"article","og_title":"Accueil - InTenz","og_description":"Chez InTenz, nous sommes passionn\u00e9s par l\u2019optimisation des solutions SAP pour offrir \u00e0 nos clients des services informatiques de pointe.","og_url":"https:\/\/intenz.fr\/","og_site_name":"InTenz","article_modified_time":"2024-01-26T12:42:15+00:00","og_image":[{"url":"https:\/\/intenz.fr\/wp-content\/uploads\/2024\/01\/ERP.png","type":"","width":"","height":""}],"twitter_card":"summary_large_image","twitter_misc":{"Dur\u00e9e de lecture estim\u00e9e":"2 minutes"},"schema":{"@context":"https:\/\/schema.org","@graph":[{"@type":"WebPage","@id":"https:\/\/intenz.fr\/","url":"https:\/\/intenz.fr\/","name":"Accueil - InTenz","isPartOf":{"@id":"https:\/\/intenz.fr\/#website"},"primaryImageOfPage":{"@id":"https:\/\/intenz.fr\/#primaryimage"},"image":{"@id":"https:\/\/intenz.fr\/#primaryimage"},"thumbnailUrl":"https:\/\/intenz.fr\/wp-content\/uploads\/2024\/01\/ERP.png","datePublished":"2023-10-11T07:11:58+00:00","dateModified":"2024-01-26T12:42:15+00:00","description":"Chez InTenz, nous sommes passionn\u00e9s par l\u2019optimisation des solutions SAP pour offrir \u00e0 nos clients des services informatiques de pointe.","breadcrumb":{"@id":"https:\/\/intenz.fr\/#breadcrumb"},"inLanguage":"fr-FR","potentialAction":[{"@type":"ReadAction","target":["https:\/\/intenz.fr\/"]}]},{"@type":"ImageObject","inLanguage":"fr-FR","@id":"https:\/\/intenz.fr\/#primaryimage","url":"https:\/\/intenz.fr\/wp-content\/uploads\/2024\/01\/ERP.png","contentUrl":"https:\/\/intenz.fr\/wp-content\/uploads\/2024\/01\/ERP.png","width":100,"height":100},{"@type":"BreadcrumbList","@id":"https:\/\/intenz.fr\/#breadcrumb","itemListElement":[{"@type":"ListItem","position":1,"name":"Accueil","item":"https:\/\/intenz.fr\/"},{"@type":"ListItem","position":2,"name":"Accueil"}]},{"@type":"WebSite","@id":"https:\/\/intenz.fr\/#website","url":"https:\/\/intenz.fr\/","name":"InTenz","description":"","publisher":{"@id":"https:\/\/intenz.fr\/#organization"},"potentialAction":[{"@type":"SearchAction","target":{"@type":"EntryPoint","urlTemplate":"https:\/\/intenz.fr\/?s={search_term_string}"},"query-input":{"@type":"PropertyValueSpecification","valueRequired":true,"valueName":"search_term_string"}}],"inLanguage":"fr-FR"},{"@type":"Organization","@id":"https:\/\/intenz.fr\/#organization","name":"InTenz","url":"https:\/\/intenz.fr\/","logo":{"@type":"ImageObject","inLanguage":"fr-FR","@id":"https:\/\/intenz.fr\/#\/schema\/logo\/image\/","url":"https:\/\/intenz.fr\/wp-content\/uploads\/2023\/12\/Intenz_Logo_sans_fond.png","contentUrl":"https:\/\/intenz.fr\/wp-content\/uploads\/2023\/12\/Intenz_Logo_sans_fond.png","width":1920,"height":1080,"caption":"InTenz"},"image":{"@id":"https:\/\/intenz.fr\/#\/schema\/logo\/image\/"},"sameAs":["https:\/\/www.linkedin.com\/company\/intenz-groupe-codilog\/"]}]}},"_links":{"self":[{"href":"https:\/\/intenz.fr\/index.php\/wp-json\/wp\/v2\/pages\/9","targetHints":{"allow":["GET"]}}],"collection":[{"href":"https:\/\/intenz.fr\/index.php\/wp-json\/wp\/v2\/pages"}],"about":[{"href":"https:\/\/intenz.fr\/index.php\/wp-json\/wp\/v2\/types\/page"}],"author":[{"embeddable":true,"href":"https:\/\/intenz.fr\/index.php\/wp-json\/wp\/v2\/users\/1"}],"replies":[{"embeddable":true,"href":"https:\/\/intenz.fr\/index.php\/wp-json\/wp\/v2\/comments?post=9"}],"version-history":[{"count":389,"href":"https:\/\/intenz.fr\/index.php\/wp-json\/wp\/v2\/pages\/9\/revisions"}],"predecessor-version":[{"id":1298,"href":"https:\/\/intenz.fr\/index.php\/wp-json\/wp\/v2\/pages\/9\/revisions\/1298"}],"wp:attachment":[{"href":"https:\/\/intenz.fr\/index.php\/wp-json\/wp\/v2\/media?parent=9"}],"curies":[{"name":"wp","href":"https:\/\/api.w.org\/{rel}","templated":true}]}}