{"id":970,"date":"2023-12-21T20:55:53","date_gmt":"2023-12-21T19:55:53","guid":{"rendered":"https:\/\/i-workspace.ovh\/?page_id=970"},"modified":"2024-01-02T17:18:14","modified_gmt":"2024-01-02T16:18:14","slug":"process-mining","status":"publish","type":"page","link":"https:\/\/intenz.fr\/index.php\/process-mining\/","title":{"rendered":"Process-mining"},"content":{"rendered":"\t\t<div data-elementor-type=\"wp-page\" data-elementor-id=\"970\" class=\"elementor elementor-970\">\n\t\t\t\t<div class=\"elementor-element elementor-element-1344995 e-flex e-con-boxed e-con e-parent\" data-id=\"1344995\" data-element_type=\"container\">\n\t\t\t\t\t<div class=\"e-con-inner\">\n\t\t\t\t<div class=\"elementor-element elementor-element-680637e elementor-widget__width-inherit elementor-widget elementor-widget-heading\" data-id=\"680637e\" data-element_type=\"widget\" data-widget_type=\"heading.default\">\n\t\t\t\t<div class=\"elementor-widget-container\">\n\t\t\t\t\t<h2 class=\"elementor-heading-title elementor-size-default\">\u00ab Process Mining : l\u2019art de transformer les donn\u00e9es en actions strat\u00e9giques \u00bb<\/h2>\t\t\t\t<\/div>\n\t\t\t\t<\/div>\n\t\t\t\t\t<\/div>\n\t\t\t\t<\/div>\n\t\t<div class=\"elementor-element elementor-element-947d118 e-con-full e-flex e-con e-parent\" data-id=\"947d118\" data-element_type=\"container\" data-settings=\"{&quot;background_background&quot;:&quot;classic&quot;}\">\n\t\t<div class=\"elementor-element elementor-element-8ecebfb e-con-full e-flex e-con e-child\" data-id=\"8ecebfb\" data-element_type=\"container\">\n\t\t<div class=\"elementor-element elementor-element-f958ebc e-con-full e-flex e-con e-child\" data-id=\"f958ebc\" data-element_type=\"container\">\n\t\t\t\t<div class=\"elementor-element elementor-element-e529e93 elementor-widget elementor-widget-text-editor\" data-id=\"e529e93\" data-element_type=\"widget\" data-widget_type=\"text-editor.default\">\n\t\t\t\t<div class=\"elementor-widget-container\">\n\t\t\t\t\t\t\t\t\t<p>Le process mining est utilis\u00e9 par les entreprises pour analyser, surveiller et am\u00e9liorer leurs processus op\u00e9rationnels.<\/p>\t\t\t\t\t\t\t\t<\/div>\n\t\t\t\t<\/div>\n\t\t\t\t<\/div>\n\t\t<div class=\"elementor-element elementor-element-ea200fc e-con-full e-flex e-con e-child\" data-id=\"ea200fc\" data-element_type=\"container\">\n\t\t<div class=\"elementor-element elementor-element-bf77a08 e-con-full e-flex e-con e-child\" data-id=\"bf77a08\" data-element_type=\"container\">\n\t\t\t\t<div class=\"elementor-element elementor-element-a459b9d elementor-widget__width-initial elementor-widget elementor-widget-text-editor\" data-id=\"a459b9d\" data-element_type=\"widget\" data-widget_type=\"text-editor.default\">\n\t\t\t\t<div class=\"elementor-widget-container\">\n\t\t\t\t\t\t\t\t\t<p><span style=\"color: #e3ac2b;\"><strong>Visualisation des processus<\/strong> <\/span>: Le process mining permet de cartographier visuellement les processus m\u00e9tiers tels qu&rsquo;ils se d\u00e9roulent r\u00e9ellement, en utilisant des donn\u00e9es transactionnelles. Cela offre une vue claire et d\u00e9taill\u00e9e des flux op\u00e9rationnels, des \u00e9tapes cl\u00e9s et des interactions entre les syst\u00e8mes et les acteurs.<\/p>\t\t\t\t\t\t\t\t<\/div>\n\t\t\t\t<\/div>\n\t\t\t\t<\/div>\n\t\t<div class=\"elementor-element elementor-element-28705ed e-con-full e-flex e-con e-child\" data-id=\"28705ed\" data-element_type=\"container\">\n\t\t\t\t<div class=\"elementor-element elementor-element-2c9ecf6 elementor-widget__width-initial elementor-widget elementor-widget-text-editor\" data-id=\"2c9ecf6\" data-element_type=\"widget\" data-widget_type=\"text-editor.default\">\n\t\t\t\t<div class=\"elementor-widget-container\">\n\t\t\t\t\t\t\t\t\t<span style=\"color: #E3AC2B;\"><strong>Identification des inefficacit\u00e9s<\/strong><\/span> : En analysant les donn\u00e9es r\u00e9elles, le process mining r\u00e9v\u00e8le les goulots d&rsquo;\u00e9tranglement, les retards, les boucles inutiles ou les \u00e9tapes redondantes dans les processus. Cela aide \u00e0 identifier les inefficacit\u00e9s et les opportunit\u00e9s d&rsquo;optimisation.\t\t\t\t\t\t\t\t<\/div>\n\t\t\t\t<\/div>\n\t\t\t\t<\/div>\n\t\t\t\t<\/div>\n\t\t<div class=\"elementor-element elementor-element-38fcd39 e-con-full e-flex e-con e-child\" data-id=\"38fcd39\" data-element_type=\"container\">\n\t\t<div class=\"elementor-element elementor-element-091cc93 e-con-full e-flex e-con e-child\" data-id=\"091cc93\" data-element_type=\"container\">\n\t\t\t\t<div class=\"elementor-element elementor-element-b1dec10 elementor-widget__width-initial elementor-widget elementor-widget-text-editor\" data-id=\"b1dec10\" data-element_type=\"widget\" data-widget_type=\"text-editor.default\">\n\t\t\t\t<div class=\"elementor-widget-container\">\n\t\t\t\t\t\t\t\t\t<p><strong><span style=\"color: #e3ac2b;\">Analyse de la conformit\u00e9 <\/span><\/strong>: En comparant les processus r\u00e9els aux normes ou aux r\u00e8glementations en vigueur, le process mining permet de d\u00e9tecter les non-conformit\u00e9s. Cela aide les entreprises \u00e0 se conformer aux exigences l\u00e9gales et \u00e0 r\u00e9duire les risques de non-respect.<\/p>\t\t\t\t\t\t\t\t<\/div>\n\t\t\t\t<\/div>\n\t\t\t\t<\/div>\n\t\t<div class=\"elementor-element elementor-element-d1a8c8d e-con-full e-flex e-con e-child\" data-id=\"d1a8c8d\" data-element_type=\"container\">\n\t\t\t\t<div class=\"elementor-element elementor-element-4257884 elementor-widget__width-initial elementor-widget elementor-widget-text-editor\" data-id=\"4257884\" data-element_type=\"widget\" data-widget_type=\"text-editor.default\">\n\t\t\t\t<div class=\"elementor-widget-container\">\n\t\t\t\t\t\t\t\t\t<span style=\"color: #E3AC2B;\"><strong>Optimisation continue<\/strong><\/span> : En surveillant en temps r\u00e9el les processus, le process mining permet une am\u00e9lioration continue. Les entreprises peuvent d\u00e9tecter rapidement les d\u00e9viations par rapport aux normes ou aux performances attendues, leur permettant ainsi d&rsquo;apporter des ajustements et d&rsquo;optimiser constamment leurs op\u00e9rations.\t\t\t\t\t\t\t\t<\/div>\n\t\t\t\t<\/div>\n\t\t\t\t<\/div>\n\t\t\t\t<\/div>\n\t\t<div class=\"elementor-element elementor-element-ad8fe79 e-con-full e-flex e-con e-child\" data-id=\"ad8fe79\" data-element_type=\"container\">\n\t\t<div class=\"elementor-element elementor-element-6cbddca e-con-full e-flex e-con e-child\" data-id=\"6cbddca\" data-element_type=\"container\">\n\t\t\t\t<div class=\"elementor-element elementor-element-3f8d45f elementor-widget__width-initial elementor-widget elementor-widget-text-editor\" data-id=\"3f8d45f\" data-element_type=\"widget\" data-widget_type=\"text-editor.default\">\n\t\t\t\t<div class=\"elementor-widget-container\">\n\t\t\t\t\t\t\t\t\t<p><strong><span style=\"color: #e3ac2b;\">Prise de d\u00e9cision bas\u00e9e sur les donn\u00e9es <\/span><\/strong>: En s&rsquo;appuyant sur des donn\u00e9es r\u00e9elles et pr\u00e9cises, le process mining offre une base solide pour la prise de d\u00e9cision. Cela permet aux gestionnaires et aux d\u00e9cideurs d&rsquo;avoir une meilleure compr\u00e9hension des processus et de prendre des d\u00e9cisions \u00e9clair\u00e9es pour l&rsquo;optimisation et la croissance de l&rsquo;entreprise.<\/p>\t\t\t\t\t\t\t\t<\/div>\n\t\t\t\t<\/div>\n\t\t\t\t<\/div>\n\t\t<div class=\"elementor-element elementor-element-d5c46f0 e-con-full e-flex e-con e-child\" data-id=\"d5c46f0\" data-element_type=\"container\">\n\t\t\t\t<div class=\"elementor-element elementor-element-0339ebd elementor-widget__width-initial elementor-widget elementor-widget-text-editor\" data-id=\"0339ebd\" data-element_type=\"widget\" data-widget_type=\"text-editor.default\">\n\t\t\t\t<div class=\"elementor-widget-container\">\n\t\t\t\t\t\t\t\t\t<p><span style=\"color: #e3ac2b;\"><strong>Int\u00e9gration avec d&rsquo;autres technologies<\/strong><\/span> : Le process mining peut \u00eatre int\u00e9gr\u00e9 \u00e0 d&rsquo;autres technologies telles que l&rsquo;intelligence artificielle, l&rsquo;apprentissage automatique ou les syst\u00e8mes de gestion d&rsquo;entreprise (ERP), renfor\u00e7ant ainsi sa capacit\u00e9 \u00e0 offrir des analyses avanc\u00e9es et des recommandations pr\u00e9cieuses.<\/p>\t\t\t\t\t\t\t\t<\/div>\n\t\t\t\t<\/div>\n\t\t\t\t<\/div>\n\t\t\t\t<\/div>\n\t\t\t\t<\/div>\n\t\t\t\t<\/div>\n\t\t<div class=\"elementor-element elementor-element-1b25630 e-flex e-con-boxed e-con e-parent\" data-id=\"1b25630\" data-element_type=\"container\">\n\t\t\t\t\t<div class=\"e-con-inner\">\n\t\t\t\t<div class=\"elementor-element elementor-element-855f290 elementor-widget elementor-widget-heading\" data-id=\"855f290\" data-element_type=\"widget\" data-widget_type=\"heading.default\">\n\t\t\t\t<div class=\"elementor-widget-container\">\n\t\t\t\t\t<h3 class=\"elementor-heading-title elementor-size-default\">Notre Savoir-Faire avec SAP Signavio, leader des outils de Process Mining<\/h3>\t\t\t\t<\/div>\n\t\t\t\t<\/div>\n\t\t\t\t<div class=\"elementor-element elementor-element-28ffeee elementor-widget elementor-widget-text-editor\" data-id=\"28ffeee\" data-element_type=\"widget\" data-widget_type=\"text-editor.default\">\n\t\t\t\t<div class=\"elementor-widget-container\">\n\t\t\t\t\t\t\t\t\t<p style=\"text-align: center;\"><strong>SAP Signavio est une plateforme de gestion des processus m\u00e9tiers (BPM) de premier plan, offrant des solutions compl\u00e8tes pour cartographier, analyser et optimiser les processus op\u00e9rationnels. Gr\u00e2ce \u00e0 des outils avanc\u00e9s de process mining, de mod\u00e9lisation visuelle et de collaboration, SAP Signavio permet aux entreprises de visualiser et d&rsquo;optimiser leurs flux de travail, identifiant les inefficacit\u00e9s, am\u00e9liorant la conformit\u00e9 et favorisant une prise de d\u00e9cision \u00e9clair\u00e9e. Cette plateforme, int\u00e9gr\u00e9e \u00e0 l&rsquo;\u00e9cosyst\u00e8me SAP, offre une approche holistique pour une transformation efficace des processus et une agilit\u00e9 op\u00e9rationnelle accrue.<\/strong><\/p>\t\t\t\t\t\t\t\t<\/div>\n\t\t\t\t<\/div>\n\t\t\t\t\t<\/div>\n\t\t\t\t<\/div>\n\t\t<div class=\"elementor-element elementor-element-91408a8 e-flex e-con-boxed e-con e-parent\" data-id=\"91408a8\" data-element_type=\"container\">\n\t\t\t\t\t<div class=\"e-con-inner\">\n\t\t\t\t<div class=\"elementor-element elementor-element-9e54b7d elementor-widget elementor-widget-heading\" data-id=\"9e54b7d\" data-element_type=\"widget\" data-widget_type=\"heading.default\">\n\t\t\t\t<div class=\"elementor-widget-container\">\n\t\t\t\t\t<h3 class=\"elementor-heading-title elementor-size-default\">Notre Expertise du Process Mining<\/h3>\t\t\t\t<\/div>\n\t\t\t\t<\/div>\n\t\t\t\t\t<\/div>\n\t\t\t\t<\/div>\n\t\t<div class=\"elementor-element elementor-element-9888808 e-flex e-con-boxed e-con e-parent\" data-id=\"9888808\" data-element_type=\"container\">\n\t\t\t\t\t<div class=\"e-con-inner\">\n\t\t<div class=\"elementor-element elementor-element-13d5201 e-con-full e-flex e-con e-child\" data-id=\"13d5201\" data-element_type=\"container\">\n\t\t<div class=\"elementor-element elementor-element-5fca440 e-flex e-con-boxed e-con e-child\" data-id=\"5fca440\" data-element_type=\"container\" data-settings=\"{&quot;background_background&quot;:&quot;classic&quot;}\">\n\t\t\t\t\t<div class=\"e-con-inner\">\n\t\t\t\t<div class=\"elementor-element elementor-element-ee9084f elementor-widget elementor-widget-heading\" data-id=\"ee9084f\" data-element_type=\"widget\" data-widget_type=\"heading.default\">\n\t\t\t\t<div class=\"elementor-widget-container\">\n\t\t\t\t\t<h4 class=\"elementor-heading-title elementor-size-default\">Mod\u00e9lisation th\u00e9orique des processus<\/h4>\t\t\t\t<\/div>\n\t\t\t\t<\/div>\n\t\t\t\t\t<\/div>\n\t\t\t\t<\/div>\n\t\t\t\t<div class=\"elementor-element elementor-element-e27bd36 elementor-widget elementor-widget-text-editor\" data-id=\"e27bd36\" data-element_type=\"widget\" data-widget_type=\"text-editor.default\">\n\t\t\t\t<div class=\"elementor-widget-container\">\n\t\t\t\t\t\t\t\t\t<p>Utilisez les outils de mod\u00e9lisation visuelle de Signavio pour repr\u00e9senter graphiquement les processus m\u00e9tiers. Cr\u00e9ez des diagrammes de processus pour chaque flux op\u00e9rationnel, en identifiant les t\u00e2ches, les \u00e9tapes, les acteurs, les d\u00e9cisions et les interactions entre les syst\u00e8mes et\/ou les acteurs<\/p>\t\t\t\t\t\t\t\t<\/div>\n\t\t\t\t<\/div>\n\t\t\t\t<\/div>\n\t\t<div class=\"elementor-element elementor-element-b17a5ae e-con-full e-flex e-con e-child\" data-id=\"b17a5ae\" data-element_type=\"container\">\n\t\t<div class=\"elementor-element elementor-element-46676c5 e-flex e-con-boxed e-con e-child\" data-id=\"46676c5\" data-element_type=\"container\" data-settings=\"{&quot;background_background&quot;:&quot;classic&quot;}\">\n\t\t\t\t\t<div class=\"e-con-inner\">\n\t\t\t\t<div class=\"elementor-element elementor-element-c641ac6 elementor-widget elementor-widget-heading\" data-id=\"c641ac6\" data-element_type=\"widget\" data-widget_type=\"heading.default\">\n\t\t\t\t<div class=\"elementor-widget-container\">\n\t\t\t\t\t<h4 class=\"elementor-heading-title elementor-size-default\">Transformation des donn\u00e9es\n<br> <br><\/h4>\t\t\t\t<\/div>\n\t\t\t\t<\/div>\n\t\t\t\t\t<\/div>\n\t\t\t\t<\/div>\n\t\t\t\t<div class=\"elementor-element elementor-element-a84ba25 elementor-widget elementor-widget-text-editor\" data-id=\"a84ba25\" data-element_type=\"widget\" data-widget_type=\"text-editor.default\">\n\t\t\t\t<div class=\"elementor-widget-container\">\n\t\t\t\t\t\t\t\t\t<p>Etape qui consiste \u00e0 collecter les donn\u00e9es pertinentes des syst\u00e8mes d&rsquo;entreprise. Une fois les donn\u00e9es collect\u00e9es, elles doivent \u00eatre nettoy\u00e9es, filtr\u00e9es et pr\u00e9par\u00e9es pour l&rsquo;analyse. Cette \u00e9tape implique souvent la consolidation de diff\u00e9rentes sources de donn\u00e9es et la mise en forme pour une utilisation dans Signavio.<\/p>\t\t\t\t\t\t\t\t<\/div>\n\t\t\t\t<\/div>\n\t\t\t\t<\/div>\n\t\t<div class=\"elementor-element elementor-element-ad9b55d e-con-full e-flex e-con e-child\" data-id=\"ad9b55d\" data-element_type=\"container\">\n\t\t<div class=\"elementor-element elementor-element-e9ebab5 e-flex e-con-boxed e-con e-child\" data-id=\"e9ebab5\" data-element_type=\"container\" data-settings=\"{&quot;background_background&quot;:&quot;classic&quot;}\">\n\t\t\t\t\t<div class=\"e-con-inner\">\n\t\t\t\t<div class=\"elementor-element elementor-element-61b8c24 elementor-widget elementor-widget-heading\" data-id=\"61b8c24\" data-element_type=\"widget\" data-widget_type=\"heading.default\">\n\t\t\t\t<div class=\"elementor-widget-container\">\n\t\t\t\t\t<h4 class=\"elementor-heading-title elementor-size-default\">Analyse des processus\n<br> <br><\/h4>\t\t\t\t<\/div>\n\t\t\t\t<\/div>\n\t\t\t\t\t<\/div>\n\t\t\t\t<\/div>\n\t\t\t\t<div class=\"elementor-element elementor-element-bd2cb66 elementor-widget elementor-widget-text-editor\" data-id=\"bd2cb66\" data-element_type=\"widget\" data-widget_type=\"text-editor.default\">\n\t\t\t\t<div class=\"elementor-widget-container\">\n\t\t\t\t\t\t\t\t\t<p>Appliquez les fonctionnalit\u00e9s de process mining de Signavio pour analyser les donn\u00e9es collect\u00e9es. Identifiez les mod\u00e8les, les tendances, les variations et les inefficacit\u00e9s dans les processus. Cela peut inclure la d\u00e9tection de goulots d&rsquo;\u00e9tranglement, de temps d&rsquo;attente, de boucles inutiles, etc.<\/p>\t\t\t\t\t\t\t\t<\/div>\n\t\t\t\t<\/div>\n\t\t\t\t<\/div>\n\t\t<div class=\"elementor-element elementor-element-ac74f19 e-con-full e-flex e-con e-child\" data-id=\"ac74f19\" data-element_type=\"container\">\n\t\t<div class=\"elementor-element elementor-element-938c57c e-flex e-con-boxed e-con e-child\" data-id=\"938c57c\" data-element_type=\"container\" data-settings=\"{&quot;background_background&quot;:&quot;classic&quot;}\">\n\t\t\t\t\t<div class=\"e-con-inner\">\n\t\t\t\t<div class=\"elementor-element elementor-element-b29cfb1 elementor-widget elementor-widget-heading\" data-id=\"b29cfb1\" data-element_type=\"widget\" data-widget_type=\"heading.default\">\n\t\t\t\t<div class=\"elementor-widget-container\">\n\t\t\t\t\t<h4 class=\"elementor-heading-title elementor-size-default\">Visualisation des r\u00e9sultats\n<br> <br><\/h4>\t\t\t\t<\/div>\n\t\t\t\t<\/div>\n\t\t\t\t\t<\/div>\n\t\t\t\t<\/div>\n\t\t\t\t<div class=\"elementor-element elementor-element-fd5839b elementor-widget elementor-widget-text-editor\" data-id=\"fd5839b\" data-element_type=\"widget\" data-widget_type=\"text-editor.default\">\n\t\t\t\t<div class=\"elementor-widget-container\">\n\t\t\t\t\t\t\t\t\t<p>Utilisez les capacit\u00e9s de visualisation de Signavio pour pr\u00e9senter les r\u00e9sultats de mani\u00e8re compr\u00e9hensible et significative. Des graphiques, des tableaux de bord et des rapports peuvent \u00eatre cr\u00e9\u00e9s pour illustrer les performances des processus et les zones \u00e0 am\u00e9liorer.<\/p>\t\t\t\t\t\t\t\t<\/div>\n\t\t\t\t<\/div>\n\t\t\t\t<\/div>\n\t\t<div class=\"elementor-element elementor-element-7517e1f e-con-full e-flex e-con e-child\" data-id=\"7517e1f\" data-element_type=\"container\">\n\t\t<div class=\"elementor-element elementor-element-f39e694 e-flex e-con-boxed e-con e-child\" data-id=\"f39e694\" data-element_type=\"container\" data-settings=\"{&quot;background_background&quot;:&quot;classic&quot;}\">\n\t\t\t\t\t<div class=\"e-con-inner\">\n\t\t\t\t<div class=\"elementor-element elementor-element-2676e81 elementor-widget elementor-widget-heading\" data-id=\"2676e81\" data-element_type=\"widget\" data-widget_type=\"heading.default\">\n\t\t\t\t<div class=\"elementor-widget-container\">\n\t\t\t\t\t<h4 class=\"elementor-heading-title elementor-size-default\">Optimisation continue\n<br> <br><\/h4>\t\t\t\t<\/div>\n\t\t\t\t<\/div>\n\t\t\t\t\t<\/div>\n\t\t\t\t<\/div>\n\t\t\t\t<div class=\"elementor-element elementor-element-49dd353 elementor-widget elementor-widget-text-editor\" data-id=\"49dd353\" data-element_type=\"widget\" data-widget_type=\"text-editor.default\">\n\t\t\t\t<div class=\"elementor-widget-container\">\n\t\t\t\t\t\t\t\t\t<p>Le process mining n&rsquo;est pas statique. Il n\u00e9cessite une surveillance continue pour s&rsquo;assurer que les am\u00e9liorations sont efficaces et que les processus restent performants. Signavio permet cette surveillance en temps r\u00e9el pour maintenir une optimisation continue.<\/p>\t\t\t\t\t\t\t\t<\/div>\n\t\t\t\t<\/div>\n\t\t\t\t<\/div>\n\t\t\t\t\t<\/div>\n\t\t\t\t<\/div>\n\t\t\t\t<\/div>\n\t\t","protected":false},"excerpt":{"rendered":"<p>\u00ab Process Mining : l\u2019art de transformer les donn\u00e9es en actions strat\u00e9giques \u00bb Le process mining est utilis\u00e9 par les entreprises pour analyser, surveiller et am\u00e9liorer leurs processus op\u00e9rationnels. Visualisation des processus : Le process mining permet de cartographier visuellement les processus m\u00e9tiers tels qu&rsquo;ils se d\u00e9roulent r\u00e9ellement, en utilisant des donn\u00e9es transactionnelles. Cela offre&hellip;&nbsp;<a href=\"https:\/\/intenz.fr\/index.php\/process-mining\/\" class=\"\" rel=\"bookmark\">Lire la suite &raquo;<span class=\"screen-reader-text\">Process-mining<\/span><\/a><\/p>\n","protected":false},"author":1,"featured_media":0,"parent":0,"menu_order":0,"comment_status":"closed","ping_status":"closed","template":"page-templates\/template-pagebuilder-full-width.php","meta":{"neve_meta_sidebar":"","neve_meta_container":"","neve_meta_enable_content_width":"","neve_meta_content_width":0,"neve_meta_title_alignment":"","neve_meta_author_avatar":"","neve_post_elements_order":"","neve_meta_disable_header":"","neve_meta_disable_footer":"","neve_meta_disable_title":"","footnotes":""},"class_list":["post-970","page","type-page","status-publish","hentry"],"yoast_head":"<!-- This site is optimized with the Yoast SEO plugin v24.1 - https:\/\/yoast.com\/wordpress\/plugins\/seo\/ -->\n<title>Process-mining - InTenz<\/title>\n<meta name=\"robots\" content=\"index, follow, max-snippet:-1, max-image-preview:large, max-video-preview:-1\" \/>\n<link rel=\"canonical\" href=\"https:\/\/intenz.fr\/index.php\/process-mining\/\" \/>\n<meta property=\"og:locale\" content=\"fr_FR\" \/>\n<meta property=\"og:type\" content=\"article\" \/>\n<meta property=\"og:title\" content=\"Process-mining - InTenz\" \/>\n<meta property=\"og:description\" content=\"\u00ab Process Mining : l\u2019art de transformer les donn\u00e9es en actions strat\u00e9giques \u00bb Le process mining est utilis\u00e9 par les entreprises pour analyser, surveiller et am\u00e9liorer leurs processus op\u00e9rationnels. Visualisation des processus : Le process mining permet de cartographier visuellement les processus m\u00e9tiers tels qu&rsquo;ils se d\u00e9roulent r\u00e9ellement, en utilisant des donn\u00e9es transactionnelles. Cela offre&hellip;&nbsp;Lire la suite &raquo;Process-mining\" \/>\n<meta property=\"og:url\" content=\"https:\/\/intenz.fr\/index.php\/process-mining\/\" \/>\n<meta property=\"og:site_name\" content=\"InTenz\" \/>\n<meta property=\"article:modified_time\" content=\"2024-01-02T16:18:14+00:00\" \/>\n<meta name=\"twitter:card\" content=\"summary_large_image\" \/>\n<meta name=\"twitter:label1\" content=\"Dur\u00e9e de lecture estim\u00e9e\" \/>\n\t<meta name=\"twitter:data1\" content=\"4 minutes\" \/>\n<script type=\"application\/ld+json\" class=\"yoast-schema-graph\">{\"@context\":\"https:\/\/schema.org\",\"@graph\":[{\"@type\":\"WebPage\",\"@id\":\"https:\/\/intenz.fr\/index.php\/process-mining\/\",\"url\":\"https:\/\/intenz.fr\/index.php\/process-mining\/\",\"name\":\"Process-mining - InTenz\",\"isPartOf\":{\"@id\":\"https:\/\/intenz.fr\/#website\"},\"datePublished\":\"2023-12-21T19:55:53+00:00\",\"dateModified\":\"2024-01-02T16:18:14+00:00\",\"breadcrumb\":{\"@id\":\"https:\/\/intenz.fr\/index.php\/process-mining\/#breadcrumb\"},\"inLanguage\":\"fr-FR\",\"potentialAction\":[{\"@type\":\"ReadAction\",\"target\":[\"https:\/\/intenz.fr\/index.php\/process-mining\/\"]}]},{\"@type\":\"BreadcrumbList\",\"@id\":\"https:\/\/intenz.fr\/index.php\/process-mining\/#breadcrumb\",\"itemListElement\":[{\"@type\":\"ListItem\",\"position\":1,\"name\":\"Accueil\",\"item\":\"https:\/\/intenz.fr\/\"},{\"@type\":\"ListItem\",\"position\":2,\"name\":\"Process-mining\"}]},{\"@type\":\"WebSite\",\"@id\":\"https:\/\/intenz.fr\/#website\",\"url\":\"https:\/\/intenz.fr\/\",\"name\":\"InTenz\",\"description\":\"\",\"publisher\":{\"@id\":\"https:\/\/intenz.fr\/#organization\"},\"potentialAction\":[{\"@type\":\"SearchAction\",\"target\":{\"@type\":\"EntryPoint\",\"urlTemplate\":\"https:\/\/intenz.fr\/?s={search_term_string}\"},\"query-input\":{\"@type\":\"PropertyValueSpecification\",\"valueRequired\":true,\"valueName\":\"search_term_string\"}}],\"inLanguage\":\"fr-FR\"},{\"@type\":\"Organization\",\"@id\":\"https:\/\/intenz.fr\/#organization\",\"name\":\"InTenz\",\"url\":\"https:\/\/intenz.fr\/\",\"logo\":{\"@type\":\"ImageObject\",\"inLanguage\":\"fr-FR\",\"@id\":\"https:\/\/intenz.fr\/#\/schema\/logo\/image\/\",\"url\":\"https:\/\/intenz.fr\/wp-content\/uploads\/2023\/12\/Intenz_Logo_sans_fond.png\",\"contentUrl\":\"https:\/\/intenz.fr\/wp-content\/uploads\/2023\/12\/Intenz_Logo_sans_fond.png\",\"width\":1920,\"height\":1080,\"caption\":\"InTenz\"},\"image\":{\"@id\":\"https:\/\/intenz.fr\/#\/schema\/logo\/image\/\"},\"sameAs\":[\"https:\/\/www.linkedin.com\/company\/intenz-groupe-codilog\/\"]}]}<\/script>\n<!-- \/ Yoast SEO plugin. -->","yoast_head_json":{"title":"Process-mining - InTenz","robots":{"index":"index","follow":"follow","max-snippet":"max-snippet:-1","max-image-preview":"max-image-preview:large","max-video-preview":"max-video-preview:-1"},"canonical":"https:\/\/intenz.fr\/index.php\/process-mining\/","og_locale":"fr_FR","og_type":"article","og_title":"Process-mining - InTenz","og_description":"\u00ab Process Mining : l\u2019art de transformer les donn\u00e9es en actions strat\u00e9giques \u00bb Le process mining est utilis\u00e9 par les entreprises pour analyser, surveiller et am\u00e9liorer leurs processus op\u00e9rationnels. Visualisation des processus : Le process mining permet de cartographier visuellement les processus m\u00e9tiers tels qu&rsquo;ils se d\u00e9roulent r\u00e9ellement, en utilisant des donn\u00e9es transactionnelles. Cela offre&hellip;&nbsp;Lire la suite &raquo;Process-mining","og_url":"https:\/\/intenz.fr\/index.php\/process-mining\/","og_site_name":"InTenz","article_modified_time":"2024-01-02T16:18:14+00:00","twitter_card":"summary_large_image","twitter_misc":{"Dur\u00e9e de lecture estim\u00e9e":"4 minutes"},"schema":{"@context":"https:\/\/schema.org","@graph":[{"@type":"WebPage","@id":"https:\/\/intenz.fr\/index.php\/process-mining\/","url":"https:\/\/intenz.fr\/index.php\/process-mining\/","name":"Process-mining - InTenz","isPartOf":{"@id":"https:\/\/intenz.fr\/#website"},"datePublished":"2023-12-21T19:55:53+00:00","dateModified":"2024-01-02T16:18:14+00:00","breadcrumb":{"@id":"https:\/\/intenz.fr\/index.php\/process-mining\/#breadcrumb"},"inLanguage":"fr-FR","potentialAction":[{"@type":"ReadAction","target":["https:\/\/intenz.fr\/index.php\/process-mining\/"]}]},{"@type":"BreadcrumbList","@id":"https:\/\/intenz.fr\/index.php\/process-mining\/#breadcrumb","itemListElement":[{"@type":"ListItem","position":1,"name":"Accueil","item":"https:\/\/intenz.fr\/"},{"@type":"ListItem","position":2,"name":"Process-mining"}]},{"@type":"WebSite","@id":"https:\/\/intenz.fr\/#website","url":"https:\/\/intenz.fr\/","name":"InTenz","description":"","publisher":{"@id":"https:\/\/intenz.fr\/#organization"},"potentialAction":[{"@type":"SearchAction","target":{"@type":"EntryPoint","urlTemplate":"https:\/\/intenz.fr\/?s={search_term_string}"},"query-input":{"@type":"PropertyValueSpecification","valueRequired":true,"valueName":"search_term_string"}}],"inLanguage":"fr-FR"},{"@type":"Organization","@id":"https:\/\/intenz.fr\/#organization","name":"InTenz","url":"https:\/\/intenz.fr\/","logo":{"@type":"ImageObject","inLanguage":"fr-FR","@id":"https:\/\/intenz.fr\/#\/schema\/logo\/image\/","url":"https:\/\/intenz.fr\/wp-content\/uploads\/2023\/12\/Intenz_Logo_sans_fond.png","contentUrl":"https:\/\/intenz.fr\/wp-content\/uploads\/2023\/12\/Intenz_Logo_sans_fond.png","width":1920,"height":1080,"caption":"InTenz"},"image":{"@id":"https:\/\/intenz.fr\/#\/schema\/logo\/image\/"},"sameAs":["https:\/\/www.linkedin.com\/company\/intenz-groupe-codilog\/"]}]}},"_links":{"self":[{"href":"https:\/\/intenz.fr\/index.php\/wp-json\/wp\/v2\/pages\/970","targetHints":{"allow":["GET"]}}],"collection":[{"href":"https:\/\/intenz.fr\/index.php\/wp-json\/wp\/v2\/pages"}],"about":[{"href":"https:\/\/intenz.fr\/index.php\/wp-json\/wp\/v2\/types\/page"}],"author":[{"embeddable":true,"href":"https:\/\/intenz.fr\/index.php\/wp-json\/wp\/v2\/users\/1"}],"replies":[{"embeddable":true,"href":"https:\/\/intenz.fr\/index.php\/wp-json\/wp\/v2\/comments?post=970"}],"version-history":[{"count":35,"href":"https:\/\/intenz.fr\/index.php\/wp-json\/wp\/v2\/pages\/970\/revisions"}],"predecessor-version":[{"id":1246,"href":"https:\/\/intenz.fr\/index.php\/wp-json\/wp\/v2\/pages\/970\/revisions\/1246"}],"wp:attachment":[{"href":"https:\/\/intenz.fr\/index.php\/wp-json\/wp\/v2\/media?parent=970"}],"curies":[{"name":"wp","href":"https:\/\/api.w.org\/{rel}","templated":true}]}}